{"id":248,"date":"2018-09-26T14:58:17","date_gmt":"2018-09-26T14:58:17","guid":{"rendered":"https:\/\/balanzera.no\/?page_id=248"},"modified":"2023-11-20T10:41:14","modified_gmt":"2023-11-20T10:41:14","slug":"bli-ny-dag","status":"publish","type":"page","link":"https:\/\/balanzera.no\/nn\/bli-ny-dag\/","title":{"rendered":"Bli ny dag"},"content":{"rendered":"<p>[et_pb_section fb_built=&raquo;1&#8243; admin_label=&raquo;Hero&raquo; _builder_version=&raquo;4.16&#8243; background_image=&raquo;https:\/\/balanzera.no\/wp-content\/uploads\/2018\/09\/background-texture.jpg&raquo; background_blend=&raquo;multiply&raquo; custom_padding=&raquo;|||&raquo; animation_style=&raquo;zoom&raquo; animation_intensity_zoom=&raquo;4%&raquo; global_colors_info=&raquo;{}&raquo;][et_pb_row _builder_version=&raquo;4.16&#8243; background_size=&raquo;initial&raquo; background_position=&raquo;top_left&raquo; background_repeat=&raquo;repeat&raquo; background_blend=&raquo;multiply&raquo; custom_padding=&raquo;|||&raquo; animation_style=&raquo;slide&raquo; animation_direction=&raquo;top&raquo; animation_intensity_slide=&raquo;3%&raquo; global_colors_info=&raquo;{}&raquo;][et_pb_column type=&raquo;4_4&#8243; _builder_version=&raquo;4.16&#8243; custom_padding=&raquo;|||&raquo; global_colors_info=&raquo;{}&raquo; custom_padding__hover=&raquo;|||&raquo;][et_pb_text _builder_version=&raquo;4.16&#8243; header_font=&raquo;Playfair Display||||||||dotted&raquo; header_text_color=&raquo;#353740&#8243; header_font_size=&raquo;60px&raquo; header_line_height=&raquo;1.3em&raquo; background_size=&raquo;initial&raquo; background_position=&raquo;top_left&raquo; background_repeat=&raquo;repeat&raquo; custom_margin=&raquo;|||&raquo; animation_style=&raquo;fade&raquo; header_font_size_last_edited=&raquo;off|desktop&raquo; locked=&raquo;off&raquo; global_colors_info=&raquo;{}&raquo;]<\/p>\n<h1>Bli ny dag<\/h1>\n<p>[\/et_pb_text][et_pb_divider color=&raquo;#00584e&raquo; divider_weight=&raquo;6px&raquo; disabled_on=&raquo;on|on|off%22&#8243; _builder_version=&raquo;4.16&#8243; max_width=&raquo;120px&raquo; animation_style=&raquo;slide&raquo; animation_direction=&raquo;top&raquo; animation_intensity_slide=&raquo;30%&raquo; global_colors_info=&raquo;{}&raquo;][\/et_pb_divider][\/et_pb_column][\/et_pb_row][\/et_pb_section][et_pb_section fb_built=&raquo;1&#8243; admin_label=&raquo;Features&raquo; _builder_version=&raquo;4.16&#8243; custom_padding=&raquo;100px|0px|0px|0px&raquo; global_colors_info=&raquo;{}&raquo;][et_pb_row column_structure=&raquo;1_2,1_2&#8243; _builder_version=&raquo;4.16&#8243; global_colors_info=&raquo;{}&raquo;][et_pb_column type=&raquo;1_2&#8243; _builder_version=&raquo;4.16&#8243; custom_padding=&raquo;|||&raquo; global_colors_info=&raquo;{}&raquo; custom_padding__hover=&raquo;|||&raquo;][et_pb_cta title=&raquo;Bestill Bli-ny-dag n\u00e5&raquo; button_url=&raquo;https:\/\/balanzera.no\/bestill-time\/&raquo; button_text=&raquo;Bestill Bli-ny-dag n\u00e5&raquo; _builder_version=&raquo;4.16&#8243; background_color=&raquo;#00584e&raquo; global_colors_info=&raquo;{}&raquo;]<\/p>\n<p>Saman skal vi finne det beste ved deg!.<\/p>\n<p>[\/et_pb_cta][et_pb_image src=&raquo;https:\/\/balanzera.no\/wp-content\/uploads\/2018\/09\/MG_5600-e1537882682164.jpg&raquo; align_tablet=&raquo;center&raquo; align_phone=&raquo;&raquo; align_last_edited=&raquo;on|desktop&raquo; _builder_version=&raquo;4.16&#8243; global_colors_info=&raquo;{}&raquo;][\/et_pb_image][et_pb_image src=&raquo;https:\/\/balanzera.no\/wp-content\/uploads\/2018\/09\/MG_1031-300&#215;200.jpg&raquo; force_fullwidth=&raquo;on&raquo; align_tablet=&raquo;center&raquo; align_phone=&raquo;&raquo; align_last_edited=&raquo;on|desktop&raquo; _builder_version=&raquo;4.16&#8243; animation_style=&raquo;slide&raquo; animation_direction=&raquo;right&raquo; animation_intensity_slide=&raquo;5%&raquo; global_colors_info=&raquo;{}&raquo;][\/et_pb_image][\/et_pb_column][et_pb_column type=&raquo;1_2&#8243; _builder_version=&raquo;4.16&#8243; custom_padding=&raquo;|||&raquo; global_colors_info=&raquo;{}&raquo; custom_padding__hover=&raquo;|||&raquo;][et_pb_cta title=&raquo;Ei indre og ytre spa-oppleving. &raquo; button_url=&raquo;#top&raquo; _builder_version=&raquo;4.16&#8243; header_font=&raquo;||||||||&raquo; header_font_size=&raquo;45px&raquo; header_line_height=&raquo;1.4em&raquo; body_font=&raquo;Montserrat|500|||||||&raquo; body_text_color=&raquo;rgba(47,56,84,0.5)&raquo; body_font_size=&raquo;16px&raquo; body_line_height=&raquo;1.9em&raquo; use_background_color=&raquo;off&raquo; custom_button=&raquo;on&raquo; button_text_size=&raquo;16px&raquo; button_text_color=&raquo;#2f3854&#8243; button_bg_color=&raquo;rgba(47,56,84,0.04)&raquo; button_border_width=&raquo;10px&raquo; button_border_color=&raquo;rgba(47,56,84,0)&raquo; button_border_radius=&raquo;60px&raquo; button_letter_spacing=&raquo;1px&raquo; button_font=&raquo;Montserrat|700||on|||||&raquo; button_use_icon=&raquo;off&raquo; button_alignment=&raquo;left&raquo; text_orientation=&raquo;left&raquo; background_layout=&raquo;light&raquo; button_text_color_hover=&raquo;#ffffff&raquo; button_border_radius_hover=&raquo;66px&raquo; button_letter_spacing_hover=&raquo;1px&raquo; button_bg_color_hover=&raquo;#2f3854&#8243; global_colors_info=&raquo;{}&raquo; button_text_size__hover_enabled=&raquo;off&raquo; button_one_text_size__hover_enabled=&raquo;off&raquo; button_two_text_size__hover_enabled=&raquo;off&raquo; button_text_color__hover_enabled=&raquo;on&raquo; button_text_color__hover=&raquo;#ffffff&raquo; button_one_text_color__hover_enabled=&raquo;off&raquo; button_two_text_color__hover_enabled=&raquo;off&raquo; button_border_width__hover_enabled=&raquo;off&raquo; button_one_border_width__hover_enabled=&raquo;off&raquo; button_two_border_width__hover_enabled=&raquo;off&raquo; button_border_color__hover_enabled=&raquo;off&raquo; button_one_border_color__hover_enabled=&raquo;off&raquo; button_two_border_color__hover_enabled=&raquo;off&raquo; button_border_radius__hover_enabled=&raquo;on&raquo; button_border_radius__hover=&raquo;66px&raquo; button_one_border_radius__hover_enabled=&raquo;off&raquo; button_two_border_radius__hover_enabled=&raquo;off&raquo; button_letter_spacing__hover_enabled=&raquo;on&raquo; button_letter_spacing__hover=&raquo;1px&raquo; button_one_letter_spacing__hover_enabled=&raquo;off&raquo; button_two_letter_spacing__hover_enabled=&raquo;off&raquo; button_bg_color__hover_enabled=&raquo;on&raquo; button_bg_color__hover=&raquo;#2f3854&#8243; button_one_bg_color__hover_enabled=&raquo;off&raquo; button_two_bg_color__hover_enabled=&raquo;off&raquo;]<\/p>\n<p dir=\"ltr\">\n<p dir=\"ltr\">Balanzera sin Bli-ny dag er ein dag kun for deg. Ein indre og ytre spa-oppleving er det vi \u00f8nskjer du skal oppleve hos oss denne dagen. Som alltid er det konsultasjonen i kombinasjon med v\u00e5r kompetanse som skal finne fram til det beste ved deg. I tillegg vil vi gje deg ei rekke avlappande behandlingar s\u00e5 roen kan senke seg og du kan nyte denne dagen du har satt av til deg sj\u00f8lv.\u00a0<\/p>\n<p>Ein Bli-ny dag inkluderar ei rekke behandlingar, som me kan garantere at du vil nyte til det fulle.<\/p>\n<p>&nbsp;<\/p>\n<ul>\n<li><strong>Ny \u00a0frisyre, inkludera farge, klipp og styling:<\/strong>\u00a0\u00a0Du vil f\u00e5 ein frisyre som er tilpassa akkurat deg. Det vere seg ansiktsform, h\u00e5r, anatomiske forutsetningar, stil og smak.<\/li>\n<li><strong>H\u00e5rkur med massasje av hovudbotn:<\/strong>\u00a0Med tilpassa oljer vil vi gje h\u00e5ret ditt nytt liv, samt f\u00e5 bort stress og mas.<\/li>\n<li><strong>Sminke og sminketips:\u00a0<\/strong>Vi vil legge og l\u00e6re deg korleis du legg ein perfekt make-up. Kva for fargar du kler og tips for \u00e5 f\u00e5 fram det unike i deg.<\/li>\n<li><strong>God lunsj, inkl. kaffe\/te og snacks.<\/strong>\u00a0 Alt dette er inkludert i behandlinga. Dette er virkeleg DIN dag. N\u00e5 skal du berre slappe av og nyte.\u00a0<\/li>\n<li><strong>Farging og napping av bryn:\u00a0<\/strong>Anbefalast, for best mogleg resultat. Men, dette er valfritt.<\/li>\n<\/ul>\n<p>[\/et_pb_cta][\/et_pb_column][\/et_pb_row][\/et_pb_section]<\/p>\n","protected":false},"excerpt":{"rendered":"<p>Bli ny dagSaman skal vi finne det beste ved deg!. Balanzera sin Bli-ny dag er ein dag kun for deg. Ein indre og ytre spa-oppleving er det vi \u00f8nskjer du skal oppleve hos oss denne dagen. Som alltid er det konsultasjonen i kombinasjon med v\u00e5r kompetanse som skal finne fram til det beste ved deg. [&hellip;]<\/p>\n","protected":false},"author":1,"featured_media":0,"parent":0,"menu_order":0,"comment_status":"closed","ping_status":"closed","template":"","meta":{"_et_pb_use_builder":"on","_et_pb_old_content":"","_et_gb_content_width":"","footnotes":""},"class_list":["post-248","page","type-page","status-publish","hentry"],"yoast_head":"<!-- This site is optimized with the Yoast SEO plugin v27.5 - https:\/\/yoast.com\/product\/yoast-seo-wordpress\/ -->\n<title>Bli ny dag - Sammen skal vi finne fram til det beste ved deg<\/title>\n<meta name=\"description\" content=\"Bli ny dag er den perfekte g\u00e5va eller noko ein b\u00f8r unne seg ei gong imellom. Saman skal vi finne fram til det beste ved deg\" \/>\n<meta name=\"robots\" content=\"index, follow, max-snippet:-1, max-image-preview:large, max-video-preview:-1\" \/>\n<link rel=\"canonical\" href=\"https:\/\/balanzera.no\/nn\/bli-ny-dag\/\" \/>\n<meta property=\"og:locale\" content=\"nn_NO\" \/>\n<meta property=\"og:type\" content=\"article\" \/>\n<meta property=\"og:title\" content=\"Bli ny dag - Sammen skal vi finne fram til det beste ved deg\" \/>\n<meta property=\"og:description\" content=\"Bli ny dag er den perfekte g\u00e5va eller noko ein b\u00f8r unne seg ei gong imellom. Saman skal vi finne fram til det beste ved deg\" \/>\n<meta property=\"og:url\" content=\"https:\/\/balanzera.no\/nn\/bli-ny-dag\/\" \/>\n<meta property=\"og:site_name\" content=\"Med omtanke for deg og milj\u00f8et\" \/>\n<meta property=\"article:publisher\" content=\"https:\/\/www.facebook.com\/Balanzera\/\" \/>\n<meta property=\"article:modified_time\" content=\"2023-11-20T10:41:14+00:00\" \/>\n<meta name=\"twitter:card\" content=\"summary_large_image\" \/>\n<meta name=\"twitter:site\" content=\"@balanzeraas\" \/>\n<meta name=\"twitter:label1\" content=\"Est. reading time\" \/>\n\t<meta name=\"twitter:data1\" content=\"4 minutt\" \/>\n<script type=\"application\/ld+json\" class=\"yoast-schema-graph\">{\"@context\":\"https:\\\/\\\/schema.org\",\"@graph\":[{\"@type\":\"WebPage\",\"@id\":\"https:\\\/\\\/balanzera.no\\\/nn\\\/bli-ny-dag\\\/\",\"url\":\"https:\\\/\\\/balanzera.no\\\/nn\\\/bli-ny-dag\\\/\",\"name\":\"Bli ny dag - Sammen skal vi finne fram til det beste ved deg\",\"isPartOf\":{\"@id\":\"https:\\\/\\\/balanzera.no\\\/#website\"},\"datePublished\":\"2018-09-26T14:58:17+00:00\",\"dateModified\":\"2023-11-20T10:41:14+00:00\",\"description\":\"Bli ny dag er den perfekte g\u00e5va eller noko ein b\u00f8r unne seg ei gong imellom. Saman skal vi finne fram til det beste ved deg\",\"breadcrumb\":{\"@id\":\"https:\\\/\\\/balanzera.no\\\/nn\\\/bli-ny-dag\\\/#breadcrumb\"},\"inLanguage\":\"nn-NO\",\"potentialAction\":[{\"@type\":\"ReadAction\",\"target\":[\"https:\\\/\\\/balanzera.no\\\/nn\\\/bli-ny-dag\\\/\"]}]},{\"@type\":\"BreadcrumbList\",\"@id\":\"https:\\\/\\\/balanzera.no\\\/nn\\\/bli-ny-dag\\\/#breadcrumb\",\"itemListElement\":[{\"@type\":\"ListItem\",\"position\":1,\"name\":\"Home\",\"item\":\"https:\\\/\\\/balanzera.no\\\/nn\\\/\"},{\"@type\":\"ListItem\",\"position\":2,\"name\":\"Bli ny dag\"}]},{\"@type\":\"WebSite\",\"@id\":\"https:\\\/\\\/balanzera.no\\\/#website\",\"url\":\"https:\\\/\\\/balanzera.no\\\/\",\"name\":\"Med omtanke for deg og milj\u00f8et\",\"description\":\"\",\"publisher\":{\"@id\":\"https:\\\/\\\/balanzera.no\\\/#organization\"},\"potentialAction\":[{\"@type\":\"SearchAction\",\"target\":{\"@type\":\"EntryPoint\",\"urlTemplate\":\"https:\\\/\\\/balanzera.no\\\/?s={search_term_string}\"},\"query-input\":{\"@type\":\"PropertyValueSpecification\",\"valueRequired\":true,\"valueName\":\"search_term_string\"}}],\"inLanguage\":\"nn-NO\"},{\"@type\":\"Organization\",\"@id\":\"https:\\\/\\\/balanzera.no\\\/#organization\",\"name\":\"Balanzera AS\",\"url\":\"https:\\\/\\\/balanzera.no\\\/\",\"logo\":{\"@type\":\"ImageObject\",\"inLanguage\":\"nn-NO\",\"@id\":\"https:\\\/\\\/balanzera.no\\\/#\\\/schema\\\/logo\\\/image\\\/\",\"url\":\"https:\\\/\\\/balanzera.no\\\/wp-content\\\/uploads\\\/2018\\\/09\\\/Hvit1_BZ_Logo_Nett.jpg\",\"contentUrl\":\"https:\\\/\\\/balanzera.no\\\/wp-content\\\/uploads\\\/2018\\\/09\\\/Hvit1_BZ_Logo_Nett.jpg\",\"width\":842,\"height\":842,\"caption\":\"Balanzera AS\"},\"image\":{\"@id\":\"https:\\\/\\\/balanzera.no\\\/#\\\/schema\\\/logo\\\/image\\\/\"},\"sameAs\":[\"https:\\\/\\\/www.facebook.com\\\/Balanzera\\\/\",\"https:\\\/\\\/x.com\\\/balanzeraas\",\"https:\\\/\\\/www.instagram.com\\\/balanzera\\\/\"]}]}<\/script>\n<!-- \/ Yoast SEO plugin. -->","yoast_head_json":{"title":"Bli ny dag - Sammen skal vi finne fram til det beste ved deg","description":"Bli ny dag er den perfekte g\u00e5va eller noko ein b\u00f8r unne seg ei gong imellom. Saman skal vi finne fram til det beste ved deg","robots":{"index":"index","follow":"follow","max-snippet":"max-snippet:-1","max-image-preview":"max-image-preview:large","max-video-preview":"max-video-preview:-1"},"canonical":"https:\/\/balanzera.no\/nn\/bli-ny-dag\/","og_locale":"nn_NO","og_type":"article","og_title":"Bli ny dag - Sammen skal vi finne fram til det beste ved deg","og_description":"Bli ny dag er den perfekte g\u00e5va eller noko ein b\u00f8r unne seg ei gong imellom. Saman skal vi finne fram til det beste ved deg","og_url":"https:\/\/balanzera.no\/nn\/bli-ny-dag\/","og_site_name":"Med omtanke for deg og milj\u00f8et","article_publisher":"https:\/\/www.facebook.com\/Balanzera\/","article_modified_time":"2023-11-20T10:41:14+00:00","twitter_card":"summary_large_image","twitter_site":"@balanzeraas","twitter_misc":{"Est. reading time":"4 minutt"},"schema":{"@context":"https:\/\/schema.org","@graph":[{"@type":"WebPage","@id":"https:\/\/balanzera.no\/nn\/bli-ny-dag\/","url":"https:\/\/balanzera.no\/nn\/bli-ny-dag\/","name":"Bli ny dag - Sammen skal vi finne fram til det beste ved deg","isPartOf":{"@id":"https:\/\/balanzera.no\/#website"},"datePublished":"2018-09-26T14:58:17+00:00","dateModified":"2023-11-20T10:41:14+00:00","description":"Bli ny dag er den perfekte g\u00e5va eller noko ein b\u00f8r unne seg ei gong imellom. Saman skal vi finne fram til det beste ved deg","breadcrumb":{"@id":"https:\/\/balanzera.no\/nn\/bli-ny-dag\/#breadcrumb"},"inLanguage":"nn-NO","potentialAction":[{"@type":"ReadAction","target":["https:\/\/balanzera.no\/nn\/bli-ny-dag\/"]}]},{"@type":"BreadcrumbList","@id":"https:\/\/balanzera.no\/nn\/bli-ny-dag\/#breadcrumb","itemListElement":[{"@type":"ListItem","position":1,"name":"Home","item":"https:\/\/balanzera.no\/nn\/"},{"@type":"ListItem","position":2,"name":"Bli ny dag"}]},{"@type":"WebSite","@id":"https:\/\/balanzera.no\/#website","url":"https:\/\/balanzera.no\/","name":"Med omtanke for deg og milj\u00f8et","description":"","publisher":{"@id":"https:\/\/balanzera.no\/#organization"},"potentialAction":[{"@type":"SearchAction","target":{"@type":"EntryPoint","urlTemplate":"https:\/\/balanzera.no\/?s={search_term_string}"},"query-input":{"@type":"PropertyValueSpecification","valueRequired":true,"valueName":"search_term_string"}}],"inLanguage":"nn-NO"},{"@type":"Organization","@id":"https:\/\/balanzera.no\/#organization","name":"Balanzera AS","url":"https:\/\/balanzera.no\/","logo":{"@type":"ImageObject","inLanguage":"nn-NO","@id":"https:\/\/balanzera.no\/#\/schema\/logo\/image\/","url":"https:\/\/balanzera.no\/wp-content\/uploads\/2018\/09\/Hvit1_BZ_Logo_Nett.jpg","contentUrl":"https:\/\/balanzera.no\/wp-content\/uploads\/2018\/09\/Hvit1_BZ_Logo_Nett.jpg","width":842,"height":842,"caption":"Balanzera AS"},"image":{"@id":"https:\/\/balanzera.no\/#\/schema\/logo\/image\/"},"sameAs":["https:\/\/www.facebook.com\/Balanzera\/","https:\/\/x.com\/balanzeraas","https:\/\/www.instagram.com\/balanzera\/"]}]}},"_links":{"self":[{"href":"https:\/\/balanzera.no\/nn\/wp-json\/wp\/v2\/pages\/248","targetHints":{"allow":["GET"]}}],"collection":[{"href":"https:\/\/balanzera.no\/nn\/wp-json\/wp\/v2\/pages"}],"about":[{"href":"https:\/\/balanzera.no\/nn\/wp-json\/wp\/v2\/types\/page"}],"author":[{"embeddable":true,"href":"https:\/\/balanzera.no\/nn\/wp-json\/wp\/v2\/users\/1"}],"replies":[{"embeddable":true,"href":"https:\/\/balanzera.no\/nn\/wp-json\/wp\/v2\/comments?post=248"}],"version-history":[{"count":13,"href":"https:\/\/balanzera.no\/nn\/wp-json\/wp\/v2\/pages\/248\/revisions"}],"predecessor-version":[{"id":577,"href":"https:\/\/balanzera.no\/nn\/wp-json\/wp\/v2\/pages\/248\/revisions\/577"}],"wp:attachment":[{"href":"https:\/\/balanzera.no\/nn\/wp-json\/wp\/v2\/media?parent=248"}],"curies":[{"name":"wp","href":"https:\/\/api.w.org\/{rel}","templated":true}]}}