{"id":238,"date":"2018-09-26T14:39:14","date_gmt":"2018-09-26T14:39:14","guid":{"rendered":"https:\/\/balanzera.no\/?page_id=238"},"modified":"2025-03-09T07:49:50","modified_gmt":"2025-03-09T07:49:50","slug":"okologiskefargar","status":"publish","type":"page","link":"https:\/\/balanzera.no\/nn\/okologiskefargar\/","title":{"rendered":"\u00d8kologiske fargar"},"content":{"rendered":"<p>[et_pb_section fb_built=&raquo;1&#8243; admin_label=&raquo;Hero&raquo; _builder_version=&raquo;4.16&#8243; background_image=&raquo;https:\/\/balanzera.no\/wp-content\/uploads\/2018\/09\/background-texture.jpg&raquo; background_blend=&raquo;multiply&raquo; custom_padding=&raquo;|||&raquo; animation_style=&raquo;zoom&raquo; animation_intensity_zoom=&raquo;4%&raquo; global_colors_info=&raquo;{}&raquo;][et_pb_row _builder_version=&raquo;4.16&#8243; background_size=&raquo;initial&raquo; background_position=&raquo;top_left&raquo; background_repeat=&raquo;repeat&raquo; background_blend=&raquo;multiply&raquo; custom_padding=&raquo;|||&raquo; animation_style=&raquo;slide&raquo; animation_direction=&raquo;top&raquo; animation_intensity_slide=&raquo;3%&raquo; global_colors_info=&raquo;{}&raquo;][et_pb_column type=&raquo;4_4&#8243; _builder_version=&raquo;4.16&#8243; custom_padding=&raquo;|||&raquo; global_colors_info=&raquo;{}&raquo; custom_padding__hover=&raquo;|||&raquo;][et_pb_text _builder_version=&raquo;4.16&#8243; header_font=&raquo;Playfair Display||||||||dotted&raquo; header_text_color=&raquo;#353740&#8243; header_font_size=&raquo;60px&raquo; header_line_height=&raquo;1.3em&raquo; background_size=&raquo;initial&raquo; background_position=&raquo;top_left&raquo; background_repeat=&raquo;repeat&raquo; custom_margin=&raquo;|||&raquo; animation_style=&raquo;fade&raquo; header_font_size_last_edited=&raquo;off|desktop&raquo; locked=&raquo;off&raquo; global_colors_info=&raquo;{}&raquo;]<\/p>\n<h1>Gr\u00f8ne fargar<\/h1>\n<p>[\/et_pb_text][et_pb_divider divider_weight=&raquo;6px&raquo; disabled_on=&raquo;on|on|off%22&#8243; _builder_version=&raquo;4.16&#8243; max_width=&raquo;120px&raquo; animation_style=&raquo;slide&raquo; animation_direction=&raquo;top&raquo; animation_intensity_slide=&raquo;30%&raquo; global_colors_info=&raquo;{}&raquo;][\/et_pb_divider][\/et_pb_column][\/et_pb_row][\/et_pb_section][et_pb_section fb_built=&raquo;1&#8243; admin_label=&raquo;Features&raquo; _builder_version=&raquo;4.16&#8243; custom_padding=&raquo;100px|0px|0px|0px&raquo; global_colors_info=&raquo;{}&raquo;][et_pb_row _builder_version=&raquo;4.27.4&#8243; global_colors_info=&raquo;{}&raquo; column_structure=&raquo;1_2,1_2&#8243; hover_enabled=&raquo;0&#8243; sticky_enabled=&raquo;0&#8243;][et_pb_column type=&raquo;1_2&#8243; _builder_version=&raquo;4.16&#8243; custom_padding=&raquo;|||&raquo; global_colors_info=&raquo;{}&raquo; custom_padding__hover=&raquo;|||&raquo;][et_pb_image src=&raquo;https:\/\/balanzera.no\/wp-content\/uploads\/2018\/09\/MG_1031-300&#215;200.jpg&raquo; force_fullwidth=&raquo;on&raquo; align_tablet=&raquo;center&raquo; align_last_edited=&raquo;on|desktop&raquo; _builder_version=&raquo;4.16&#8243; animation_style=&raquo;slide&raquo; animation_direction=&raquo;right&raquo; animation_intensity_slide=&raquo;5%&raquo; global_colors_info=&raquo;{}&raquo; align_phone=&raquo;center&raquo;][\/et_pb_image][\/et_pb_column][et_pb_column type=&raquo;1_2&#8243; _builder_version=&raquo;4.16&#8243; custom_padding=&raquo;|||&raquo; global_colors_info=&raquo;{}&raquo; custom_padding__hover=&raquo;|||&raquo;][et_pb_cta title=&raquo;Vi nyttar kun fargar som er trygge for oss og milj\u00f8et.&raquo; button_url=&raquo;#top&raquo; _builder_version=&raquo;4.27.4&#8243; header_font=&raquo;Montserrat||||||||&raquo; header_font_size=&raquo;34px&raquo; header_line_height=&raquo;1.4em&raquo; body_font=&raquo;Montserrat|500|||||||&raquo; body_text_color=&raquo;rgba(47,56,84,0.5)&raquo; body_font_size=&raquo;16px&raquo; body_line_height=&raquo;1.9em&raquo; use_background_color=&raquo;off&raquo; custom_button=&raquo;on&raquo; button_text_size=&raquo;16px&raquo; button_text_color=&raquo;#2f3854&#8243; button_bg_color=&raquo;rgba(47,56,84,0.04)&raquo; button_border_width=&raquo;10px&raquo; button_border_color=&raquo;rgba(47,56,84,0)&raquo; button_border_radius=&raquo;60px&raquo; button_letter_spacing=&raquo;1px&raquo; button_font=&raquo;Montserrat|700||on|||||&raquo; button_use_icon=&raquo;off&raquo; button_alignment=&raquo;left&raquo; text_orientation=&raquo;left&raquo; background_layout=&raquo;light&raquo; hover_enabled=&raquo;0&#8243; button_text_color_hover=&raquo;#ffffff&raquo; button_border_radius_hover=&raquo;66px&raquo; button_letter_spacing_hover=&raquo;1px&raquo; button_bg_color_hover=&raquo;#2f3854&#8243; global_colors_info=&raquo;{}&raquo; button_text_size__hover_enabled=&raquo;off&raquo; button_one_text_size__hover_enabled=&raquo;off&raquo; button_two_text_size__hover_enabled=&raquo;off&raquo; button_text_color__hover_enabled=&raquo;on&raquo; button_text_color__hover=&raquo;#ffffff&raquo; button_one_text_color__hover_enabled=&raquo;off&raquo; button_two_text_color__hover_enabled=&raquo;off&raquo; button_border_width__hover_enabled=&raquo;off&raquo; button_one_border_width__hover_enabled=&raquo;off&raquo; button_two_border_width__hover_enabled=&raquo;off&raquo; button_border_color__hover_enabled=&raquo;off&raquo; button_one_border_color__hover_enabled=&raquo;off&raquo; button_two_border_color__hover_enabled=&raquo;off&raquo; button_border_radius__hover_enabled=&raquo;on&raquo; button_border_radius__hover=&raquo;66px&raquo; button_one_border_radius__hover_enabled=&raquo;off&raquo; button_two_border_radius__hover_enabled=&raquo;off&raquo; button_letter_spacing__hover_enabled=&raquo;on&raquo; button_letter_spacing__hover=&raquo;1px&raquo; button_one_letter_spacing__hover_enabled=&raquo;off&raquo; button_two_letter_spacing__hover_enabled=&raquo;off&raquo; button_bg_color__hover_enabled=&raquo;on&raquo; button_bg_color__hover=&raquo;#2f3854&#8243; button_one_bg_color__hover_enabled=&raquo;off&raquo; button_two_bg_color__hover_enabled=&raquo;off&raquo; sticky_enabled=&raquo;0&#8243; header_level=&raquo;h1&#8243;]<\/p>\n<p dir=\"ltr\">.<\/p>\n<p class=\"p1\"><b>ELUMEN<\/b><\/p>\n<p class=\"p2\">\n<p class=\"p1\">Vi tilbyr <b>Goldwell Elumen<\/b>, ein permanent, ikkje-oksyderande h\u00e5rfarge basert p\u00e5 unike direkte fargestoff. <b>Utan PPD<\/b>, fargestoffet som oftast er \u00e5rsaka til allergiske reaksjonar p\u00e5 h\u00e5rfarge.<\/p>\n<p class=\"p2\">\n<p class=\"p1\">Elumen gir <b>intensive fargeresultat utan PPD, peroksid, ammoniakk og ammoniakklukt<\/b>, noko som gjer den ideell for dei med sensitiv hovudbotn. Med <b>ekstraordin\u00e6r glans og eksepsjonelt sunn h\u00e5rf\u00f8lelse<\/b> f\u00e5r du ein farge som ikkje berre ser vakker ut, men som ogs\u00e5 bevarer h\u00e5rkvaliteten.<\/p>\n<p class=\"p2\">\n<p class=\"p1\">Fordelane med Elumen inkluderer:<\/p>\n<p class=\"p1\"><span class=\"s1\">\u2714<\/span> Allsidige nyansar som passar til ulike behov og \u00f8nskje.<\/p>\n<p class=\"p1\"><span class=\"s1\">\u2714<\/span> Redusert risiko for \u00e5 utvikle allergi mot h\u00e5rfargestoff.<\/p>\n<p class=\"p1\"><span class=\"s1\">\u2714<\/span> Opptil <b>100 % naturleg gr\u00e5dekking<\/b> med Elumen NN-nyansar.<\/p>\n<p class=\"p1\"><span class=\"s1\">\u2714<\/span> Direktefarga toner som varer like lenge som oksidativ h\u00e5rfarge.<\/p>\n<p class=\"p1\"><span class=\"s1\">\u2714<\/span> Fornyar blondt h\u00e5r etter lysning n\u00e5r han blir brukt som toner.<\/p>\n<p class=\"p2\">\n<p class=\"p1\">Elumen er perfekt for deg som \u00f8nskjer ein sk\u00e5nsam, men intensiv h\u00e5rfarge med h\u00f8g glans og langvarig resultat.<\/p>\n<p class=\"p2\">\n<p class=\"p3\"><span class=\"s2\" style=\"color: #004f0e;\">Les meir her: <a href=\"https:\/\/www.goldwell.com\/no-no\/produkter\/farge\/permanent\/elumen\/\" style=\"color: #004f0e;\">https:\/\/www.goldwell.com\/no-no\/produkter\/farge\/permanent\/elumen\/<\/a><\/span><\/p>\n<p class=\"p2\">\n<p class=\"p2\">\n<p class=\"p1\"><b>SILKLIFT GENTEL<\/b><\/p>\n<p class=\"p2\">\n<p class=\"p1\">Vi tilbyr Goldwell sin SilkLift Zero Ammonia, ein h\u00f8gkvalitets <b>bleikingskrem utan ammoniakk.<\/b> Denne bleikingen gir opptil 6 niv\u00e5 med lysning og er spesielt utvikla for fint eller stressa h\u00e5r, samt lysare h\u00e5rbasar. Med integrert IntraLipid-teknologi og SilkProteinComplex sikrar ho optimal pleie under bleikeprosessen, noko som resulterer i glansfullt, mjukt og sunt h\u00e5r. SilkLift Zero Ammonia er ideell for ulike lysningstenester, inkludert heile hovudet, ettervekst og frihandsteknikkar.<span class=\"Apple-converted-space\">\u00a0 \u00a0<\/span><\/p>\n<p class=\"p2\">\n<p class=\"p1\"><span style=\"color: #235b00;\"><a href=\"https:\/\/www.goldwell.com\/no-no\/produkter\/farge\/lightener\/silklift\/\" style=\"color: #235b00;\">Les meir: https:\/\/www.goldwell.com\/no-no\/produkter\/farge\/lightener\/silklift\/<\/a><\/span><\/p>\n<p dir=\"ltr\">[\/et_pb_cta][\/et_pb_column][\/et_pb_row][\/et_pb_section]<\/p>\n","protected":false},"excerpt":{"rendered":"<p>Gr\u00f8ne fargar. ELUMEN Vi tilbyr Goldwell Elumen, ein permanent, ikkje-oksyderande h\u00e5rfarge basert p\u00e5 unike direkte fargestoff. Utan PPD, fargestoffet som oftast er \u00e5rsaka til allergiske reaksjonar p\u00e5 h\u00e5rfarge. Elumen gir intensive fargeresultat utan PPD, peroksid, ammoniakk og ammoniakklukt, noko som gjer den ideell for dei med sensitiv hovudbotn. Med ekstraordin\u00e6r glans og eksepsjonelt sunn h\u00e5rf\u00f8lelse [&hellip;]<\/p>\n","protected":false},"author":1,"featured_media":0,"parent":0,"menu_order":0,"comment_status":"closed","ping_status":"closed","template":"","meta":{"_et_pb_use_builder":"on","_et_pb_old_content":"","_et_gb_content_width":"","footnotes":""},"class_list":["post-238","page","type-page","status-publish","hentry"],"yoast_head":"<!-- This site is optimized with the Yoast SEO plugin v27.4 - https:\/\/yoast.com\/product\/yoast-seo-wordpress\/ -->\n<title>\u00d8kologiske fargar - Med omtanke for deg og milj\u00f8et<\/title>\n<meta name=\"robots\" content=\"index, follow, max-snippet:-1, max-image-preview:large, max-video-preview:-1\" \/>\n<link rel=\"canonical\" href=\"https:\/\/balanzera.no\/nn\/okologiskefargar\/\" \/>\n<meta property=\"og:locale\" content=\"nn_NO\" \/>\n<meta property=\"og:type\" content=\"article\" \/>\n<meta property=\"og:title\" content=\"\u00d8kologiske fargar - Med omtanke for deg og milj\u00f8et\" \/>\n<meta property=\"og:description\" content=\"Gr\u00f8ne fargar. ELUMEN Vi tilbyr Goldwell Elumen, ein permanent, ikkje-oksyderande h\u00e5rfarge basert p\u00e5 unike direkte fargestoff. Utan PPD, fargestoffet som oftast er \u00e5rsaka til allergiske reaksjonar p\u00e5 h\u00e5rfarge. Elumen gir intensive fargeresultat utan PPD, peroksid, ammoniakk og ammoniakklukt, noko som gjer den ideell for dei med sensitiv hovudbotn. Med ekstraordin\u00e6r glans og eksepsjonelt sunn h\u00e5rf\u00f8lelse [&hellip;]\" \/>\n<meta property=\"og:url\" content=\"https:\/\/balanzera.no\/nn\/okologiskefargar\/\" \/>\n<meta property=\"og:site_name\" content=\"Med omtanke for deg og milj\u00f8et\" \/>\n<meta property=\"article:publisher\" content=\"https:\/\/www.facebook.com\/Balanzera\/\" \/>\n<meta property=\"article:modified_time\" content=\"2025-03-09T07:49:50+00:00\" \/>\n<meta name=\"twitter:card\" content=\"summary_large_image\" \/>\n<meta name=\"twitter:site\" content=\"@balanzeraas\" \/>\n<meta name=\"twitter:label1\" content=\"Est. reading time\" \/>\n\t<meta name=\"twitter:data1\" content=\"4 minutt\" \/>\n<script type=\"application\/ld+json\" class=\"yoast-schema-graph\">{\"@context\":\"https:\\\/\\\/schema.org\",\"@graph\":[{\"@type\":\"WebPage\",\"@id\":\"https:\\\/\\\/balanzera.no\\\/nn\\\/okologiskefargar\\\/\",\"url\":\"https:\\\/\\\/balanzera.no\\\/nn\\\/okologiskefargar\\\/\",\"name\":\"\u00d8kologiske fargar - Med omtanke for deg og milj\u00f8et\",\"isPartOf\":{\"@id\":\"https:\\\/\\\/balanzera.no\\\/#website\"},\"datePublished\":\"2018-09-26T14:39:14+00:00\",\"dateModified\":\"2025-03-09T07:49:50+00:00\",\"breadcrumb\":{\"@id\":\"https:\\\/\\\/balanzera.no\\\/nn\\\/okologiskefargar\\\/#breadcrumb\"},\"inLanguage\":\"nn-NO\",\"potentialAction\":[{\"@type\":\"ReadAction\",\"target\":[\"https:\\\/\\\/balanzera.no\\\/nn\\\/okologiskefargar\\\/\"]}]},{\"@type\":\"BreadcrumbList\",\"@id\":\"https:\\\/\\\/balanzera.no\\\/nn\\\/okologiskefargar\\\/#breadcrumb\",\"itemListElement\":[{\"@type\":\"ListItem\",\"position\":1,\"name\":\"Home\",\"item\":\"https:\\\/\\\/balanzera.no\\\/nn\\\/\"},{\"@type\":\"ListItem\",\"position\":2,\"name\":\"\u00d8kologiske fargar\"}]},{\"@type\":\"WebSite\",\"@id\":\"https:\\\/\\\/balanzera.no\\\/#website\",\"url\":\"https:\\\/\\\/balanzera.no\\\/\",\"name\":\"Med omtanke for deg og milj\u00f8et\",\"description\":\"\",\"publisher\":{\"@id\":\"https:\\\/\\\/balanzera.no\\\/#organization\"},\"potentialAction\":[{\"@type\":\"SearchAction\",\"target\":{\"@type\":\"EntryPoint\",\"urlTemplate\":\"https:\\\/\\\/balanzera.no\\\/?s={search_term_string}\"},\"query-input\":{\"@type\":\"PropertyValueSpecification\",\"valueRequired\":true,\"valueName\":\"search_term_string\"}}],\"inLanguage\":\"nn-NO\"},{\"@type\":\"Organization\",\"@id\":\"https:\\\/\\\/balanzera.no\\\/#organization\",\"name\":\"Balanzera AS\",\"url\":\"https:\\\/\\\/balanzera.no\\\/\",\"logo\":{\"@type\":\"ImageObject\",\"inLanguage\":\"nn-NO\",\"@id\":\"https:\\\/\\\/balanzera.no\\\/#\\\/schema\\\/logo\\\/image\\\/\",\"url\":\"https:\\\/\\\/balanzera.no\\\/wp-content\\\/uploads\\\/2018\\\/09\\\/Hvit1_BZ_Logo_Nett.jpg\",\"contentUrl\":\"https:\\\/\\\/balanzera.no\\\/wp-content\\\/uploads\\\/2018\\\/09\\\/Hvit1_BZ_Logo_Nett.jpg\",\"width\":842,\"height\":842,\"caption\":\"Balanzera AS\"},\"image\":{\"@id\":\"https:\\\/\\\/balanzera.no\\\/#\\\/schema\\\/logo\\\/image\\\/\"},\"sameAs\":[\"https:\\\/\\\/www.facebook.com\\\/Balanzera\\\/\",\"https:\\\/\\\/x.com\\\/balanzeraas\",\"https:\\\/\\\/www.instagram.com\\\/balanzera\\\/\"]}]}<\/script>\n<!-- \/ Yoast SEO plugin. -->","yoast_head_json":{"title":"\u00d8kologiske fargar - Med omtanke for deg og milj\u00f8et","robots":{"index":"index","follow":"follow","max-snippet":"max-snippet:-1","max-image-preview":"max-image-preview:large","max-video-preview":"max-video-preview:-1"},"canonical":"https:\/\/balanzera.no\/nn\/okologiskefargar\/","og_locale":"nn_NO","og_type":"article","og_title":"\u00d8kologiske fargar - Med omtanke for deg og milj\u00f8et","og_description":"Gr\u00f8ne fargar. ELUMEN Vi tilbyr Goldwell Elumen, ein permanent, ikkje-oksyderande h\u00e5rfarge basert p\u00e5 unike direkte fargestoff. Utan PPD, fargestoffet som oftast er \u00e5rsaka til allergiske reaksjonar p\u00e5 h\u00e5rfarge. Elumen gir intensive fargeresultat utan PPD, peroksid, ammoniakk og ammoniakklukt, noko som gjer den ideell for dei med sensitiv hovudbotn. Med ekstraordin\u00e6r glans og eksepsjonelt sunn h\u00e5rf\u00f8lelse [&hellip;]","og_url":"https:\/\/balanzera.no\/nn\/okologiskefargar\/","og_site_name":"Med omtanke for deg og milj\u00f8et","article_publisher":"https:\/\/www.facebook.com\/Balanzera\/","article_modified_time":"2025-03-09T07:49:50+00:00","twitter_card":"summary_large_image","twitter_site":"@balanzeraas","twitter_misc":{"Est. reading time":"4 minutt"},"schema":{"@context":"https:\/\/schema.org","@graph":[{"@type":"WebPage","@id":"https:\/\/balanzera.no\/nn\/okologiskefargar\/","url":"https:\/\/balanzera.no\/nn\/okologiskefargar\/","name":"\u00d8kologiske fargar - Med omtanke for deg og milj\u00f8et","isPartOf":{"@id":"https:\/\/balanzera.no\/#website"},"datePublished":"2018-09-26T14:39:14+00:00","dateModified":"2025-03-09T07:49:50+00:00","breadcrumb":{"@id":"https:\/\/balanzera.no\/nn\/okologiskefargar\/#breadcrumb"},"inLanguage":"nn-NO","potentialAction":[{"@type":"ReadAction","target":["https:\/\/balanzera.no\/nn\/okologiskefargar\/"]}]},{"@type":"BreadcrumbList","@id":"https:\/\/balanzera.no\/nn\/okologiskefargar\/#breadcrumb","itemListElement":[{"@type":"ListItem","position":1,"name":"Home","item":"https:\/\/balanzera.no\/nn\/"},{"@type":"ListItem","position":2,"name":"\u00d8kologiske fargar"}]},{"@type":"WebSite","@id":"https:\/\/balanzera.no\/#website","url":"https:\/\/balanzera.no\/","name":"Med omtanke for deg og milj\u00f8et","description":"","publisher":{"@id":"https:\/\/balanzera.no\/#organization"},"potentialAction":[{"@type":"SearchAction","target":{"@type":"EntryPoint","urlTemplate":"https:\/\/balanzera.no\/?s={search_term_string}"},"query-input":{"@type":"PropertyValueSpecification","valueRequired":true,"valueName":"search_term_string"}}],"inLanguage":"nn-NO"},{"@type":"Organization","@id":"https:\/\/balanzera.no\/#organization","name":"Balanzera AS","url":"https:\/\/balanzera.no\/","logo":{"@type":"ImageObject","inLanguage":"nn-NO","@id":"https:\/\/balanzera.no\/#\/schema\/logo\/image\/","url":"https:\/\/balanzera.no\/wp-content\/uploads\/2018\/09\/Hvit1_BZ_Logo_Nett.jpg","contentUrl":"https:\/\/balanzera.no\/wp-content\/uploads\/2018\/09\/Hvit1_BZ_Logo_Nett.jpg","width":842,"height":842,"caption":"Balanzera AS"},"image":{"@id":"https:\/\/balanzera.no\/#\/schema\/logo\/image\/"},"sameAs":["https:\/\/www.facebook.com\/Balanzera\/","https:\/\/x.com\/balanzeraas","https:\/\/www.instagram.com\/balanzera\/"]}]}},"_links":{"self":[{"href":"https:\/\/balanzera.no\/nn\/wp-json\/wp\/v2\/pages\/238","targetHints":{"allow":["GET"]}}],"collection":[{"href":"https:\/\/balanzera.no\/nn\/wp-json\/wp\/v2\/pages"}],"about":[{"href":"https:\/\/balanzera.no\/nn\/wp-json\/wp\/v2\/types\/page"}],"author":[{"embeddable":true,"href":"https:\/\/balanzera.no\/nn\/wp-json\/wp\/v2\/users\/1"}],"replies":[{"embeddable":true,"href":"https:\/\/balanzera.no\/nn\/wp-json\/wp\/v2\/comments?post=238"}],"version-history":[{"count":5,"href":"https:\/\/balanzera.no\/nn\/wp-json\/wp\/v2\/pages\/238\/revisions"}],"predecessor-version":[{"id":686,"href":"https:\/\/balanzera.no\/nn\/wp-json\/wp\/v2\/pages\/238\/revisions\/686"}],"wp:attachment":[{"href":"https:\/\/balanzera.no\/nn\/wp-json\/wp\/v2\/media?parent=238"}],"curies":[{"name":"wp","href":"https:\/\/api.w.org\/{rel}","templated":true}]}}