{"id":188,"date":"2018-09-26T12:17:39","date_gmt":"2018-09-26T12:17:39","guid":{"rendered":"https:\/\/balanzera.no\/?page_id=188"},"modified":"2023-12-28T18:01:34","modified_gmt":"2023-12-28T18:01:34","slug":"produkt","status":"publish","type":"page","link":"https:\/\/balanzera.no\/nn\/produkt\/","title":{"rendered":"Produkt"},"content":{"rendered":"<p>[et_pb_section fb_built=&raquo;1&#8243; admin_label=&raquo;Hero&raquo; _builder_version=&raquo;4.16&#8243; background_image=&raquo;https:\/\/balanzera.no\/wp-content\/uploads\/2018\/09\/background-texture.jpg&raquo; background_blend=&raquo;multiply&raquo; custom_padding=&raquo;|||&raquo; animation_style=&raquo;zoom&raquo; animation_intensity_zoom=&raquo;4%&raquo; global_colors_info=&raquo;{}&raquo;][et_pb_row _builder_version=&raquo;4.16&#8243; background_size=&raquo;initial&raquo; background_position=&raquo;top_left&raquo; background_repeat=&raquo;repeat&raquo; background_blend=&raquo;multiply&raquo; custom_padding=&raquo;|||&raquo; animation_style=&raquo;slide&raquo; animation_direction=&raquo;top&raquo; animation_intensity_slide=&raquo;3%&raquo; global_colors_info=&raquo;{}&raquo;][et_pb_column type=&raquo;4_4&#8243; _builder_version=&raquo;4.16&#8243; custom_padding=&raquo;|||&raquo; global_colors_info=&raquo;{}&raquo; custom_padding__hover=&raquo;|||&raquo;][et_pb_text _builder_version=&raquo;4.16&#8243; text_font=&raquo;||||||||&raquo; header_font=&raquo;Playfair Display||||||||dotted&raquo; header_text_color=&raquo;#353740&#8243; header_font_size=&raquo;60px&raquo; header_line_height=&raquo;1.3em&raquo; background_size=&raquo;initial&raquo; background_position=&raquo;top_left&raquo; background_repeat=&raquo;repeat&raquo; custom_margin=&raquo;|||&raquo; animation_style=&raquo;fade&raquo; header_font_size_last_edited=&raquo;off|desktop&raquo; locked=&raquo;off&raquo; global_colors_info=&raquo;{}&raquo;]<\/p>\n<h1>V\u00e5re Produkt<\/h1>\n<p>[\/et_pb_text][et_pb_divider color=&raquo;#00584e&raquo; divider_weight=&raquo;6px&raquo; disabled_on=&raquo;on|on|off%22&#8243; _builder_version=&raquo;4.16&#8243; max_width=&raquo;120px&raquo; animation_style=&raquo;slide&raquo; animation_direction=&raquo;top&raquo; animation_intensity_slide=&raquo;30%&raquo; global_colors_info=&raquo;{}&raquo;][\/et_pb_divider][\/et_pb_column][\/et_pb_row][\/et_pb_section][et_pb_section fb_built=&raquo;1&#8243; _builder_version=&raquo;4.16&#8243; global_colors_info=&raquo;{}&raquo;][et_pb_row _builder_version=&raquo;4.16&#8243; global_colors_info=&raquo;{}&raquo;][et_pb_column type=&raquo;4_4&#8243; _builder_version=&raquo;4.16&#8243; custom_padding=&raquo;|||&raquo; global_colors_info=&raquo;{}&raquo; custom_padding__hover=&raquo;|||&raquo;][et_pb_text _builder_version=&raquo;4.16&#8243; text_font=&raquo;Montserrat||||||||&raquo; text_text_color=&raquo;#848484&#8243; text_font_size=&raquo;19px&raquo; text_line_height=&raquo;1.8em&raquo; header_font=&raquo;||||||||&raquo; global_colors_info=&raquo;{}&raquo;]<\/p>\n<p><span>Vi kan garantere at alle produkta vi brukar er \u00f8kologiske eller naturlege, s\u00e5 langt det er mogeleg. Det finst ikkje kunstige farge- eller parfymestoff, mineralske oljer, kjemiske konserveringsstoff, eller innhaldsstoff fr\u00e5 dyr. Produkta og ingrediensane vi nyttar i salongen er ikkje testa p\u00e5 dyr. I tillegg stiller vi krav til leverand\u00f8rane v\u00e5re om at produkta vert frakta p\u00e5 \u00a0den mest milj\u00f8vennlege m\u00e5ten, og at all emballasje er resirkulerbar og\/ eller nedbrytbar.<\/span><\/p>\n<p>[\/et_pb_text][\/et_pb_column][\/et_pb_row][\/et_pb_section][et_pb_section fb_built=&raquo;1&#8243; admin_label=&raquo;Projects Section&raquo; _builder_version=&raquo;4.16&#8243; custom_margin=&raquo;|||&raquo; custom_padding=&raquo;110px||110px|&raquo; global_colors_info=&raquo;{}&raquo;][et_pb_row column_structure=&raquo;1_2,1_2&#8243; admin_label=&raquo;Project 03&#8243; _builder_version=&raquo;4.16&#8243; background_size=&raquo;initial&raquo; background_position=&raquo;top_left&raquo; background_repeat=&raquo;repeat&raquo; custom_margin=&raquo;50px|||&raquo; custom_padding=&raquo;|||&raquo; global_colors_info=&raquo;{}&raquo;][et_pb_column type=&raquo;1_2&#8243; _builder_version=&raquo;4.16&#8243; custom_padding=&raquo;5%||5%|&raquo; global_colors_info=&raquo;{}&raquo; custom_padding__hover=&raquo;|||&raquo;][et_pb_cta title=&raquo;Zenz Organic&raquo; button_url=&raquo;https:\/\/www.zenzorganic.com\/&raquo; button_text=&raquo;Les Meir&raquo; _builder_version=&raquo;4.16&#8243; header_font=&raquo;Montserrat|700|||||||&raquo; header_text_color=&raquo;#353740&#8243; header_line_height=&raquo;1.5em&raquo; body_font=&raquo;Montserrat||||||||&raquo; body_text_color=&raquo;#747d88&#8243; body_font_size=&raquo;18px&raquo; body_line_height=&raquo;1.8em&raquo; use_background_color=&raquo;off&raquo; background_size=&raquo;initial&raquo; background_position=&raquo;top_left&raquo; background_repeat=&raquo;repeat&raquo; custom_button=&raquo;on&raquo; button_text_color=&raquo;#00584e&raquo; button_border_width=&raquo;4px&raquo; button_border_color=&raquo;#00584e&raquo; button_border_radius=&raquo;100px&raquo; button_letter_spacing=&raquo;2px&raquo; button_font=&raquo;Montserrat|700||on|||||&raquo; button_icon=&raquo;&#x45;||divi||400&#8243; button_icon_color=&raquo;#747d88&#8243; text_orientation=&raquo;left&raquo; background_layout=&raquo;light&raquo; animation_style=&raquo;slide&raquo; animation_direction=&raquo;top&raquo; animation_intensity_slide=&raquo;6%&raquo; button_bg_color_hover=&raquo;rgba(0,0,0,0)&raquo; locked=&raquo;off&raquo; global_colors_info=&raquo;{}&raquo; button_text_size__hover_enabled=&raquo;off&raquo; button_one_text_size__hover_enabled=&raquo;off&raquo; button_two_text_size__hover_enabled=&raquo;off&raquo; button_text_color__hover_enabled=&raquo;off&raquo; button_one_text_color__hover_enabled=&raquo;off&raquo; button_two_text_color__hover_enabled=&raquo;off&raquo; button_border_width__hover_enabled=&raquo;off&raquo; button_one_border_width__hover_enabled=&raquo;off&raquo; button_two_border_width__hover_enabled=&raquo;off&raquo; button_border_color__hover_enabled=&raquo;off&raquo; button_one_border_color__hover_enabled=&raquo;off&raquo; button_two_border_color__hover_enabled=&raquo;off&raquo; button_border_radius__hover_enabled=&raquo;off&raquo; button_one_border_radius__hover_enabled=&raquo;off&raquo; button_two_border_radius__hover_enabled=&raquo;off&raquo; button_letter_spacing__hover_enabled=&raquo;off&raquo; button_one_letter_spacing__hover_enabled=&raquo;off&raquo; button_two_letter_spacing__hover_enabled=&raquo;off&raquo; button_bg_color__hover_enabled=&raquo;on&raquo; button_bg_color__hover=&raquo;rgba(0,0,0,0)&raquo; button_one_bg_color__hover_enabled=&raquo;off&raquo; button_two_bg_color__hover_enabled=&raquo;off&raquo;]<a href=\"https:\/\/www.zenzorganic.com\/\">Zenz Organic<\/a>\u00a0Ein komplett\u00a0svanemerka\u00a0produktserie fr\u00e5 Danmark.\u00a0Zenz Organic arbeider for ein sunnare og meir milj\u00f8vennleg skj\u00f8nnhetsindustri, med respekt for kundar, fris\u00f8rar og milj\u00f8et. Basert p\u00e5 naturlege og \u00f8kologisk sertifiserte ingredienser, som kaldpressa avokadoolje og rein aloe vera. Inneholder produkter med og utan duft.<br \/>\n[\/et_pb_cta][\/et_pb_column][et_pb_column type=&raquo;1_2&#8243; _builder_version=&raquo;4.16&#8243; custom_padding=&raquo;|||&raquo; global_colors_info=&raquo;{}&raquo; custom_padding__hover=&raquo;|||&raquo;][et_pb_image src=&raquo;https:\/\/balanzera.no\/wp-content\/uploads\/2023\/12\/zenz-organic-pure-no-01-shampoo-250-ml-1651058030.jpg&raquo; title_text=&raquo;zenz-organic-pure-no-01-shampoo-250-ml-1651058030&#8243; align_tablet=&raquo;center&raquo; align_phone=&raquo;center&raquo; align_last_edited=&raquo;on|desktop&raquo; _builder_version=&raquo;4.23.1&#8243; animation_style=&raquo;slide&raquo; animation_direction=&raquo;right&raquo; animation_intensity_slide=&raquo;10%&raquo; animation_starting_opacity=&raquo;100%&raquo; global_colors_info=&raquo;{}&raquo;][\/et_pb_image][\/et_pb_column][\/et_pb_row][\/et_pb_section]<\/p>\n","protected":false},"excerpt":{"rendered":"<p>V\u00e5re ProduktVi kan garantere at alle produkta vi brukar er \u00f8kologiske eller naturlege, s\u00e5 langt det er mogeleg. Det finst ikkje kunstige farge- eller parfymestoff, mineralske oljer, kjemiske konserveringsstoff, eller innhaldsstoff fr\u00e5 dyr. Produkta og ingrediensane vi nyttar i salongen er ikkje testa p\u00e5 dyr. I tillegg stiller vi krav til leverand\u00f8rane v\u00e5re om at [&hellip;]<\/p>\n","protected":false},"author":1,"featured_media":0,"parent":0,"menu_order":0,"comment_status":"closed","ping_status":"closed","template":"","meta":{"_et_pb_use_builder":"on","_et_pb_old_content":"","_et_gb_content_width":"","footnotes":""},"class_list":["post-188","page","type-page","status-publish","hentry"],"yoast_head":"<!-- This site is optimized with the Yoast SEO plugin v27.4 - https:\/\/yoast.com\/product\/yoast-seo-wordpress\/ -->\n<title>Produkt - Vi kan garantere at alle v\u00e5re produkt er \u00f8kologiske eller naturlege<\/title>\n<meta name=\"description\" content=\"Vi kan garantere at alle v\u00e5re produkt er \u00f8kologiske eller naturlege, s\u00e5 langt det er mogeleg. Det finst ikkje kunstige farge- eller parfymestoff.\" \/>\n<meta name=\"robots\" content=\"index, follow, max-snippet:-1, max-image-preview:large, max-video-preview:-1\" \/>\n<link rel=\"canonical\" href=\"https:\/\/balanzera.no\/nn\/produkt\/\" \/>\n<meta property=\"og:locale\" content=\"nn_NO\" \/>\n<meta property=\"og:type\" content=\"article\" \/>\n<meta property=\"og:title\" content=\"Produkt - Vi kan garantere at alle v\u00e5re produkt er \u00f8kologiske eller naturlege\" \/>\n<meta property=\"og:description\" content=\"Vi kan garantere at alle v\u00e5re produkt er \u00f8kologiske eller naturlege, s\u00e5 langt det er mogeleg. Det finst ikkje kunstige farge- eller parfymestoff.\" \/>\n<meta property=\"og:url\" content=\"https:\/\/balanzera.no\/nn\/produkt\/\" \/>\n<meta property=\"og:site_name\" content=\"Med omtanke for deg og milj\u00f8et\" \/>\n<meta property=\"article:publisher\" content=\"https:\/\/www.facebook.com\/Balanzera\/\" \/>\n<meta property=\"article:modified_time\" content=\"2023-12-28T18:01:34+00:00\" \/>\n<meta name=\"twitter:card\" content=\"summary_large_image\" \/>\n<meta name=\"twitter:site\" content=\"@balanzeraas\" \/>\n<meta name=\"twitter:label1\" content=\"Est. reading time\" \/>\n\t<meta name=\"twitter:data1\" content=\"4 minutt\" \/>\n<script type=\"application\/ld+json\" class=\"yoast-schema-graph\">{\"@context\":\"https:\\\/\\\/schema.org\",\"@graph\":[{\"@type\":\"WebPage\",\"@id\":\"https:\\\/\\\/balanzera.no\\\/nn\\\/produkt\\\/\",\"url\":\"https:\\\/\\\/balanzera.no\\\/nn\\\/produkt\\\/\",\"name\":\"Produkt - Vi kan garantere at alle v\u00e5re produkt er \u00f8kologiske eller naturlege\",\"isPartOf\":{\"@id\":\"https:\\\/\\\/balanzera.no\\\/#website\"},\"datePublished\":\"2018-09-26T12:17:39+00:00\",\"dateModified\":\"2023-12-28T18:01:34+00:00\",\"description\":\"Vi kan garantere at alle v\u00e5re produkt er \u00f8kologiske eller naturlege, s\u00e5 langt det er mogeleg. Det finst ikkje kunstige farge- eller parfymestoff.\",\"breadcrumb\":{\"@id\":\"https:\\\/\\\/balanzera.no\\\/nn\\\/produkt\\\/#breadcrumb\"},\"inLanguage\":\"nn-NO\",\"potentialAction\":[{\"@type\":\"ReadAction\",\"target\":[\"https:\\\/\\\/balanzera.no\\\/nn\\\/produkt\\\/\"]}]},{\"@type\":\"BreadcrumbList\",\"@id\":\"https:\\\/\\\/balanzera.no\\\/nn\\\/produkt\\\/#breadcrumb\",\"itemListElement\":[{\"@type\":\"ListItem\",\"position\":1,\"name\":\"Home\",\"item\":\"https:\\\/\\\/balanzera.no\\\/nn\\\/\"},{\"@type\":\"ListItem\",\"position\":2,\"name\":\"Produkt\"}]},{\"@type\":\"WebSite\",\"@id\":\"https:\\\/\\\/balanzera.no\\\/#website\",\"url\":\"https:\\\/\\\/balanzera.no\\\/\",\"name\":\"Med omtanke for deg og milj\u00f8et\",\"description\":\"\",\"publisher\":{\"@id\":\"https:\\\/\\\/balanzera.no\\\/#organization\"},\"potentialAction\":[{\"@type\":\"SearchAction\",\"target\":{\"@type\":\"EntryPoint\",\"urlTemplate\":\"https:\\\/\\\/balanzera.no\\\/?s={search_term_string}\"},\"query-input\":{\"@type\":\"PropertyValueSpecification\",\"valueRequired\":true,\"valueName\":\"search_term_string\"}}],\"inLanguage\":\"nn-NO\"},{\"@type\":\"Organization\",\"@id\":\"https:\\\/\\\/balanzera.no\\\/#organization\",\"name\":\"Balanzera AS\",\"url\":\"https:\\\/\\\/balanzera.no\\\/\",\"logo\":{\"@type\":\"ImageObject\",\"inLanguage\":\"nn-NO\",\"@id\":\"https:\\\/\\\/balanzera.no\\\/#\\\/schema\\\/logo\\\/image\\\/\",\"url\":\"https:\\\/\\\/balanzera.no\\\/wp-content\\\/uploads\\\/2018\\\/09\\\/Hvit1_BZ_Logo_Nett.jpg\",\"contentUrl\":\"https:\\\/\\\/balanzera.no\\\/wp-content\\\/uploads\\\/2018\\\/09\\\/Hvit1_BZ_Logo_Nett.jpg\",\"width\":842,\"height\":842,\"caption\":\"Balanzera AS\"},\"image\":{\"@id\":\"https:\\\/\\\/balanzera.no\\\/#\\\/schema\\\/logo\\\/image\\\/\"},\"sameAs\":[\"https:\\\/\\\/www.facebook.com\\\/Balanzera\\\/\",\"https:\\\/\\\/x.com\\\/balanzeraas\",\"https:\\\/\\\/www.instagram.com\\\/balanzera\\\/\"]}]}<\/script>\n<!-- \/ Yoast SEO plugin. -->","yoast_head_json":{"title":"Produkt - Vi kan garantere at alle v\u00e5re produkt er \u00f8kologiske eller naturlege","description":"Vi kan garantere at alle v\u00e5re produkt er \u00f8kologiske eller naturlege, s\u00e5 langt det er mogeleg. Det finst ikkje kunstige farge- eller parfymestoff.","robots":{"index":"index","follow":"follow","max-snippet":"max-snippet:-1","max-image-preview":"max-image-preview:large","max-video-preview":"max-video-preview:-1"},"canonical":"https:\/\/balanzera.no\/nn\/produkt\/","og_locale":"nn_NO","og_type":"article","og_title":"Produkt - Vi kan garantere at alle v\u00e5re produkt er \u00f8kologiske eller naturlege","og_description":"Vi kan garantere at alle v\u00e5re produkt er \u00f8kologiske eller naturlege, s\u00e5 langt det er mogeleg. Det finst ikkje kunstige farge- eller parfymestoff.","og_url":"https:\/\/balanzera.no\/nn\/produkt\/","og_site_name":"Med omtanke for deg og milj\u00f8et","article_publisher":"https:\/\/www.facebook.com\/Balanzera\/","article_modified_time":"2023-12-28T18:01:34+00:00","twitter_card":"summary_large_image","twitter_site":"@balanzeraas","twitter_misc":{"Est. reading time":"4 minutt"},"schema":{"@context":"https:\/\/schema.org","@graph":[{"@type":"WebPage","@id":"https:\/\/balanzera.no\/nn\/produkt\/","url":"https:\/\/balanzera.no\/nn\/produkt\/","name":"Produkt - Vi kan garantere at alle v\u00e5re produkt er \u00f8kologiske eller naturlege","isPartOf":{"@id":"https:\/\/balanzera.no\/#website"},"datePublished":"2018-09-26T12:17:39+00:00","dateModified":"2023-12-28T18:01:34+00:00","description":"Vi kan garantere at alle v\u00e5re produkt er \u00f8kologiske eller naturlege, s\u00e5 langt det er mogeleg. Det finst ikkje kunstige farge- eller parfymestoff.","breadcrumb":{"@id":"https:\/\/balanzera.no\/nn\/produkt\/#breadcrumb"},"inLanguage":"nn-NO","potentialAction":[{"@type":"ReadAction","target":["https:\/\/balanzera.no\/nn\/produkt\/"]}]},{"@type":"BreadcrumbList","@id":"https:\/\/balanzera.no\/nn\/produkt\/#breadcrumb","itemListElement":[{"@type":"ListItem","position":1,"name":"Home","item":"https:\/\/balanzera.no\/nn\/"},{"@type":"ListItem","position":2,"name":"Produkt"}]},{"@type":"WebSite","@id":"https:\/\/balanzera.no\/#website","url":"https:\/\/balanzera.no\/","name":"Med omtanke for deg og milj\u00f8et","description":"","publisher":{"@id":"https:\/\/balanzera.no\/#organization"},"potentialAction":[{"@type":"SearchAction","target":{"@type":"EntryPoint","urlTemplate":"https:\/\/balanzera.no\/?s={search_term_string}"},"query-input":{"@type":"PropertyValueSpecification","valueRequired":true,"valueName":"search_term_string"}}],"inLanguage":"nn-NO"},{"@type":"Organization","@id":"https:\/\/balanzera.no\/#organization","name":"Balanzera AS","url":"https:\/\/balanzera.no\/","logo":{"@type":"ImageObject","inLanguage":"nn-NO","@id":"https:\/\/balanzera.no\/#\/schema\/logo\/image\/","url":"https:\/\/balanzera.no\/wp-content\/uploads\/2018\/09\/Hvit1_BZ_Logo_Nett.jpg","contentUrl":"https:\/\/balanzera.no\/wp-content\/uploads\/2018\/09\/Hvit1_BZ_Logo_Nett.jpg","width":842,"height":842,"caption":"Balanzera AS"},"image":{"@id":"https:\/\/balanzera.no\/#\/schema\/logo\/image\/"},"sameAs":["https:\/\/www.facebook.com\/Balanzera\/","https:\/\/x.com\/balanzeraas","https:\/\/www.instagram.com\/balanzera\/"]}]}},"_links":{"self":[{"href":"https:\/\/balanzera.no\/nn\/wp-json\/wp\/v2\/pages\/188","targetHints":{"allow":["GET"]}}],"collection":[{"href":"https:\/\/balanzera.no\/nn\/wp-json\/wp\/v2\/pages"}],"about":[{"href":"https:\/\/balanzera.no\/nn\/wp-json\/wp\/v2\/types\/page"}],"author":[{"embeddable":true,"href":"https:\/\/balanzera.no\/nn\/wp-json\/wp\/v2\/users\/1"}],"replies":[{"embeddable":true,"href":"https:\/\/balanzera.no\/nn\/wp-json\/wp\/v2\/comments?post=188"}],"version-history":[{"count":15,"href":"https:\/\/balanzera.no\/nn\/wp-json\/wp\/v2\/pages\/188\/revisions"}],"predecessor-version":[{"id":593,"href":"https:\/\/balanzera.no\/nn\/wp-json\/wp\/v2\/pages\/188\/revisions\/593"}],"wp:attachment":[{"href":"https:\/\/balanzera.no\/nn\/wp-json\/wp\/v2\/media?parent=188"}],"curies":[{"name":"wp","href":"https:\/\/api.w.org\/{rel}","templated":true}]}}