{"id":125,"date":"2018-09-25T15:16:57","date_gmt":"2018-09-25T15:16:57","guid":{"rendered":"https:\/\/balanzera.no\/?page_id=125"},"modified":"2025-09-15T14:03:39","modified_gmt":"2025-09-15T14:03:39","slug":"kontakt","status":"publish","type":"page","link":"https:\/\/balanzera.no\/nn\/kontakt\/","title":{"rendered":"Kontakt"},"content":{"rendered":"<p>[et_pb_section fb_built=&raquo;1&#8243; admin_label=&raquo;Hero&raquo; _builder_version=&raquo;4.27.4&#8243; background_image=&raquo;https:\/\/balanzera.no\/wp-content\/uploads\/2018\/09\/background-texture.jpg&raquo; background_blend=&raquo;multiply&raquo; custom_padding=&raquo;|||&raquo; animation_style=&raquo;zoom&raquo; animation_intensity_zoom=&raquo;4%&raquo; hover_enabled=&raquo;0&#8243; global_colors_info=&raquo;{}&raquo; sticky_enabled=&raquo;0&#8243; height=&raquo;100px&raquo;][et_pb_row _builder_version=&raquo;4.16&#8243; background_size=&raquo;initial&raquo; background_position=&raquo;top_left&raquo; background_repeat=&raquo;repeat&raquo; background_blend=&raquo;multiply&raquo; custom_padding=&raquo;|||&raquo; animation_style=&raquo;slide&raquo; animation_direction=&raquo;top&raquo; animation_intensity_slide=&raquo;3%&raquo; global_colors_info=&raquo;{}&raquo;][et_pb_column type=&raquo;4_4&#8243; _builder_version=&raquo;4.16&#8243; custom_padding=&raquo;|||&raquo; global_colors_info=&raquo;{}&raquo; custom_padding__hover=&raquo;|||&raquo;][et_pb_text _builder_version=&raquo;4.16&#8243; text_font=&raquo;||||||||&raquo; header_font=&raquo;Playfair Display||||||||dotted&raquo; header_text_color=&raquo;#353740&#8243; header_font_size=&raquo;60px&raquo; header_line_height=&raquo;1.3em&raquo; background_size=&raquo;initial&raquo; background_position=&raquo;top_left&raquo; background_repeat=&raquo;repeat&raquo; custom_margin=&raquo;|||&raquo; animation_style=&raquo;fade&raquo; header_font_size_last_edited=&raquo;off|desktop&raquo; locked=&raquo;off&raquo; global_colors_info=&raquo;{}&raquo;]<\/p>\n<h1>Kontakt oss<\/h1>\n<p>[\/et_pb_text][et_pb_divider color=&raquo;#00584e&raquo; divider_weight=&raquo;6px&raquo; disabled_on=&raquo;on|on|off%22&#8243; _builder_version=&raquo;4.16&#8243; max_width=&raquo;120px&raquo; animation_style=&raquo;slide&raquo; animation_direction=&raquo;top&raquo; animation_intensity_slide=&raquo;30%&raquo; global_colors_info=&raquo;{}&raquo;][\/et_pb_divider][\/et_pb_column][\/et_pb_row][\/et_pb_section][et_pb_section fb_built=&raquo;1&#8243; admin_label=&raquo;Contact Section&raquo; _builder_version=&raquo;4.16&#8243; custom_padding=&raquo;110px||110px|&raquo; global_colors_info=&raquo;{}&raquo;][et_pb_row column_structure=&raquo;1_4,1_4,1_4,1_4&#8243; admin_label=&raquo;Contact Area&raquo; _builder_version=&raquo;4.16&#8243; animation_style=&raquo;zoom&raquo; animation_intensity_zoom=&raquo;20%&raquo; global_colors_info=&raquo;{}&raquo;][et_pb_column type=&raquo;1_4&#8243; _builder_version=&raquo;4.16&#8243; custom_padding=&raquo;|||&raquo; global_colors_info=&raquo;{}&raquo; custom_padding__hover=&raquo;|||&raquo;][et_pb_text _builder_version=&raquo;4.16&#8243; text_font=&raquo;Montserrat||||&raquo; text_text_color=&raquo;#747d88&#8243; text_font_size=&raquo;16px&raquo; text_line_height=&raquo;1.8em&raquo; link_font=&raquo;||||on|||#fcd21d|double&raquo; link_text_color=&raquo;#353740&#8243; header_font=&raquo;Montserrat||||&raquo; header_4_font=&raquo;Montserrat|700|||||||&raquo; header_4_text_color=&raquo;#353740&#8243; header_4_font_size=&raquo;22px&raquo; header_4_line_height=&raquo;1.9em&raquo; animation_style=&raquo;zoom&raquo; animation_intensity_zoom=&raquo;20%&raquo; global_colors_info=&raquo;{}&raquo;]<\/p>\n<h4>Gr\u00fcnerl\u00f8kka<\/h4>\n<p>Sofienberggata 2B<br \/>\n0551 Oslo<\/p>\n<p>+47 22 04 11 66<\/p>\n<p><a href=\"mailto:grunerlokka@balanzera.no\">grunerlokka@balanzera.no<\/a>[\/et_pb_text][\/et_pb_column][et_pb_column type=&raquo;1_4&#8243; _builder_version=&raquo;4.16&#8243; custom_padding=&raquo;|||&raquo; global_colors_info=&raquo;{}&raquo; custom_padding__hover=&raquo;|||&raquo;][et_pb_text _builder_version=&raquo;4.16&#8243; text_font=&raquo;Montserrat||||&raquo; text_text_color=&raquo;#747d88&#8243; text_font_size=&raquo;16px&raquo; text_line_height=&raquo;1.8em&raquo; link_font=&raquo;||||on|||#fcd21d|double&raquo; link_text_color=&raquo;#353740&#8243; header_font=&raquo;Montserrat||||&raquo; header_4_font=&raquo;Montserrat|700|||||||&raquo; header_4_text_color=&raquo;#353740&#8243; header_4_font_size=&raquo;22px&raquo; header_4_line_height=&raquo;1.9em&raquo; animation_style=&raquo;zoom&raquo; animation_delay=&raquo;100ms&raquo; animation_intensity_zoom=&raquo;20%&raquo; locked=&raquo;off&raquo; global_colors_info=&raquo;{}&raquo;]<\/p>\n<h4>Kviteseid<\/h4>\n<p>Kviteseidgata 36<br \/>\n3850 Kviteseid<\/p>\n<p>+47\u00a0<span>48 51 69 03<\/span><\/p>\n<p><a href=\"mailto:kviteseid@balanzera.no\">kviteseid@balanzera.no<\/a>[\/et_pb_text][\/et_pb_column][et_pb_column type=&raquo;1_4&#8243; _builder_version=&raquo;4.16&#8243; custom_padding=&raquo;|||&raquo; global_colors_info=&raquo;{}&raquo; custom_padding__hover=&raquo;|||&raquo;][et_pb_text _builder_version=&raquo;4.27.4&#8243; text_font=&raquo;Montserrat||||&raquo; text_text_color=&raquo;#747d88&#8243; text_font_size=&raquo;16px&raquo; text_line_height=&raquo;1.8em&raquo; link_font=&raquo;||||on|||#fcd21d|double&raquo; link_text_color=&raquo;#353740&#8243; header_font=&raquo;Montserrat||||&raquo; header_4_font=&raquo;Montserrat|700|||||||&raquo; header_4_text_color=&raquo;#353740&#8243; header_4_font_size=&raquo;22px&raquo; header_4_line_height=&raquo;1.9em&raquo; width=&raquo;100%&raquo; custom_margin=&raquo;|-71px||||&raquo; custom_padding=&raquo;||1px|||&raquo; animation_style=&raquo;zoom&raquo; animation_delay=&raquo;200ms&raquo; animation_intensity_zoom=&raquo;20%&raquo; hover_enabled=&raquo;0&#8243; locked=&raquo;off&raquo; global_colors_info=&raquo;{}&raquo; sticky_enabled=&raquo;0&#8243;]<\/p>\n<h4>Frogner<br \/>Holtegata 33<br \/>0355 Oslo<\/h4>\n<p>+47 45 06 41 41<\/p>\n<p><a href=\"mailto:bislett@balanzera.no\">frogner@balanzera.no<\/a><\/p>\n<p>[\/et_pb_text][\/et_pb_column][et_pb_column type=&raquo;1_4&#8243; _builder_version=&raquo;4.21.2&#8243; _module_preset=&raquo;default&raquo; global_colors_info=&raquo;{}&raquo;][\/et_pb_column][\/et_pb_row][\/et_pb_section][et_pb_section fb_built=&raquo;1&#8243; admin_label=&raquo;Contact Form Section&raquo; _builder_version=&raquo;4.16&#8243; background_color=&raquo;#f7f7f7&#8243; custom_padding=&raquo;110px||110px|&raquo; animation_direction=&raquo;bottom&raquo; saved_tabs=&raquo;all&raquo; global_colors_info=&raquo;{}&raquo;][et_pb_row admin_label=&raquo;Service Section Title&raquo; _builder_version=&raquo;4.16&#8243; custom_margin=&raquo;||40px|&raquo; animation_style=&raquo;fade&raquo; animation_direction=&raquo;top&raquo; locked=&raquo;off&raquo; global_colors_info=&raquo;{}&raquo;][et_pb_column type=&raquo;4_4&#8243; _builder_version=&raquo;4.16&#8243; custom_padding=&raquo;|||&raquo; global_colors_info=&raquo;{}&raquo; custom_padding__hover=&raquo;|||&raquo;][et_pb_text admin_label=&raquo;Title&raquo; _builder_version=&raquo;4.16&#8243; text_font=&raquo;Montserrat||||||||&raquo; text_text_color=&raquo;#747d88&#8243; text_font_size=&raquo;16px&raquo; text_line_height=&raquo;1.9em&raquo; header_font=&raquo;||||||||&raquo; header_2_font=&raquo;Montserrat|700||on|||||&raquo; header_2_font_size=&raquo;42px&raquo; header_2_line_height=&raquo;1.3em&raquo; text_orientation=&raquo;center&raquo; max_width=&raquo;700px&raquo; module_alignment=&raquo;center&raquo; animation_style=&raquo;slide&raquo; animation_direction=&raquo;bottom&raquo; animation_intensity_slide=&raquo;4%&raquo; global_colors_info=&raquo;{}&raquo;]<\/p>\n<h2>Ta kontakt<\/h2>\n<p>[\/et_pb_text][et_pb_text admin_label=&raquo;Subtitle&raquo; _builder_version=&raquo;4.16&#8243; text_font=&raquo;Montserrat||||&raquo; text_text_color=&raquo;#353740&#8243; text_font_size=&raquo;16px&raquo; text_line_height=&raquo;1.8em&raquo; header_font=&raquo;||||||||&raquo; text_orientation=&raquo;center&raquo; max_width=&raquo;700px&raquo; module_alignment=&raquo;center&raquo; custom_margin=&raquo;|||&raquo; animation_style=&raquo;slide&raquo; animation_direction=&raquo;bottom&raquo; animation_delay=&raquo;100ms&raquo; animation_intensity_slide=&raquo;4%&raquo; global_colors_info=&raquo;{}&raquo;]Vi tar desverre ikkje i mot bestilling via e-post. Du kan bestille time online via heimesida.<br \/>\n[\/et_pb_text][\/et_pb_column][\/et_pb_row][et_pb_row admin_label=&raquo;Contact Form&raquo; _builder_version=&raquo;4.16&#8243; animation_style=&raquo;fade&raquo; global_colors_info=&raquo;{}&raquo;][et_pb_column type=&raquo;4_4&#8243; _builder_version=&raquo;4.16&#8243; custom_padding=&raquo;|||&raquo; global_colors_info=&raquo;{}&raquo; custom_padding__hover=&raquo;|||&raquo;][et_pb_contact_form captcha=&raquo;off&raquo; email=&raquo;salong@balanzera.no&raquo; success_message=&raquo;Vi har mottatt din melding&raquo; submit_button_text=&raquo;Send&raquo; module_id=&raquo;et_pb_contact_form_0&#8243; _builder_version=&raquo;4.16&#8243; _unique_id=&raquo;3fa7ea52-6ba4-4f5e-8673-10593c45735a&raquo; form_field_background_color=&raquo;rgba(255,255,255,0)&raquo; form_field_text_color=&raquo;#353740&#8243; form_field_font=&raquo;Montserrat||||&raquo; form_field_font_size=&raquo;16px&raquo; custom_button=&raquo;on&raquo; button_text_color=&raquo;#00584e&raquo; button_border_width=&raquo;5px&raquo; button_border_color=&raquo;#00584e&raquo; button_border_radius=&raquo;100px&raquo; button_letter_spacing=&raquo;2px&raquo; button_font=&raquo;Montserrat|on||on|&raquo; button_icon=&raquo;&#x45;||divi||400&#8243; button_icon_color=&raquo;#353740&#8243; max_width=&raquo;800px&raquo; module_alignment=&raquo;center&raquo; animation_style=&raquo;fade&raquo; box_shadow_style=&raquo;preset7&#8243; box_shadow_horizontal=&raquo;0px&raquo; box_shadow_vertical=&raquo;-1px&raquo; box_shadow_color=&raquo;rgba(0,0,0,0.18)&raquo; form_background_color=&raquo;rgba(255,255,255,0)&raquo; global_colors_info=&raquo;{}&raquo;][et_pb_contact_field field_id=&raquo;Name&raquo; field_title=&raquo;Navn&raquo; fullwidth_field=&raquo;on&raquo; _builder_version=&raquo;4.16&#8243; global_colors_info=&raquo;{}&raquo; button_text_size__hover_enabled=&raquo;off&raquo; button_one_text_size__hover_enabled=&raquo;off&raquo; button_two_text_size__hover_enabled=&raquo;off&raquo; button_text_color__hover_enabled=&raquo;off&raquo; button_one_text_color__hover_enabled=&raquo;off&raquo; button_two_text_color__hover_enabled=&raquo;off&raquo; button_border_width__hover_enabled=&raquo;off&raquo; button_one_border_width__hover_enabled=&raquo;off&raquo; button_two_border_width__hover_enabled=&raquo;off&raquo; button_border_color__hover_enabled=&raquo;off&raquo; button_one_border_color__hover_enabled=&raquo;off&raquo; button_two_border_color__hover_enabled=&raquo;off&raquo; button_border_radius__hover_enabled=&raquo;off&raquo; button_one_border_radius__hover_enabled=&raquo;off&raquo; button_two_border_radius__hover_enabled=&raquo;off&raquo; button_letter_spacing__hover_enabled=&raquo;off&raquo; button_one_letter_spacing__hover_enabled=&raquo;off&raquo; button_two_letter_spacing__hover_enabled=&raquo;off&raquo; button_bg_color__hover_enabled=&raquo;off&raquo; button_one_bg_color__hover_enabled=&raquo;off&raquo; button_two_bg_color__hover_enabled=&raquo;off&raquo;][\/et_pb_contact_field][et_pb_contact_field field_id=&raquo;Email&raquo; field_title=&raquo;Email Adresse&raquo; field_type=&raquo;email&raquo; fullwidth_field=&raquo;on&raquo; _builder_version=&raquo;4.16&#8243; global_colors_info=&raquo;{}&raquo; button_text_size__hover_enabled=&raquo;off&raquo; button_one_text_size__hover_enabled=&raquo;off&raquo; button_two_text_size__hover_enabled=&raquo;off&raquo; button_text_color__hover_enabled=&raquo;off&raquo; button_one_text_color__hover_enabled=&raquo;off&raquo; button_two_text_color__hover_enabled=&raquo;off&raquo; button_border_width__hover_enabled=&raquo;off&raquo; button_one_border_width__hover_enabled=&raquo;off&raquo; button_two_border_width__hover_enabled=&raquo;off&raquo; button_border_color__hover_enabled=&raquo;off&raquo; button_one_border_color__hover_enabled=&raquo;off&raquo; button_two_border_color__hover_enabled=&raquo;off&raquo; button_border_radius__hover_enabled=&raquo;off&raquo; button_one_border_radius__hover_enabled=&raquo;off&raquo; button_two_border_radius__hover_enabled=&raquo;off&raquo; button_letter_spacing__hover_enabled=&raquo;off&raquo; button_one_letter_spacing__hover_enabled=&raquo;off&raquo; button_two_letter_spacing__hover_enabled=&raquo;off&raquo; button_bg_color__hover_enabled=&raquo;off&raquo; button_one_bg_color__hover_enabled=&raquo;off&raquo; button_two_bg_color__hover_enabled=&raquo;off&raquo;][\/et_pb_contact_field][et_pb_contact_field field_id=&raquo;Message&raquo; field_title=&raquo;Melding&raquo; field_type=&raquo;text&raquo; fullwidth_field=&raquo;on&raquo; _builder_version=&raquo;4.16&#8243; custom_margin=&raquo;||60px|&raquo; custom_padding=&raquo;|||&raquo; global_colors_info=&raquo;{}&raquo; button_text_size__hover_enabled=&raquo;off&raquo; button_one_text_size__hover_enabled=&raquo;off&raquo; button_two_text_size__hover_enabled=&raquo;off&raquo; button_text_color__hover_enabled=&raquo;off&raquo; button_one_text_color__hover_enabled=&raquo;off&raquo; button_two_text_color__hover_enabled=&raquo;off&raquo; button_border_width__hover_enabled=&raquo;off&raquo; button_one_border_width__hover_enabled=&raquo;off&raquo; button_two_border_width__hover_enabled=&raquo;off&raquo; button_border_color__hover_enabled=&raquo;off&raquo; button_one_border_color__hover_enabled=&raquo;off&raquo; button_two_border_color__hover_enabled=&raquo;off&raquo; button_border_radius__hover_enabled=&raquo;off&raquo; button_one_border_radius__hover_enabled=&raquo;off&raquo; button_two_border_radius__hover_enabled=&raquo;off&raquo; button_letter_spacing__hover_enabled=&raquo;off&raquo; button_one_letter_spacing__hover_enabled=&raquo;off&raquo; button_two_letter_spacing__hover_enabled=&raquo;off&raquo; button_bg_color__hover_enabled=&raquo;off&raquo; button_one_bg_color__hover_enabled=&raquo;off&raquo; button_two_bg_color__hover_enabled=&raquo;off&raquo;][\/et_pb_contact_field][\/et_pb_contact_form][\/et_pb_column][\/et_pb_row][\/et_pb_section]<\/p>\n","protected":false},"excerpt":{"rendered":"<p>Kontakt ossGr\u00fcnerl\u00f8kka Sofienberggata 2B 0551 Oslo +47 22 04 11 66 grunerlokka@balanzera.noKviteseid Kviteseidgata 36 3850 Kviteseid +47\u00a048 51 69 03 kviteseid@balanzera.noFrognerHoltegata 330355 Oslo +47 45 06 41 41 frogner@balanzera.noTa kontakt Vi tar desverre ikkje i mot bestilling via e-post. Du kan bestille time online via heimesida.<\/p>\n","protected":false},"author":1,"featured_media":0,"parent":0,"menu_order":0,"comment_status":"closed","ping_status":"closed","template":"","meta":{"_et_pb_use_builder":"on","_et_pb_old_content":"","_et_gb_content_width":"","footnotes":""},"class_list":["post-125","page","type-page","status-publish","hentry"],"yoast_head":"<!-- This site is optimized with the Yoast SEO plugin v27.4 - https:\/\/yoast.com\/product\/yoast-seo-wordpress\/ -->\n<title>Kontakt - Med omtanke for deg og milj\u00f8et<\/title>\n<meta name=\"description\" content=\"Balanzera har to salongar i Oslo og ein i Telemark. Ta kontakt p\u00e5 mail og telefon, du kan ogs\u00e5 bestille time via v\u00e5r online booking.\" \/>\n<meta name=\"robots\" content=\"index, follow, max-snippet:-1, max-image-preview:large, max-video-preview:-1\" \/>\n<link rel=\"canonical\" href=\"https:\/\/balanzera.no\/nn\/kontakt\/\" \/>\n<meta property=\"og:locale\" content=\"nn_NO\" \/>\n<meta property=\"og:type\" content=\"article\" \/>\n<meta property=\"og:title\" content=\"Kontakt - Med omtanke for deg og milj\u00f8et\" \/>\n<meta property=\"og:description\" content=\"Balanzera har to salongar i Oslo og ein i Telemark. Ta kontakt p\u00e5 mail og telefon, du kan ogs\u00e5 bestille time via v\u00e5r online booking.\" \/>\n<meta property=\"og:url\" content=\"https:\/\/balanzera.no\/nn\/kontakt\/\" \/>\n<meta property=\"og:site_name\" content=\"Med omtanke for deg og milj\u00f8et\" \/>\n<meta property=\"article:publisher\" content=\"https:\/\/www.facebook.com\/Balanzera\/\" \/>\n<meta property=\"article:modified_time\" content=\"2025-09-15T14:03:39+00:00\" \/>\n<meta name=\"twitter:card\" content=\"summary_large_image\" \/>\n<meta name=\"twitter:site\" content=\"@balanzeraas\" \/>\n<meta name=\"twitter:label1\" content=\"Est. reading time\" \/>\n\t<meta name=\"twitter:data1\" content=\"7 minutt\" \/>\n<script type=\"application\/ld+json\" class=\"yoast-schema-graph\">{\"@context\":\"https:\\\/\\\/schema.org\",\"@graph\":[{\"@type\":\"WebPage\",\"@id\":\"https:\\\/\\\/balanzera.no\\\/nn\\\/kontakt\\\/\",\"url\":\"https:\\\/\\\/balanzera.no\\\/nn\\\/kontakt\\\/\",\"name\":\"Kontakt - Med omtanke for deg og milj\u00f8et\",\"isPartOf\":{\"@id\":\"https:\\\/\\\/balanzera.no\\\/#website\"},\"datePublished\":\"2018-09-25T15:16:57+00:00\",\"dateModified\":\"2025-09-15T14:03:39+00:00\",\"description\":\"Balanzera har to salongar i Oslo og ein i Telemark. Ta kontakt p\u00e5 mail og telefon, du kan ogs\u00e5 bestille time via v\u00e5r online booking.\",\"breadcrumb\":{\"@id\":\"https:\\\/\\\/balanzera.no\\\/nn\\\/kontakt\\\/#breadcrumb\"},\"inLanguage\":\"nn-NO\",\"potentialAction\":[{\"@type\":\"ReadAction\",\"target\":[\"https:\\\/\\\/balanzera.no\\\/nn\\\/kontakt\\\/\"]}]},{\"@type\":\"BreadcrumbList\",\"@id\":\"https:\\\/\\\/balanzera.no\\\/nn\\\/kontakt\\\/#breadcrumb\",\"itemListElement\":[{\"@type\":\"ListItem\",\"position\":1,\"name\":\"Home\",\"item\":\"https:\\\/\\\/balanzera.no\\\/nn\\\/\"},{\"@type\":\"ListItem\",\"position\":2,\"name\":\"Kontakt\"}]},{\"@type\":\"WebSite\",\"@id\":\"https:\\\/\\\/balanzera.no\\\/#website\",\"url\":\"https:\\\/\\\/balanzera.no\\\/\",\"name\":\"Med omtanke for deg og milj\u00f8et\",\"description\":\"\",\"publisher\":{\"@id\":\"https:\\\/\\\/balanzera.no\\\/#organization\"},\"potentialAction\":[{\"@type\":\"SearchAction\",\"target\":{\"@type\":\"EntryPoint\",\"urlTemplate\":\"https:\\\/\\\/balanzera.no\\\/?s={search_term_string}\"},\"query-input\":{\"@type\":\"PropertyValueSpecification\",\"valueRequired\":true,\"valueName\":\"search_term_string\"}}],\"inLanguage\":\"nn-NO\"},{\"@type\":\"Organization\",\"@id\":\"https:\\\/\\\/balanzera.no\\\/#organization\",\"name\":\"Balanzera AS\",\"url\":\"https:\\\/\\\/balanzera.no\\\/\",\"logo\":{\"@type\":\"ImageObject\",\"inLanguage\":\"nn-NO\",\"@id\":\"https:\\\/\\\/balanzera.no\\\/#\\\/schema\\\/logo\\\/image\\\/\",\"url\":\"https:\\\/\\\/balanzera.no\\\/wp-content\\\/uploads\\\/2018\\\/09\\\/Hvit1_BZ_Logo_Nett.jpg\",\"contentUrl\":\"https:\\\/\\\/balanzera.no\\\/wp-content\\\/uploads\\\/2018\\\/09\\\/Hvit1_BZ_Logo_Nett.jpg\",\"width\":842,\"height\":842,\"caption\":\"Balanzera AS\"},\"image\":{\"@id\":\"https:\\\/\\\/balanzera.no\\\/#\\\/schema\\\/logo\\\/image\\\/\"},\"sameAs\":[\"https:\\\/\\\/www.facebook.com\\\/Balanzera\\\/\",\"https:\\\/\\\/x.com\\\/balanzeraas\",\"https:\\\/\\\/www.instagram.com\\\/balanzera\\\/\"]}]}<\/script>\n<!-- \/ Yoast SEO plugin. -->","yoast_head_json":{"title":"Kontakt - Med omtanke for deg og milj\u00f8et","description":"Balanzera har to salongar i Oslo og ein i Telemark. Ta kontakt p\u00e5 mail og telefon, du kan ogs\u00e5 bestille time via v\u00e5r online booking.","robots":{"index":"index","follow":"follow","max-snippet":"max-snippet:-1","max-image-preview":"max-image-preview:large","max-video-preview":"max-video-preview:-1"},"canonical":"https:\/\/balanzera.no\/nn\/kontakt\/","og_locale":"nn_NO","og_type":"article","og_title":"Kontakt - Med omtanke for deg og milj\u00f8et","og_description":"Balanzera har to salongar i Oslo og ein i Telemark. Ta kontakt p\u00e5 mail og telefon, du kan ogs\u00e5 bestille time via v\u00e5r online booking.","og_url":"https:\/\/balanzera.no\/nn\/kontakt\/","og_site_name":"Med omtanke for deg og milj\u00f8et","article_publisher":"https:\/\/www.facebook.com\/Balanzera\/","article_modified_time":"2025-09-15T14:03:39+00:00","twitter_card":"summary_large_image","twitter_site":"@balanzeraas","twitter_misc":{"Est. reading time":"7 minutt"},"schema":{"@context":"https:\/\/schema.org","@graph":[{"@type":"WebPage","@id":"https:\/\/balanzera.no\/nn\/kontakt\/","url":"https:\/\/balanzera.no\/nn\/kontakt\/","name":"Kontakt - Med omtanke for deg og milj\u00f8et","isPartOf":{"@id":"https:\/\/balanzera.no\/#website"},"datePublished":"2018-09-25T15:16:57+00:00","dateModified":"2025-09-15T14:03:39+00:00","description":"Balanzera har to salongar i Oslo og ein i Telemark. Ta kontakt p\u00e5 mail og telefon, du kan ogs\u00e5 bestille time via v\u00e5r online booking.","breadcrumb":{"@id":"https:\/\/balanzera.no\/nn\/kontakt\/#breadcrumb"},"inLanguage":"nn-NO","potentialAction":[{"@type":"ReadAction","target":["https:\/\/balanzera.no\/nn\/kontakt\/"]}]},{"@type":"BreadcrumbList","@id":"https:\/\/balanzera.no\/nn\/kontakt\/#breadcrumb","itemListElement":[{"@type":"ListItem","position":1,"name":"Home","item":"https:\/\/balanzera.no\/nn\/"},{"@type":"ListItem","position":2,"name":"Kontakt"}]},{"@type":"WebSite","@id":"https:\/\/balanzera.no\/#website","url":"https:\/\/balanzera.no\/","name":"Med omtanke for deg og milj\u00f8et","description":"","publisher":{"@id":"https:\/\/balanzera.no\/#organization"},"potentialAction":[{"@type":"SearchAction","target":{"@type":"EntryPoint","urlTemplate":"https:\/\/balanzera.no\/?s={search_term_string}"},"query-input":{"@type":"PropertyValueSpecification","valueRequired":true,"valueName":"search_term_string"}}],"inLanguage":"nn-NO"},{"@type":"Organization","@id":"https:\/\/balanzera.no\/#organization","name":"Balanzera AS","url":"https:\/\/balanzera.no\/","logo":{"@type":"ImageObject","inLanguage":"nn-NO","@id":"https:\/\/balanzera.no\/#\/schema\/logo\/image\/","url":"https:\/\/balanzera.no\/wp-content\/uploads\/2018\/09\/Hvit1_BZ_Logo_Nett.jpg","contentUrl":"https:\/\/balanzera.no\/wp-content\/uploads\/2018\/09\/Hvit1_BZ_Logo_Nett.jpg","width":842,"height":842,"caption":"Balanzera AS"},"image":{"@id":"https:\/\/balanzera.no\/#\/schema\/logo\/image\/"},"sameAs":["https:\/\/www.facebook.com\/Balanzera\/","https:\/\/x.com\/balanzeraas","https:\/\/www.instagram.com\/balanzera\/"]}]}},"_links":{"self":[{"href":"https:\/\/balanzera.no\/nn\/wp-json\/wp\/v2\/pages\/125","targetHints":{"allow":["GET"]}}],"collection":[{"href":"https:\/\/balanzera.no\/nn\/wp-json\/wp\/v2\/pages"}],"about":[{"href":"https:\/\/balanzera.no\/nn\/wp-json\/wp\/v2\/types\/page"}],"author":[{"embeddable":true,"href":"https:\/\/balanzera.no\/nn\/wp-json\/wp\/v2\/users\/1"}],"replies":[{"embeddable":true,"href":"https:\/\/balanzera.no\/nn\/wp-json\/wp\/v2\/comments?post=125"}],"version-history":[{"count":21,"href":"https:\/\/balanzera.no\/nn\/wp-json\/wp\/v2\/pages\/125\/revisions"}],"predecessor-version":[{"id":874,"href":"https:\/\/balanzera.no\/nn\/wp-json\/wp\/v2\/pages\/125\/revisions\/874"}],"wp:attachment":[{"href":"https:\/\/balanzera.no\/nn\/wp-json\/wp\/v2\/media?parent=125"}],"curies":[{"name":"wp","href":"https:\/\/api.w.org\/{rel}","templated":true}]}}