{"id":478,"date":"2025-03-09T07:04:23","date_gmt":"2025-03-09T07:04:23","guid":{"rendered":"https:\/\/balanzera.no\/?page_id=478"},"modified":"2025-03-09T07:04:24","modified_gmt":"2025-03-09T07:04:24","slug":"var-historie","status":"publish","type":"page","link":"https:\/\/balanzera.no\/nb\/var-historie\/","title":{"rendered":"V\u00e5r historie"},"content":{"rendered":"<p>[et_pb_section fb_built=&raquo;1&#8243; admin_label=&raquo;Hero&raquo; _builder_version=&raquo;4.16&#8243; background_image=&raquo;https:\/\/balanzera.no\/wp-content\/uploads\/2018\/09\/background-texture.jpg&raquo; background_blend=&raquo;multiply&raquo; custom_padding=&raquo;|||&raquo; animation_style=&raquo;zoom&raquo; animation_intensity_zoom=&raquo;4%&raquo; global_colors_info=&raquo;{}&raquo;][et_pb_row _builder_version=&raquo;4.16&#8243; background_size=&raquo;initial&raquo; background_position=&raquo;top_left&raquo; background_repeat=&raquo;repeat&raquo; background_blend=&raquo;multiply&raquo; custom_padding=&raquo;|||&raquo; animation_style=&raquo;slide&raquo; animation_direction=&raquo;top&raquo; animation_intensity_slide=&raquo;3%&raquo; global_colors_info=&raquo;{}&raquo;][et_pb_column type=&raquo;4_4&#8243; _builder_version=&raquo;4.16&#8243; custom_padding=&raquo;|||&raquo; global_colors_info=&raquo;{}&raquo; custom_padding__hover=&raquo;|||&raquo;][et_pb_text _builder_version=&raquo;4.16&#8243; header_font=&raquo;Playfair Display||||||||dotted&raquo; header_text_color=&raquo;#353740&#8243; header_font_size=&raquo;60px&raquo; header_line_height=&raquo;1.3em&raquo; background_size=&raquo;initial&raquo; background_position=&raquo;top_left&raquo; background_repeat=&raquo;repeat&raquo; custom_margin=&raquo;|||&raquo; animation_style=&raquo;fade&raquo; header_font_size_last_edited=&raquo;off|desktop&raquo; locked=&raquo;off&raquo; global_colors_info=&raquo;{}&raquo;]<\/p>\n<h1>Bli ny dag<\/h1>\n<p>[\/et_pb_text][et_pb_divider color=&raquo;#00584e&raquo; divider_weight=&raquo;6px&raquo; disabled_on=&raquo;on|on|off%22&#8243; _builder_version=&raquo;4.16&#8243; max_width=&raquo;120px&raquo; animation_style=&raquo;slide&raquo; animation_direction=&raquo;top&raquo; animation_intensity_slide=&raquo;30%&raquo; global_colors_info=&raquo;{}&raquo;][\/et_pb_divider][\/et_pb_column][\/et_pb_row][\/et_pb_section][et_pb_section fb_built=&raquo;1&#8243; admin_label=&raquo;Welcome To Royal&raquo; _builder_version=&raquo;4.16&#8243; background_color=&raquo;#ffffff&raquo; background_position=&raquo;top_left&raquo; custom_padding=&raquo;100px|0px|100px|0px&raquo; collapsed=&raquo;off&raquo; global_colors_info=&raquo;{}&raquo;][et_pb_row column_structure=&raquo;1_2,1_2&#8243; _builder_version=&raquo;4.16&#8243; background_size=&raquo;initial&raquo; background_position=&raquo;top_left&raquo; background_repeat=&raquo;repeat&raquo; custom_margin=&raquo;|||&raquo; custom_padding=&raquo;|||&raquo; global_colors_info=&raquo;{}&raquo;][et_pb_column type=&raquo;1_2&#8243; _builder_version=&raquo;4.16&#8243; background_position=&raquo;top_left&raquo; custom_padding=&raquo;60px|||&raquo; global_colors_info=&raquo;{}&raquo; custom_padding__hover=&raquo;|||&raquo;][et_pb_text _builder_version=&raquo;4.16&#8243; text_font=&raquo;Montserrat|on||on|&raquo; text_text_color=&raquo;#bfbfbf&raquo; text_letter_spacing=&raquo;2px&raquo; text_line_height=&raquo;1.3em&raquo; background_size=&raquo;initial&raquo; background_position=&raquo;top_left&raquo; background_repeat=&raquo;repeat&raquo; module_alignment=&raquo;center&raquo; custom_margin=&raquo;||12px|&raquo; custom_padding=&raquo;|||&raquo; animation_style=&raquo;slide&raquo; animation_direction=&raquo;bottom&raquo; saved_tabs=&raquo;all&raquo; locked=&raquo;off&raquo; global_colors_info=&raquo;{}&raquo;]V\u00e5r historie<br \/>\n[\/et_pb_text][et_pb_divider color=&raquo;#00584e&raquo; divider_weight=&raquo;3px&raquo; _builder_version=&raquo;4.16&#8243; max_width=&raquo;60px&raquo; module_alignment=&raquo;left&raquo; custom_margin=&raquo;||10px|&raquo; saved_tabs=&raquo;all&raquo; locked=&raquo;off&raquo; global_colors_info=&raquo;{}&raquo;][\/et_pb_divider][et_pb_text disabled_on=&raquo;on|on|off&raquo; _builder_version=&raquo;4.16&#8243; text_font=&raquo;||||&raquo; text_text_color=&raquo;#1f1f1f&raquo; header_font=&raquo;Playfair Display||||&raquo; header_text_color=&raquo;#1f1f1f&raquo; header_font_size=&raquo;48px&raquo; header_line_height=&raquo;1.3em&raquo; background_size=&raquo;initial&raquo; background_position=&raquo;top_left&raquo; background_repeat=&raquo;repeat&raquo; global_colors_info=&raquo;{}&raquo;]<\/p>\n<h2>Velkomen til Balanzera<\/h2>\n<p>[\/et_pb_text][et_pb_text _builder_version=&raquo;4.16&#8243; text_font=&raquo;Montserrat||||&raquo; text_text_color=&raquo;#939393&#8243; text_font_size=&raquo;17px&raquo; text_line_height=&raquo;1.8em&raquo; header_font=&raquo;||||&raquo; background_size=&raquo;initial&raquo; background_position=&raquo;top_left&raquo; background_repeat=&raquo;repeat&raquo; max_width=&raquo;700px&raquo; animation_style=&raquo;slide&raquo; animation_direction=&raquo;top&raquo; animation_intensity_slide=&raquo;4%&raquo; global_colors_info=&raquo;{}&raquo;]<\/p>\n<p dir=\"ltr\">Trude Lundevall, eigar av fris\u00f8rkjeda Balanzera, starta fris\u00f8rkarriera allereie som 16-\u00e5ring. Etter 3 \u00e5r utvikla ho allergi i luftvegane p\u00e5 grunn av dei sterke kjemikaliane ho arbeidde med og m\u00e5tte slutte i jobben som fris\u00f8r.<\/p>\n<p>Etter \u00e5 ha vore vekk fr\u00e5 yrket i eit \u00e5r oppdaga ho salongkjeda Zenz i Danmark. Her nytta dei berre \u00f8kologiske og &laquo;reine&raquo; produkt, (produkt utan milj\u00f8skadelege eller helseskadelege ingrediensar). Eit nydeleg alternativ som gjorde at ho kunne halde fram som fris\u00f8r. Trude arbeidde to \u00e5r i K\u00f8benhavn f\u00f8r ho i 2008 opna Balanzera p\u00e5 Gr\u00fcnerl\u00f8kka i Oslo.<\/p>\n<p>10 \u00e5r seinare, i 2018 opna ho opp ein ny avdeling i heimbygda Kviteseid.\u00a0<\/p>\n<p>Og i januar 2019 starta Trude og Mia Madelen \u00d8degaard opp end\u00e5 ei avdeling p\u00e5 Bislett i Oslo, som vi n\u00e5 har flytta til Frogner. Ein avslappande oase rett rundt hj\u00f8rnet for pulserande Bogstadveien.\u00a0<\/p>\n<p>&nbsp;<\/p>\n<p>&nbsp;<\/p>\n<p>[\/et_pb_text][\/et_pb_column][et_pb_column type=&raquo;1_2&#8243; _builder_version=&raquo;4.16&#8243; background_position=&raquo;top_left&raquo; custom_padding=&raquo;|||&raquo; global_colors_info=&raquo;{}&raquo; custom_padding__hover=&raquo;|||&raquo;][et_pb_image src=&raquo;https:\/\/balanzera.no\/wp-content\/uploads\/2018\/09\/kristiandale_balanzera_web_016-squashed-e1537876768587.jpg&raquo; force_fullwidth=&raquo;on&raquo; _builder_version=&raquo;4.16&#8243; animation_style=&raquo;slide&raquo; animation_direction=&raquo;left&raquo; animation_intensity_slide=&raquo;10%&raquo; always_center_on_mobile=&raquo;off&raquo; global_colors_info=&raquo;{}&raquo;][\/et_pb_image][\/et_pb_column][\/et_pb_row][\/et_pb_section]<\/p>\n","protected":false},"excerpt":{"rendered":"<p>Bli ny dagV\u00e5r historie Velkomen til BalanzeraTrude Lundevall, eigar av fris\u00f8rkjeda Balanzera, starta fris\u00f8rkarriera allereie som 16-\u00e5ring. Etter 3 \u00e5r utvikla ho allergi i luftvegane p\u00e5 grunn av dei sterke kjemikaliane ho arbeidde med og m\u00e5tte slutte i jobben som fris\u00f8r. Etter \u00e5 ha vore vekk fr\u00e5 yrket i eit \u00e5r oppdaga ho salongkjeda Zenz [&hellip;]<\/p>\n","protected":false},"author":2,"featured_media":0,"parent":0,"menu_order":0,"comment_status":"closed","ping_status":"closed","template":"","meta":{"_et_pb_use_builder":"on","_et_pb_old_content":"","_et_gb_content_width":"","footnotes":""},"class_list":["post-478","page","type-page","status-publish","hentry"],"yoast_head":"<!-- This site is optimized with the Yoast SEO plugin v27.5 - https:\/\/yoast.com\/product\/yoast-seo-wordpress\/ -->\n<title>V\u00e5r historie - Med omtanke for deg og milj\u00f8et<\/title>\n<meta name=\"robots\" content=\"index, follow, max-snippet:-1, max-image-preview:large, max-video-preview:-1\" \/>\n<link rel=\"canonical\" href=\"https:\/\/balanzera.no\/nb\/var-historie\/\" \/>\n<meta property=\"og:locale\" content=\"nb_NO\" \/>\n<meta property=\"og:type\" content=\"article\" \/>\n<meta property=\"og:title\" content=\"V\u00e5r historie - Med omtanke for deg og milj\u00f8et\" \/>\n<meta property=\"og:description\" content=\"Bli ny dagV\u00e5r historie Velkomen til BalanzeraTrude Lundevall, eigar av fris\u00f8rkjeda Balanzera, starta fris\u00f8rkarriera allereie som 16-\u00e5ring. Etter 3 \u00e5r utvikla ho allergi i luftvegane p\u00e5 grunn av dei sterke kjemikaliane ho arbeidde med og m\u00e5tte slutte i jobben som fris\u00f8r. Etter \u00e5 ha vore vekk fr\u00e5 yrket i eit \u00e5r oppdaga ho salongkjeda Zenz [&hellip;]\" \/>\n<meta property=\"og:url\" content=\"https:\/\/balanzera.no\/nb\/var-historie\/\" \/>\n<meta property=\"og:site_name\" content=\"Med omtanke for deg og milj\u00f8et\" \/>\n<meta property=\"article:publisher\" content=\"https:\/\/www.facebook.com\/Balanzera\/\" \/>\n<meta property=\"article:modified_time\" content=\"2025-03-09T07:04:24+00:00\" \/>\n<meta name=\"twitter:card\" content=\"summary_large_image\" \/>\n<meta name=\"twitter:site\" content=\"@balanzeraas\" \/>\n<meta name=\"twitter:label1\" content=\"Ansl. lesetid\" \/>\n\t<meta name=\"twitter:data1\" content=\"3 minutter\" \/>\n<script type=\"application\/ld+json\" class=\"yoast-schema-graph\">{\"@context\":\"https:\\\/\\\/schema.org\",\"@graph\":[{\"@type\":\"WebPage\",\"@id\":\"https:\\\/\\\/balanzera.no\\\/nn\\\/var-historie\\\/\",\"url\":\"https:\\\/\\\/balanzera.no\\\/nn\\\/var-historie\\\/\",\"name\":\"V\u00e5r historie - Med omtanke for deg og milj\u00f8et\",\"isPartOf\":{\"@id\":\"https:\\\/\\\/balanzera.no\\\/#website\"},\"datePublished\":\"2025-03-09T07:04:23+00:00\",\"dateModified\":\"2025-03-09T07:04:24+00:00\",\"breadcrumb\":{\"@id\":\"https:\\\/\\\/balanzera.no\\\/nn\\\/var-historie\\\/#breadcrumb\"},\"inLanguage\":\"nb-NO\",\"potentialAction\":[{\"@type\":\"ReadAction\",\"target\":[\"https:\\\/\\\/balanzera.no\\\/nn\\\/var-historie\\\/\"]}]},{\"@type\":\"BreadcrumbList\",\"@id\":\"https:\\\/\\\/balanzera.no\\\/nn\\\/var-historie\\\/#breadcrumb\",\"itemListElement\":[{\"@type\":\"ListItem\",\"position\":1,\"name\":\"Home\",\"item\":\"https:\\\/\\\/balanzera.no\\\/nn\\\/\"},{\"@type\":\"ListItem\",\"position\":2,\"name\":\"V\u00e5r historie\"}]},{\"@type\":\"WebSite\",\"@id\":\"https:\\\/\\\/balanzera.no\\\/#website\",\"url\":\"https:\\\/\\\/balanzera.no\\\/\",\"name\":\"Med omtanke for deg og milj\u00f8et\",\"description\":\"\",\"publisher\":{\"@id\":\"https:\\\/\\\/balanzera.no\\\/#organization\"},\"potentialAction\":[{\"@type\":\"SearchAction\",\"target\":{\"@type\":\"EntryPoint\",\"urlTemplate\":\"https:\\\/\\\/balanzera.no\\\/?s={search_term_string}\"},\"query-input\":{\"@type\":\"PropertyValueSpecification\",\"valueRequired\":true,\"valueName\":\"search_term_string\"}}],\"inLanguage\":\"nb-NO\"},{\"@type\":\"Organization\",\"@id\":\"https:\\\/\\\/balanzera.no\\\/#organization\",\"name\":\"Balanzera AS\",\"url\":\"https:\\\/\\\/balanzera.no\\\/\",\"logo\":{\"@type\":\"ImageObject\",\"inLanguage\":\"nb-NO\",\"@id\":\"https:\\\/\\\/balanzera.no\\\/#\\\/schema\\\/logo\\\/image\\\/\",\"url\":\"https:\\\/\\\/balanzera.no\\\/wp-content\\\/uploads\\\/2018\\\/09\\\/Hvit1_BZ_Logo_Nett.jpg\",\"contentUrl\":\"https:\\\/\\\/balanzera.no\\\/wp-content\\\/uploads\\\/2018\\\/09\\\/Hvit1_BZ_Logo_Nett.jpg\",\"width\":842,\"height\":842,\"caption\":\"Balanzera AS\"},\"image\":{\"@id\":\"https:\\\/\\\/balanzera.no\\\/#\\\/schema\\\/logo\\\/image\\\/\"},\"sameAs\":[\"https:\\\/\\\/www.facebook.com\\\/Balanzera\\\/\",\"https:\\\/\\\/x.com\\\/balanzeraas\",\"https:\\\/\\\/www.instagram.com\\\/balanzera\\\/\"]}]}<\/script>\n<!-- \/ Yoast SEO plugin. -->","yoast_head_json":{"title":"V\u00e5r historie - Med omtanke for deg og milj\u00f8et","robots":{"index":"index","follow":"follow","max-snippet":"max-snippet:-1","max-image-preview":"max-image-preview:large","max-video-preview":"max-video-preview:-1"},"canonical":"https:\/\/balanzera.no\/nb\/var-historie\/","og_locale":"nb_NO","og_type":"article","og_title":"V\u00e5r historie - Med omtanke for deg og milj\u00f8et","og_description":"Bli ny dagV\u00e5r historie Velkomen til BalanzeraTrude Lundevall, eigar av fris\u00f8rkjeda Balanzera, starta fris\u00f8rkarriera allereie som 16-\u00e5ring. Etter 3 \u00e5r utvikla ho allergi i luftvegane p\u00e5 grunn av dei sterke kjemikaliane ho arbeidde med og m\u00e5tte slutte i jobben som fris\u00f8r. Etter \u00e5 ha vore vekk fr\u00e5 yrket i eit \u00e5r oppdaga ho salongkjeda Zenz [&hellip;]","og_url":"https:\/\/balanzera.no\/nb\/var-historie\/","og_site_name":"Med omtanke for deg og milj\u00f8et","article_publisher":"https:\/\/www.facebook.com\/Balanzera\/","article_modified_time":"2025-03-09T07:04:24+00:00","twitter_card":"summary_large_image","twitter_site":"@balanzeraas","twitter_misc":{"Ansl. lesetid":"3 minutter"},"schema":{"@context":"https:\/\/schema.org","@graph":[{"@type":"WebPage","@id":"https:\/\/balanzera.no\/nn\/var-historie\/","url":"https:\/\/balanzera.no\/nn\/var-historie\/","name":"V\u00e5r historie - Med omtanke for deg og milj\u00f8et","isPartOf":{"@id":"https:\/\/balanzera.no\/#website"},"datePublished":"2025-03-09T07:04:23+00:00","dateModified":"2025-03-09T07:04:24+00:00","breadcrumb":{"@id":"https:\/\/balanzera.no\/nn\/var-historie\/#breadcrumb"},"inLanguage":"nb-NO","potentialAction":[{"@type":"ReadAction","target":["https:\/\/balanzera.no\/nn\/var-historie\/"]}]},{"@type":"BreadcrumbList","@id":"https:\/\/balanzera.no\/nn\/var-historie\/#breadcrumb","itemListElement":[{"@type":"ListItem","position":1,"name":"Home","item":"https:\/\/balanzera.no\/nn\/"},{"@type":"ListItem","position":2,"name":"V\u00e5r historie"}]},{"@type":"WebSite","@id":"https:\/\/balanzera.no\/#website","url":"https:\/\/balanzera.no\/","name":"Med omtanke for deg og milj\u00f8et","description":"","publisher":{"@id":"https:\/\/balanzera.no\/#organization"},"potentialAction":[{"@type":"SearchAction","target":{"@type":"EntryPoint","urlTemplate":"https:\/\/balanzera.no\/?s={search_term_string}"},"query-input":{"@type":"PropertyValueSpecification","valueRequired":true,"valueName":"search_term_string"}}],"inLanguage":"nb-NO"},{"@type":"Organization","@id":"https:\/\/balanzera.no\/#organization","name":"Balanzera AS","url":"https:\/\/balanzera.no\/","logo":{"@type":"ImageObject","inLanguage":"nb-NO","@id":"https:\/\/balanzera.no\/#\/schema\/logo\/image\/","url":"https:\/\/balanzera.no\/wp-content\/uploads\/2018\/09\/Hvit1_BZ_Logo_Nett.jpg","contentUrl":"https:\/\/balanzera.no\/wp-content\/uploads\/2018\/09\/Hvit1_BZ_Logo_Nett.jpg","width":842,"height":842,"caption":"Balanzera AS"},"image":{"@id":"https:\/\/balanzera.no\/#\/schema\/logo\/image\/"},"sameAs":["https:\/\/www.facebook.com\/Balanzera\/","https:\/\/x.com\/balanzeraas","https:\/\/www.instagram.com\/balanzera\/"]}]}},"_links":{"self":[{"href":"https:\/\/balanzera.no\/nb\/wp-json\/wp\/v2\/pages\/478","targetHints":{"allow":["GET"]}}],"collection":[{"href":"https:\/\/balanzera.no\/nb\/wp-json\/wp\/v2\/pages"}],"about":[{"href":"https:\/\/balanzera.no\/nb\/wp-json\/wp\/v2\/types\/page"}],"author":[{"embeddable":true,"href":"https:\/\/balanzera.no\/nb\/wp-json\/wp\/v2\/users\/2"}],"replies":[{"embeddable":true,"href":"https:\/\/balanzera.no\/nb\/wp-json\/wp\/v2\/comments?post=478"}],"version-history":[{"count":4,"href":"https:\/\/balanzera.no\/nb\/wp-json\/wp\/v2\/pages\/478\/revisions"}],"predecessor-version":[{"id":682,"href":"https:\/\/balanzera.no\/nb\/wp-json\/wp\/v2\/pages\/478\/revisions\/682"}],"wp:attachment":[{"href":"https:\/\/balanzera.no\/nb\/wp-json\/wp\/v2\/media?parent=478"}],"curies":[{"name":"wp","href":"https:\/\/api.w.org\/{rel}","templated":true}]}}