{"id":372,"date":"2018-11-25T23:51:20","date_gmt":"2018-11-25T23:51:20","guid":{"rendered":"https:\/\/balanzera.no\/?page_id=372"},"modified":"2025-08-25T09:25:15","modified_gmt":"2025-08-25T09:25:15","slug":"bestill-time","status":"publish","type":"page","link":"https:\/\/balanzera.no\/nb\/bestill-time\/","title":{"rendered":"Bestill time"},"content":{"rendered":"<p>[et_pb_section fb_built=&raquo;1&#8243; admin_label=&raquo;Hero&raquo; _builder_version=&raquo;4.16&#8243; background_image=&raquo;https:\/\/balanzera.no\/wp-content\/uploads\/2018\/09\/background-texture.jpg&raquo; background_blend=&raquo;multiply&raquo; custom_padding=&raquo;|||&raquo; animation_style=&raquo;zoom&raquo; animation_intensity_zoom=&raquo;4%&raquo; global_colors_info=&raquo;{}&raquo;][et_pb_row _builder_version=&raquo;4.16&#8243; background_size=&raquo;initial&raquo; background_position=&raquo;top_left&raquo; background_repeat=&raquo;repeat&raquo; background_blend=&raquo;multiply&raquo; min_height=&raquo;122.5px&raquo; custom_padding=&raquo;|||&raquo; animation_style=&raquo;slide&raquo; animation_direction=&raquo;top&raquo; animation_intensity_slide=&raquo;3%&raquo; global_colors_info=&raquo;{}&raquo;][et_pb_column type=&raquo;4_4&#8243; _builder_version=&raquo;4.16&#8243; custom_padding=&raquo;|||&raquo; global_colors_info=&raquo;{}&raquo; custom_padding__hover=&raquo;|||&raquo;][et_pb_text _builder_version=&raquo;4.16&#8243; text_font=&raquo;||||||||&raquo; header_font=&raquo;Playfair Display||||||||dotted&raquo; header_text_color=&raquo;#353740&#8243; header_font_size=&raquo;60px&raquo; header_line_height=&raquo;1.3em&raquo; background_size=&raquo;initial&raquo; background_position=&raquo;top_left&raquo; background_repeat=&raquo;repeat&raquo; custom_margin=&raquo;|||&raquo; custom_padding=&raquo;4px|||||&raquo; animation_style=&raquo;fade&raquo; header_font_size_last_edited=&raquo;off|desktop&raquo; locked=&raquo;off&raquo; global_colors_info=&raquo;{}&raquo;]<\/p>\n<h2><span style=\"font-size: xx-large;\">Bestill time i ein av v\u00e5re salongar<\/span><\/h2>\n<p>[\/et_pb_text][et_pb_divider color=&raquo;#00584e&raquo; divider_weight=&raquo;6px&raquo; disabled_on=&raquo;on|on|off%22&#8243; _builder_version=&raquo;4.16&#8243; max_width=&raquo;120px&raquo; animation_style=&raquo;slide&raquo; animation_direction=&raquo;top&raquo; animation_intensity_slide=&raquo;30%&raquo; global_colors_info=&raquo;{}&raquo;][\/et_pb_divider][\/et_pb_column][\/et_pb_row][\/et_pb_section][et_pb_section fb_built=&raquo;1&#8243; _builder_version=&raquo;4.16&#8243; custom_padding=&raquo;0px||332px|||&raquo; border_color_all=&raquo;#ffffff&raquo; border_style_all=&raquo;none&raquo; global_colors_info=&raquo;{}&raquo;][et_pb_row column_structure=&raquo;1_3,1_3,1_3&#8243; _builder_version=&raquo;4.16&#8243; background_size=&raquo;initial&raquo; background_position=&raquo;top_left&raquo; background_repeat=&raquo;repeat&raquo; min_height=&raquo;227px&raquo; custom_padding=&raquo;||32px|||&raquo; global_colors_info=&raquo;{}&raquo;][et_pb_column type=&raquo;1_3&#8243; _builder_version=&raquo;4.16&#8243; custom_padding=&raquo;|||&raquo; global_colors_info=&raquo;{}&raquo; custom_padding__hover=&raquo;|||&raquo;][et_pb_cta title=&raquo;Gr\u00fcnerl\u00f8kka&raquo; button_url=&raquo;https:\/\/238.hiptime.no\/c;jsessionid=Ztgjn_YKIu8K2IsU9M2s8XNpHRA5_QbAYmLcomik.timebok?0&#8243; button_text=&raquo;Bestill time n\u00e5&raquo; _builder_version=&raquo;4.27.4&#8243; background_color=&raquo;#00584e&raquo; hover_enabled=&raquo;0&#8243; global_colors_info=&raquo;{}&raquo; sticky_enabled=&raquo;0&#8243;][\/et_pb_cta][\/et_pb_column][et_pb_column type=&raquo;1_3&#8243; _builder_version=&raquo;4.16&#8243; custom_padding=&raquo;|||&raquo; global_colors_info=&raquo;{}&raquo; custom_padding__hover=&raquo;|||&raquo;][et_pb_cta title=&raquo;Frogner &raquo; button_url=&raquo; https:\/\/239.hiptime.no\/c;jsessionid=QYmZVrUTKXt4LBAbXNc6JkThxRqVhCcnZVI7sskT.timebok?0&#8243; button_text=&raquo;Bestill time n\u00e5&raquo; _builder_version=&raquo;4.27.4&#8243; background_color=&raquo;#00584e&raquo; hover_enabled=&raquo;0&#8243; global_colors_info=&raquo;{}&raquo; sticky_enabled=&raquo;0&#8243;][\/et_pb_cta][\/et_pb_column][et_pb_column type=&raquo;1_3&#8243; _builder_version=&raquo;4.16&#8243; custom_padding=&raquo;|||&raquo; global_colors_info=&raquo;{}&raquo; custom_padding__hover=&raquo;|||&raquo;][et_pb_cta title=&raquo;Kviteseid&raquo; button_url=&raquo;https:\/\/237.hiptime.no\/&raquo; button_text=&raquo;Bestill time n\u00e5&raquo; _builder_version=&raquo;4.27.4&#8243; background_color=&raquo;#00584e&raquo; global_colors_info=&raquo;{}&raquo;][\/et_pb_cta][\/et_pb_column][\/et_pb_row][\/et_pb_section]<\/p>\n","protected":false},"excerpt":{"rendered":"<p>Bestill time i ein av v\u00e5re salongar<\/p>","protected":false},"author":1,"featured_media":0,"parent":0,"menu_order":0,"comment_status":"closed","ping_status":"closed","template":"","meta":{"_et_pb_use_builder":"on","_et_pb_old_content":"","_et_gb_content_width":"","footnotes":""},"class_list":["post-372","page","type-page","status-publish","hentry"],"yoast_head":"<!-- This site is optimized with the Yoast SEO plugin v27.4 - https:\/\/yoast.com\/product\/yoast-seo-wordpress\/ -->\n<title>Bestill time - Med omtanke for deg og milj\u00f8et - Bestill time<\/title>\n<meta name=\"description\" content=\"Bestill time hos oss idag. Balanzera er lokalisert p\u00e5 Gr\u00fcnerl\u00f8kka, Bislett og i Kviteseid, og benytter kun produkter som er uten farlige kjemikalier.\" \/>\n<meta name=\"robots\" content=\"index, follow, max-snippet:-1, max-image-preview:large, max-video-preview:-1\" \/>\n<link rel=\"canonical\" href=\"https:\/\/balanzera.no\/nb\/bestill-time\/\" \/>\n<meta property=\"og:locale\" content=\"nb_NO\" \/>\n<meta property=\"og:type\" content=\"article\" \/>\n<meta property=\"og:title\" content=\"Bestill time - Med omtanke for deg og milj\u00f8et - Bestill time\" \/>\n<meta property=\"og:description\" content=\"Bestill time hos oss idag. Balanzera er lokalisert p\u00e5 Gr\u00fcnerl\u00f8kka, Bislett og i Kviteseid, og benytter kun produkter som er uten farlige kjemikalier.\" \/>\n<meta property=\"og:url\" content=\"https:\/\/balanzera.no\/nb\/bestill-time\/\" \/>\n<meta property=\"og:site_name\" content=\"Med omtanke for deg og milj\u00f8et\" \/>\n<meta property=\"article:publisher\" content=\"https:\/\/www.facebook.com\/Balanzera\/\" \/>\n<meta property=\"article:modified_time\" content=\"2025-08-25T09:25:15+00:00\" \/>\n<meta name=\"twitter:card\" content=\"summary_large_image\" \/>\n<meta name=\"twitter:site\" content=\"@balanzeraas\" \/>\n<meta name=\"twitter:label1\" content=\"Ansl. lesetid\" \/>\n\t<meta name=\"twitter:data1\" content=\"2 minutter\" \/>\n<script type=\"application\/ld+json\" class=\"yoast-schema-graph\">{\"@context\":\"https:\\\/\\\/schema.org\",\"@graph\":[{\"@type\":\"WebPage\",\"@id\":\"https:\\\/\\\/balanzera.no\\\/nn\\\/bestill-time\\\/\",\"url\":\"https:\\\/\\\/balanzera.no\\\/nn\\\/bestill-time\\\/\",\"name\":\"Bestill time - Med omtanke for deg og milj\u00f8et - Bestill time\",\"isPartOf\":{\"@id\":\"https:\\\/\\\/balanzera.no\\\/#website\"},\"datePublished\":\"2018-11-25T23:51:20+00:00\",\"dateModified\":\"2025-08-25T09:25:15+00:00\",\"description\":\"Bestill time hos oss idag. Balanzera er lokalisert p\u00e5 Gr\u00fcnerl\u00f8kka, Bislett og i Kviteseid, og benytter kun produkter som er uten farlige kjemikalier.\",\"breadcrumb\":{\"@id\":\"https:\\\/\\\/balanzera.no\\\/nn\\\/bestill-time\\\/#breadcrumb\"},\"inLanguage\":\"nb-NO\",\"potentialAction\":[{\"@type\":\"ReadAction\",\"target\":[\"https:\\\/\\\/balanzera.no\\\/nn\\\/bestill-time\\\/\"]}]},{\"@type\":\"BreadcrumbList\",\"@id\":\"https:\\\/\\\/balanzera.no\\\/nn\\\/bestill-time\\\/#breadcrumb\",\"itemListElement\":[{\"@type\":\"ListItem\",\"position\":1,\"name\":\"Home\",\"item\":\"https:\\\/\\\/balanzera.no\\\/nn\\\/\"},{\"@type\":\"ListItem\",\"position\":2,\"name\":\"Bestill time\"}]},{\"@type\":\"WebSite\",\"@id\":\"https:\\\/\\\/balanzera.no\\\/#website\",\"url\":\"https:\\\/\\\/balanzera.no\\\/\",\"name\":\"Med omtanke for deg og milj\u00f8et\",\"description\":\"\",\"publisher\":{\"@id\":\"https:\\\/\\\/balanzera.no\\\/#organization\"},\"potentialAction\":[{\"@type\":\"SearchAction\",\"target\":{\"@type\":\"EntryPoint\",\"urlTemplate\":\"https:\\\/\\\/balanzera.no\\\/?s={search_term_string}\"},\"query-input\":{\"@type\":\"PropertyValueSpecification\",\"valueRequired\":true,\"valueName\":\"search_term_string\"}}],\"inLanguage\":\"nb-NO\"},{\"@type\":\"Organization\",\"@id\":\"https:\\\/\\\/balanzera.no\\\/#organization\",\"name\":\"Balanzera AS\",\"url\":\"https:\\\/\\\/balanzera.no\\\/\",\"logo\":{\"@type\":\"ImageObject\",\"inLanguage\":\"nb-NO\",\"@id\":\"https:\\\/\\\/balanzera.no\\\/#\\\/schema\\\/logo\\\/image\\\/\",\"url\":\"https:\\\/\\\/balanzera.no\\\/wp-content\\\/uploads\\\/2018\\\/09\\\/Hvit1_BZ_Logo_Nett.jpg\",\"contentUrl\":\"https:\\\/\\\/balanzera.no\\\/wp-content\\\/uploads\\\/2018\\\/09\\\/Hvit1_BZ_Logo_Nett.jpg\",\"width\":842,\"height\":842,\"caption\":\"Balanzera AS\"},\"image\":{\"@id\":\"https:\\\/\\\/balanzera.no\\\/#\\\/schema\\\/logo\\\/image\\\/\"},\"sameAs\":[\"https:\\\/\\\/www.facebook.com\\\/Balanzera\\\/\",\"https:\\\/\\\/x.com\\\/balanzeraas\",\"https:\\\/\\\/www.instagram.com\\\/balanzera\\\/\"]}]}<\/script>\n<!-- \/ Yoast SEO plugin. -->","yoast_head_json":{"title":"Bestill time - Med omtanke for deg og milj\u00f8et - Bestill time","description":"Bestill time hos oss idag. Balanzera er lokalisert p\u00e5 Gr\u00fcnerl\u00f8kka, Bislett og i Kviteseid, og benytter kun produkter som er uten farlige kjemikalier.","robots":{"index":"index","follow":"follow","max-snippet":"max-snippet:-1","max-image-preview":"max-image-preview:large","max-video-preview":"max-video-preview:-1"},"canonical":"https:\/\/balanzera.no\/nb\/bestill-time\/","og_locale":"nb_NO","og_type":"article","og_title":"Bestill time - Med omtanke for deg og milj\u00f8et - Bestill time","og_description":"Bestill time hos oss idag. Balanzera er lokalisert p\u00e5 Gr\u00fcnerl\u00f8kka, Bislett og i Kviteseid, og benytter kun produkter som er uten farlige kjemikalier.","og_url":"https:\/\/balanzera.no\/nb\/bestill-time\/","og_site_name":"Med omtanke for deg og milj\u00f8et","article_publisher":"https:\/\/www.facebook.com\/Balanzera\/","article_modified_time":"2025-08-25T09:25:15+00:00","twitter_card":"summary_large_image","twitter_site":"@balanzeraas","twitter_misc":{"Ansl. lesetid":"2 minutter"},"schema":{"@context":"https:\/\/schema.org","@graph":[{"@type":"WebPage","@id":"https:\/\/balanzera.no\/nn\/bestill-time\/","url":"https:\/\/balanzera.no\/nn\/bestill-time\/","name":"Bestill time - Med omtanke for deg og milj\u00f8et - Bestill time","isPartOf":{"@id":"https:\/\/balanzera.no\/#website"},"datePublished":"2018-11-25T23:51:20+00:00","dateModified":"2025-08-25T09:25:15+00:00","description":"Bestill time hos oss idag. Balanzera er lokalisert p\u00e5 Gr\u00fcnerl\u00f8kka, Bislett og i Kviteseid, og benytter kun produkter som er uten farlige kjemikalier.","breadcrumb":{"@id":"https:\/\/balanzera.no\/nn\/bestill-time\/#breadcrumb"},"inLanguage":"nb-NO","potentialAction":[{"@type":"ReadAction","target":["https:\/\/balanzera.no\/nn\/bestill-time\/"]}]},{"@type":"BreadcrumbList","@id":"https:\/\/balanzera.no\/nn\/bestill-time\/#breadcrumb","itemListElement":[{"@type":"ListItem","position":1,"name":"Home","item":"https:\/\/balanzera.no\/nn\/"},{"@type":"ListItem","position":2,"name":"Bestill time"}]},{"@type":"WebSite","@id":"https:\/\/balanzera.no\/#website","url":"https:\/\/balanzera.no\/","name":"Med omtanke for deg og milj\u00f8et","description":"","publisher":{"@id":"https:\/\/balanzera.no\/#organization"},"potentialAction":[{"@type":"SearchAction","target":{"@type":"EntryPoint","urlTemplate":"https:\/\/balanzera.no\/?s={search_term_string}"},"query-input":{"@type":"PropertyValueSpecification","valueRequired":true,"valueName":"search_term_string"}}],"inLanguage":"nb-NO"},{"@type":"Organization","@id":"https:\/\/balanzera.no\/#organization","name":"Balanzera AS","url":"https:\/\/balanzera.no\/","logo":{"@type":"ImageObject","inLanguage":"nb-NO","@id":"https:\/\/balanzera.no\/#\/schema\/logo\/image\/","url":"https:\/\/balanzera.no\/wp-content\/uploads\/2018\/09\/Hvit1_BZ_Logo_Nett.jpg","contentUrl":"https:\/\/balanzera.no\/wp-content\/uploads\/2018\/09\/Hvit1_BZ_Logo_Nett.jpg","width":842,"height":842,"caption":"Balanzera AS"},"image":{"@id":"https:\/\/balanzera.no\/#\/schema\/logo\/image\/"},"sameAs":["https:\/\/www.facebook.com\/Balanzera\/","https:\/\/x.com\/balanzeraas","https:\/\/www.instagram.com\/balanzera\/"]}]}},"_links":{"self":[{"href":"https:\/\/balanzera.no\/nb\/wp-json\/wp\/v2\/pages\/372","targetHints":{"allow":["GET"]}}],"collection":[{"href":"https:\/\/balanzera.no\/nb\/wp-json\/wp\/v2\/pages"}],"about":[{"href":"https:\/\/balanzera.no\/nb\/wp-json\/wp\/v2\/types\/page"}],"author":[{"embeddable":true,"href":"https:\/\/balanzera.no\/nb\/wp-json\/wp\/v2\/users\/1"}],"replies":[{"embeddable":true,"href":"https:\/\/balanzera.no\/nb\/wp-json\/wp\/v2\/comments?post=372"}],"version-history":[{"count":15,"href":"https:\/\/balanzera.no\/nb\/wp-json\/wp\/v2\/pages\/372\/revisions"}],"predecessor-version":[{"id":851,"href":"https:\/\/balanzera.no\/nb\/wp-json\/wp\/v2\/pages\/372\/revisions\/851"}],"wp:attachment":[{"href":"https:\/\/balanzera.no\/nb\/wp-json\/wp\/v2\/media?parent=372"}],"curies":[{"name":"wp","href":"https:\/\/api.w.org\/{rel}","templated":true}]}}