{"id":355,"date":"2018-11-25T23:08:56","date_gmt":"2018-11-25T23:08:56","guid":{"rendered":"https:\/\/balanzera.no\/?page_id=355"},"modified":"2018-12-13T23:19:40","modified_gmt":"2018-12-13T23:19:40","slug":"klipp-og-styling","status":"publish","type":"page","link":"https:\/\/balanzera.no\/nb\/klipp-og-styling\/","title":{"rendered":"Klipp og styling"},"content":{"rendered":"<p>[et_pb_section fb_built=&raquo;1&#8243; admin_label=&raquo;Hero&raquo; _builder_version=&raquo;3.15&#8243; background_image=&raquo;https:\/\/balanzera.no\/wp-content\/uploads\/2018\/09\/background-texture.jpg&raquo; background_blend=&raquo;multiply&raquo; custom_padding=&raquo;|||&raquo; animation_style=&raquo;zoom&raquo; animation_intensity_zoom=&raquo;4%&raquo;][et_pb_row custom_padding=&raquo;|||&raquo; bg_img_2=&raquo;https:\/\/balanzera.no\/wp-content\/uploads\/2018\/09\/business-13.jpg&raquo; parallax_2=&raquo;on&raquo; _builder_version=&raquo;3.0.83&#8243; background_size=&raquo;initial&raquo; background_position=&raquo;top_left&raquo; background_repeat=&raquo;repeat&raquo; background_blend=&raquo;multiply&raquo; animation_style=&raquo;slide&raquo; animation_direction=&raquo;top&raquo; animation_intensity_slide=&raquo;3%&raquo;][et_pb_column type=&raquo;4_4&#8243; _builder_version=&raquo;3.0.47&#8243; parallax=&raquo;off&raquo; parallax_method=&raquo;on&raquo;][et_pb_text _builder_version=&raquo;3.15&#8243; header_font=&raquo;Playfair Display||||||||dotted&raquo; header_text_color=&raquo;#353740&#8243; header_font_size=&raquo;60px&raquo; header_font_size_last_edited=&raquo;off|desktop&raquo; header_line_height=&raquo;1.3em&raquo; background_size=&raquo;initial&raquo; background_position=&raquo;top_left&raquo; background_repeat=&raquo;repeat&raquo; custom_margin=&raquo;|||&raquo; animation_style=&raquo;fade&raquo; locked=&raquo;off&raquo;]<\/p>\n<h1>Klipp og styling<\/h1>\n<p>[\/et_pb_text][et_pb_divider divider_weight=&raquo;6px&raquo; disabled_on=&raquo;on|on|off%22&#8243; _builder_version=&raquo;3.15&#8243; max_width=&raquo;120px&raquo; animation_style=&raquo;slide&raquo; animation_direction=&raquo;top&raquo; animation_intensity_slide=&raquo;30%&raquo;][\/et_pb_divider][\/et_pb_column][\/et_pb_row][\/et_pb_section][et_pb_section fb_built=&raquo;1&#8243; admin_label=&raquo;Features&raquo; _builder_version=&raquo;3.0.105&#8243; custom_padding=&raquo;100px|0px|0px|0px&raquo;][et_pb_row _builder_version=&raquo;3.0.105&#8243;][et_pb_column type=&raquo;1_2&#8243; _builder_version=&raquo;3.0.47&#8243; parallax=&raquo;off&raquo; parallax_method=&raquo;on&raquo;][et_pb_image src=&raquo;https:\/\/balanzera.no\/wp-content\/uploads\/2018\/09\/kristiandale_balanzera_web_016-squashed-e1537876768587.jpg&raquo; force_fullwidth=&raquo;on&raquo; _builder_version=&raquo;3.18.4&#8243; animation_style=&raquo;slide&raquo; animation_direction=&raquo;right&raquo; animation_intensity_slide=&raquo;5%&raquo; alt=&raquo;{%22dynamic%22:true,%22content%22:%22site_tagline%22,%22settings%22:{%22before%22:%22%22,%22after%22:%22%22}}&raquo; _dynamic_attributes=&raquo;title_text,alt&raquo; title_text=&raquo;{%22dynamic%22:true,%22content%22:%22site_title%22,%22settings%22:{%22before%22:%22%22,%22after%22:%22%22}}&raquo;][\/et_pb_image][\/et_pb_column][et_pb_column type=&raquo;1_2&#8243; _builder_version=&raquo;3.0.47&#8243; parallax=&raquo;off&raquo; parallax_method=&raquo;on&raquo;][et_pb_cta title=&raquo;Klipp og styling av h\u00f8g kvalitet&raquo; button_url=&raquo;#top&raquo; _builder_version=&raquo;3.18.4&#8243; header_font=&raquo;Yeseva One||||||||&raquo; header_font_size=&raquo;45px&raquo; header_line_height=&raquo;1.4em&raquo; body_font=&raquo;Montserrat|500|||||||&raquo; body_text_color=&raquo;rgba(47,56,84,0.5)&raquo; body_font_size=&raquo;16px&raquo; body_line_height=&raquo;1.9em&raquo; use_background_color=&raquo;off&raquo; custom_button=&raquo;on&raquo; button_text_size=&raquo;16px&raquo; button_text_color=&raquo;#2f3854&#8243; button_bg_color=&raquo;rgba(47,56,84,0.04)&raquo; button_border_width=&raquo;10px&raquo; button_border_color=&raquo;rgba(47,56,84,0)&raquo; button_border_radius=&raquo;60px&raquo; button_letter_spacing=&raquo;1px&raquo; button_font=&raquo;Montserrat|700||on|||||&raquo; button_use_icon=&raquo;off&raquo; button_alignment=&raquo;left&raquo; text_orientation=&raquo;left&raquo; background_layout=&raquo;light&raquo; button_text_color_hover=&raquo;#ffffff&raquo; button_border_radius_hover=&raquo;66px&raquo; button_letter_spacing_hover=&raquo;1px&raquo; button_bg_color_hover=&raquo;#2f3854&#8243; button_text_size__hover_enabled=&raquo;off&raquo; button_one_text_size__hover_enabled=&raquo;off&raquo; button_two_text_size__hover_enabled=&raquo;off&raquo; button_text_color__hover_enabled=&raquo;on&raquo; button_text_color__hover=&raquo;#ffffff&raquo; button_one_text_color__hover_enabled=&raquo;off&raquo; button_two_text_color__hover_enabled=&raquo;off&raquo; button_border_width__hover_enabled=&raquo;off&raquo; button_one_border_width__hover_enabled=&raquo;off&raquo; button_two_border_width__hover_enabled=&raquo;off&raquo; button_border_color__hover_enabled=&raquo;off&raquo; button_one_border_color__hover_enabled=&raquo;off&raquo; button_two_border_color__hover_enabled=&raquo;off&raquo; button_border_radius__hover_enabled=&raquo;on&raquo; button_border_radius__hover=&raquo;66px&raquo; button_one_border_radius__hover_enabled=&raquo;off&raquo; button_two_border_radius__hover_enabled=&raquo;off&raquo; button_letter_spacing__hover_enabled=&raquo;on&raquo; button_letter_spacing__hover=&raquo;1px&raquo; button_one_letter_spacing__hover_enabled=&raquo;off&raquo; button_two_letter_spacing__hover_enabled=&raquo;off&raquo; button_bg_color__hover_enabled=&raquo;on&raquo; button_bg_color__hover=&raquo;#2f3854&#8243; button_one_bg_color__hover_enabled=&raquo;off&raquo; button_two_bg_color__hover_enabled=&raquo;off&raquo;]<\/p>\n<p dir=\"ltr\">Ved klipp er alltid vask og styling inkludera \u2013 s\u00e5 sant du \u00f8nskjer det. Vi set av god tid slik at vi kan tilpasse frisyra til kvar enkelt kunde, det vere b\u00e5de utsj\u00e5nad og<br \/>personlegheit.<\/p>\n<p dir=\"ltr\">Etter konsultasjonen vaskar vi h\u00e5ret og gir deg ein behageleg massasje av hovudbotn med \u00f8kologiske eller naturlege produkt, tilpassa dit h\u00e5r og hovudbotn.<\/p>\n<p dir=\"ltr\">Du vil alltid f\u00e5 tilbod om kaffi\/te og snacks som du kan nyte mens vi klipper og stylar h\u00e5ret ditt.<\/p>\n<p>[\/et_pb_cta][\/et_pb_column][\/et_pb_row][\/et_pb_section]<\/p>\n","protected":false},"excerpt":{"rendered":"<p>Ved klipp er alltid vask og styling inkludera.<\/p>","protected":false},"author":1,"featured_media":0,"parent":0,"menu_order":0,"comment_status":"closed","ping_status":"closed","template":"","meta":{"_et_pb_use_builder":"on","_et_pb_old_content":"","_et_gb_content_width":"","footnotes":""},"class_list":["post-355","page","type-page","status-publish","hentry"],"yoast_head":"<!-- This site is optimized with the Yoast SEO plugin v27.3 - https:\/\/yoast.com\/product\/yoast-seo-wordpress\/ -->\n<title>Klipp og styling - Vi set av god tid til \u00e5 forst\u00e5 dine ynskjer<\/title>\n<meta name=\"description\" content=\"Ved klipp er alltid vask og styling inkludera. Vi set av god tid slik at vi kan tilpasse frisyra til kvar enkelt kunde. Massasje av hovudbotnen er inkludert\" \/>\n<meta name=\"robots\" content=\"index, follow, max-snippet:-1, max-image-preview:large, max-video-preview:-1\" \/>\n<link rel=\"canonical\" href=\"https:\/\/balanzera.no\/nb\/klipp-og-styling\/\" \/>\n<meta property=\"og:locale\" content=\"nb_NO\" \/>\n<meta property=\"og:type\" content=\"article\" \/>\n<meta property=\"og:title\" content=\"Klipp og styling - Vi set av god tid til \u00e5 forst\u00e5 dine ynskjer\" \/>\n<meta property=\"og:description\" content=\"Ved klipp er alltid vask og styling inkludera. Vi set av god tid slik at vi kan tilpasse frisyra til kvar enkelt kunde. Massasje av hovudbotnen er inkludert\" \/>\n<meta property=\"og:url\" content=\"https:\/\/balanzera.no\/nb\/klipp-og-styling\/\" \/>\n<meta property=\"og:site_name\" content=\"Med omtanke for deg og milj\u00f8et\" \/>\n<meta property=\"article:publisher\" content=\"https:\/\/www.facebook.com\/Balanzera\/\" \/>\n<meta property=\"article:modified_time\" content=\"2018-12-13T23:19:40+00:00\" \/>\n<meta name=\"twitter:card\" content=\"summary_large_image\" \/>\n<meta name=\"twitter:site\" content=\"@balanzeraas\" \/>\n<meta name=\"twitter:label1\" content=\"Ansl. lesetid\" \/>\n\t<meta name=\"twitter:data1\" content=\"3 minutter\" \/>\n<script type=\"application\/ld+json\" class=\"yoast-schema-graph\">{\"@context\":\"https:\\\/\\\/schema.org\",\"@graph\":[{\"@type\":\"WebPage\",\"@id\":\"https:\\\/\\\/balanzera.no\\\/klipp-og-styling\\\/\",\"url\":\"https:\\\/\\\/balanzera.no\\\/klipp-og-styling\\\/\",\"name\":\"Klipp og styling - Vi set av god tid til \u00e5 forst\u00e5 dine ynskjer\",\"isPartOf\":{\"@id\":\"https:\\\/\\\/balanzera.no\\\/#website\"},\"datePublished\":\"2018-11-25T23:08:56+00:00\",\"dateModified\":\"2018-12-13T23:19:40+00:00\",\"description\":\"Ved klipp er alltid vask og styling inkludera. Vi set av god tid slik at vi kan tilpasse frisyra til kvar enkelt kunde. Massasje av hovudbotnen er inkludert\",\"breadcrumb\":{\"@id\":\"https:\\\/\\\/balanzera.no\\\/klipp-og-styling\\\/#breadcrumb\"},\"inLanguage\":\"nb-NO\",\"potentialAction\":[{\"@type\":\"ReadAction\",\"target\":[\"https:\\\/\\\/balanzera.no\\\/klipp-og-styling\\\/\"]}]},{\"@type\":\"BreadcrumbList\",\"@id\":\"https:\\\/\\\/balanzera.no\\\/klipp-og-styling\\\/#breadcrumb\",\"itemListElement\":[{\"@type\":\"ListItem\",\"position\":1,\"name\":\"Home\",\"item\":\"https:\\\/\\\/balanzera.no\\\/nn\\\/\"},{\"@type\":\"ListItem\",\"position\":2,\"name\":\"Klipp og styling\"}]},{\"@type\":\"WebSite\",\"@id\":\"https:\\\/\\\/balanzera.no\\\/#website\",\"url\":\"https:\\\/\\\/balanzera.no\\\/\",\"name\":\"Med omtanke for deg og milj\u00f8et\",\"description\":\"\",\"publisher\":{\"@id\":\"https:\\\/\\\/balanzera.no\\\/#organization\"},\"potentialAction\":[{\"@type\":\"SearchAction\",\"target\":{\"@type\":\"EntryPoint\",\"urlTemplate\":\"https:\\\/\\\/balanzera.no\\\/?s={search_term_string}\"},\"query-input\":{\"@type\":\"PropertyValueSpecification\",\"valueRequired\":true,\"valueName\":\"search_term_string\"}}],\"inLanguage\":\"nb-NO\"},{\"@type\":\"Organization\",\"@id\":\"https:\\\/\\\/balanzera.no\\\/#organization\",\"name\":\"Balanzera AS\",\"url\":\"https:\\\/\\\/balanzera.no\\\/\",\"logo\":{\"@type\":\"ImageObject\",\"inLanguage\":\"nb-NO\",\"@id\":\"https:\\\/\\\/balanzera.no\\\/#\\\/schema\\\/logo\\\/image\\\/\",\"url\":\"https:\\\/\\\/balanzera.no\\\/wp-content\\\/uploads\\\/2018\\\/09\\\/Hvit1_BZ_Logo_Nett.jpg\",\"contentUrl\":\"https:\\\/\\\/balanzera.no\\\/wp-content\\\/uploads\\\/2018\\\/09\\\/Hvit1_BZ_Logo_Nett.jpg\",\"width\":842,\"height\":842,\"caption\":\"Balanzera AS\"},\"image\":{\"@id\":\"https:\\\/\\\/balanzera.no\\\/#\\\/schema\\\/logo\\\/image\\\/\"},\"sameAs\":[\"https:\\\/\\\/www.facebook.com\\\/Balanzera\\\/\",\"https:\\\/\\\/x.com\\\/balanzeraas\",\"https:\\\/\\\/www.instagram.com\\\/balanzera\\\/\"]}]}<\/script>\n<!-- \/ Yoast SEO plugin. -->","yoast_head_json":{"title":"Klipp og styling - Vi set av god tid til \u00e5 forst\u00e5 dine ynskjer","description":"Ved klipp er alltid vask og styling inkludera. Vi set av god tid slik at vi kan tilpasse frisyra til kvar enkelt kunde. Massasje av hovudbotnen er inkludert","robots":{"index":"index","follow":"follow","max-snippet":"max-snippet:-1","max-image-preview":"max-image-preview:large","max-video-preview":"max-video-preview:-1"},"canonical":"https:\/\/balanzera.no\/nb\/klipp-og-styling\/","og_locale":"nb_NO","og_type":"article","og_title":"Klipp og styling - Vi set av god tid til \u00e5 forst\u00e5 dine ynskjer","og_description":"Ved klipp er alltid vask og styling inkludera. Vi set av god tid slik at vi kan tilpasse frisyra til kvar enkelt kunde. Massasje av hovudbotnen er inkludert","og_url":"https:\/\/balanzera.no\/nb\/klipp-og-styling\/","og_site_name":"Med omtanke for deg og milj\u00f8et","article_publisher":"https:\/\/www.facebook.com\/Balanzera\/","article_modified_time":"2018-12-13T23:19:40+00:00","twitter_card":"summary_large_image","twitter_site":"@balanzeraas","twitter_misc":{"Ansl. lesetid":"3 minutter"},"schema":{"@context":"https:\/\/schema.org","@graph":[{"@type":"WebPage","@id":"https:\/\/balanzera.no\/klipp-og-styling\/","url":"https:\/\/balanzera.no\/klipp-og-styling\/","name":"Klipp og styling - Vi set av god tid til \u00e5 forst\u00e5 dine ynskjer","isPartOf":{"@id":"https:\/\/balanzera.no\/#website"},"datePublished":"2018-11-25T23:08:56+00:00","dateModified":"2018-12-13T23:19:40+00:00","description":"Ved klipp er alltid vask og styling inkludera. Vi set av god tid slik at vi kan tilpasse frisyra til kvar enkelt kunde. Massasje av hovudbotnen er inkludert","breadcrumb":{"@id":"https:\/\/balanzera.no\/klipp-og-styling\/#breadcrumb"},"inLanguage":"nb-NO","potentialAction":[{"@type":"ReadAction","target":["https:\/\/balanzera.no\/klipp-og-styling\/"]}]},{"@type":"BreadcrumbList","@id":"https:\/\/balanzera.no\/klipp-og-styling\/#breadcrumb","itemListElement":[{"@type":"ListItem","position":1,"name":"Home","item":"https:\/\/balanzera.no\/nn\/"},{"@type":"ListItem","position":2,"name":"Klipp og styling"}]},{"@type":"WebSite","@id":"https:\/\/balanzera.no\/#website","url":"https:\/\/balanzera.no\/","name":"Med omtanke for deg og milj\u00f8et","description":"","publisher":{"@id":"https:\/\/balanzera.no\/#organization"},"potentialAction":[{"@type":"SearchAction","target":{"@type":"EntryPoint","urlTemplate":"https:\/\/balanzera.no\/?s={search_term_string}"},"query-input":{"@type":"PropertyValueSpecification","valueRequired":true,"valueName":"search_term_string"}}],"inLanguage":"nb-NO"},{"@type":"Organization","@id":"https:\/\/balanzera.no\/#organization","name":"Balanzera AS","url":"https:\/\/balanzera.no\/","logo":{"@type":"ImageObject","inLanguage":"nb-NO","@id":"https:\/\/balanzera.no\/#\/schema\/logo\/image\/","url":"https:\/\/balanzera.no\/wp-content\/uploads\/2018\/09\/Hvit1_BZ_Logo_Nett.jpg","contentUrl":"https:\/\/balanzera.no\/wp-content\/uploads\/2018\/09\/Hvit1_BZ_Logo_Nett.jpg","width":842,"height":842,"caption":"Balanzera AS"},"image":{"@id":"https:\/\/balanzera.no\/#\/schema\/logo\/image\/"},"sameAs":["https:\/\/www.facebook.com\/Balanzera\/","https:\/\/x.com\/balanzeraas","https:\/\/www.instagram.com\/balanzera\/"]}]}},"_links":{"self":[{"href":"https:\/\/balanzera.no\/nb\/wp-json\/wp\/v2\/pages\/355","targetHints":{"allow":["GET"]}}],"collection":[{"href":"https:\/\/balanzera.no\/nb\/wp-json\/wp\/v2\/pages"}],"about":[{"href":"https:\/\/balanzera.no\/nb\/wp-json\/wp\/v2\/types\/page"}],"author":[{"embeddable":true,"href":"https:\/\/balanzera.no\/nb\/wp-json\/wp\/v2\/users\/1"}],"replies":[{"embeddable":true,"href":"https:\/\/balanzera.no\/nb\/wp-json\/wp\/v2\/comments?post=355"}],"version-history":[{"count":8,"href":"https:\/\/balanzera.no\/nb\/wp-json\/wp\/v2\/pages\/355\/revisions"}],"predecessor-version":[{"id":438,"href":"https:\/\/balanzera.no\/nb\/wp-json\/wp\/v2\/pages\/355\/revisions\/438"}],"wp:attachment":[{"href":"https:\/\/balanzera.no\/nb\/wp-json\/wp\/v2\/media?parent=355"}],"curies":[{"name":"wp","href":"https:\/\/api.w.org\/{rel}","templated":true}]}}