{"id":332,"date":"2018-10-03T21:38:00","date_gmt":"2018-10-03T21:38:00","guid":{"rendered":"https:\/\/balanzera.no\/?page_id=332"},"modified":"2018-10-03T21:38:45","modified_gmt":"2018-10-03T21:38:45","slug":"sitemap","status":"publish","type":"page","link":"http:\/\/balanzera.no\/nn\/sitemap\/","title":{"rendered":"sitemap"},"content":{"rendered":"<p>\/ 1 pages<br \/>\nGr\u00f8nn fris\u00f8r | Med omtanke for deg og milj\u00f8et<br \/>\nbehandlingar\/ 1 pages<br \/>\nBehandlingar | Med omtanke for deg og milj\u00f8et<br \/>\nbrud\/ 1 pages<br \/>\nBrud | Med omtanke for deg og milj\u00f8et<br \/>\nkontakt\/ 1 pages<br \/>\nKontakt | Med omtanke for deg og milj\u00f8et<br \/>\nkurs\/ 1 pages<br \/>\nKurs | Med omtanke for deg og milj\u00f8et<br \/>\nokologisk-make-up\/ 1 pages<br \/>\n\u00d8kologisk make-up | Med omtanke for deg og milj\u00f8et<br \/>\nokologiskefargar\/ 1 pages<br \/>\n\u00d8kologiske fargar | Med omtanke for deg og milj\u00f8et<br \/>\nprisar\/ 1 pages<br \/>\nPrisar | Med omtanke for deg og milj\u00f8et<br \/>\nprodukt\/ 1 pages<br \/>\nProdukt | Med omtanke for deg og milj\u00f8et<\/p>\n","protected":false},"excerpt":{"rendered":"<p>\/ 1 pages Gr\u00f8nn fris\u00f8r | Med omtanke for deg og milj\u00f8et behandlingar\/ 1 pages Behandlingar | Med omtanke for deg og milj\u00f8et brud\/ 1 pages Brud | Med omtanke for deg og milj\u00f8et kontakt\/ 1 pages Kontakt | Med omtanke for deg og milj\u00f8et kurs\/ 1 pages Kurs | Med omtanke for deg og [&hellip;]<\/p>\n","protected":false},"author":1,"featured_media":0,"parent":0,"menu_order":0,"comment_status":"closed","ping_status":"closed","template":"","meta":{"_et_pb_use_builder":"","_et_pb_old_content":"","_et_gb_content_width":"","footnotes":""},"class_list":["post-332","page","type-page","status-publish","hentry"],"yoast_head":"<!-- This site is optimized with the Yoast SEO plugin v27.6 - https:\/\/yoast.com\/product\/yoast-seo-wordpress\/ -->\n<title>sitemap - Med omtanke for deg og milj\u00f8et<\/title>\n<meta name=\"robots\" content=\"index, follow, max-snippet:-1, max-image-preview:large, max-video-preview:-1\" \/>\n<link rel=\"canonical\" href=\"https:\/\/balanzera.no\/nn\/sitemap\/\" \/>\n<meta property=\"og:locale\" content=\"nn_NO\" \/>\n<meta property=\"og:type\" content=\"article\" \/>\n<meta property=\"og:title\" content=\"sitemap - Med omtanke for deg og milj\u00f8et\" \/>\n<meta property=\"og:description\" content=\"\/ 1 pages Gr\u00f8nn fris\u00f8r | Med omtanke for deg og milj\u00f8et behandlingar\/ 1 pages Behandlingar | Med omtanke for deg og milj\u00f8et brud\/ 1 pages Brud | Med omtanke for deg og milj\u00f8et kontakt\/ 1 pages Kontakt | Med omtanke for deg og milj\u00f8et kurs\/ 1 pages Kurs | Med omtanke for deg og [&hellip;]\" \/>\n<meta property=\"og:url\" content=\"https:\/\/balanzera.no\/nn\/sitemap\/\" \/>\n<meta property=\"og:site_name\" content=\"Med omtanke for deg og milj\u00f8et\" \/>\n<meta property=\"article:publisher\" content=\"https:\/\/www.facebook.com\/Balanzera\/\" \/>\n<meta property=\"article:modified_time\" content=\"2018-10-03T21:38:45+00:00\" \/>\n<meta name=\"twitter:card\" content=\"summary_large_image\" \/>\n<meta name=\"twitter:site\" content=\"@balanzeraas\" \/>\n<script type=\"application\/ld+json\" class=\"yoast-schema-graph\">{\"@context\":\"https:\\\/\\\/schema.org\",\"@graph\":[{\"@type\":\"WebPage\",\"@id\":\"https:\\\/\\\/balanzera.no\\\/sitemap\\\/\",\"url\":\"https:\\\/\\\/balanzera.no\\\/sitemap\\\/\",\"name\":\"sitemap - Med omtanke for deg og milj\u00f8et\",\"isPartOf\":{\"@id\":\"https:\\\/\\\/balanzera.no\\\/#website\"},\"datePublished\":\"2018-10-03T21:38:00+00:00\",\"dateModified\":\"2018-10-03T21:38:45+00:00\",\"breadcrumb\":{\"@id\":\"https:\\\/\\\/balanzera.no\\\/sitemap\\\/#breadcrumb\"},\"inLanguage\":\"nn-NO\",\"potentialAction\":[{\"@type\":\"ReadAction\",\"target\":[\"https:\\\/\\\/balanzera.no\\\/sitemap\\\/\"]}]},{\"@type\":\"BreadcrumbList\",\"@id\":\"https:\\\/\\\/balanzera.no\\\/sitemap\\\/#breadcrumb\",\"itemListElement\":[{\"@type\":\"ListItem\",\"position\":1,\"name\":\"Home\",\"item\":\"https:\\\/\\\/balanzera.no\\\/nn\\\/\"},{\"@type\":\"ListItem\",\"position\":2,\"name\":\"sitemap\"}]},{\"@type\":\"WebSite\",\"@id\":\"https:\\\/\\\/balanzera.no\\\/#website\",\"url\":\"https:\\\/\\\/balanzera.no\\\/\",\"name\":\"Med omtanke for deg og milj\u00f8et\",\"description\":\"\",\"publisher\":{\"@id\":\"https:\\\/\\\/balanzera.no\\\/#organization\"},\"potentialAction\":[{\"@type\":\"SearchAction\",\"target\":{\"@type\":\"EntryPoint\",\"urlTemplate\":\"https:\\\/\\\/balanzera.no\\\/?s={search_term_string}\"},\"query-input\":{\"@type\":\"PropertyValueSpecification\",\"valueRequired\":true,\"valueName\":\"search_term_string\"}}],\"inLanguage\":\"nn-NO\"},{\"@type\":\"Organization\",\"@id\":\"https:\\\/\\\/balanzera.no\\\/#organization\",\"name\":\"Balanzera AS\",\"url\":\"https:\\\/\\\/balanzera.no\\\/\",\"logo\":{\"@type\":\"ImageObject\",\"inLanguage\":\"nn-NO\",\"@id\":\"https:\\\/\\\/balanzera.no\\\/#\\\/schema\\\/logo\\\/image\\\/\",\"url\":\"https:\\\/\\\/balanzera.no\\\/wp-content\\\/uploads\\\/2018\\\/09\\\/Hvit1_BZ_Logo_Nett.jpg\",\"contentUrl\":\"https:\\\/\\\/balanzera.no\\\/wp-content\\\/uploads\\\/2018\\\/09\\\/Hvit1_BZ_Logo_Nett.jpg\",\"width\":842,\"height\":842,\"caption\":\"Balanzera AS\"},\"image\":{\"@id\":\"https:\\\/\\\/balanzera.no\\\/#\\\/schema\\\/logo\\\/image\\\/\"},\"sameAs\":[\"https:\\\/\\\/www.facebook.com\\\/Balanzera\\\/\",\"https:\\\/\\\/x.com\\\/balanzeraas\",\"https:\\\/\\\/www.instagram.com\\\/balanzera\\\/\"]}]}<\/script>\n<!-- \/ Yoast SEO plugin. -->","yoast_head_json":{"title":"sitemap - Med omtanke for deg og milj\u00f8et","robots":{"index":"index","follow":"follow","max-snippet":"max-snippet:-1","max-image-preview":"max-image-preview:large","max-video-preview":"max-video-preview:-1"},"canonical":"https:\/\/balanzera.no\/nn\/sitemap\/","og_locale":"nn_NO","og_type":"article","og_title":"sitemap - Med omtanke for deg og milj\u00f8et","og_description":"\/ 1 pages Gr\u00f8nn fris\u00f8r | Med omtanke for deg og milj\u00f8et behandlingar\/ 1 pages Behandlingar | Med omtanke for deg og milj\u00f8et brud\/ 1 pages Brud | Med omtanke for deg og milj\u00f8et kontakt\/ 1 pages Kontakt | Med omtanke for deg og milj\u00f8et kurs\/ 1 pages Kurs | Med omtanke for deg og [&hellip;]","og_url":"https:\/\/balanzera.no\/nn\/sitemap\/","og_site_name":"Med omtanke for deg og milj\u00f8et","article_publisher":"https:\/\/www.facebook.com\/Balanzera\/","article_modified_time":"2018-10-03T21:38:45+00:00","twitter_card":"summary_large_image","twitter_site":"@balanzeraas","schema":{"@context":"https:\/\/schema.org","@graph":[{"@type":"WebPage","@id":"https:\/\/balanzera.no\/sitemap\/","url":"https:\/\/balanzera.no\/sitemap\/","name":"sitemap - Med omtanke for deg og milj\u00f8et","isPartOf":{"@id":"https:\/\/balanzera.no\/#website"},"datePublished":"2018-10-03T21:38:00+00:00","dateModified":"2018-10-03T21:38:45+00:00","breadcrumb":{"@id":"https:\/\/balanzera.no\/sitemap\/#breadcrumb"},"inLanguage":"nn-NO","potentialAction":[{"@type":"ReadAction","target":["https:\/\/balanzera.no\/sitemap\/"]}]},{"@type":"BreadcrumbList","@id":"https:\/\/balanzera.no\/sitemap\/#breadcrumb","itemListElement":[{"@type":"ListItem","position":1,"name":"Home","item":"https:\/\/balanzera.no\/nn\/"},{"@type":"ListItem","position":2,"name":"sitemap"}]},{"@type":"WebSite","@id":"https:\/\/balanzera.no\/#website","url":"https:\/\/balanzera.no\/","name":"Med omtanke for deg og milj\u00f8et","description":"","publisher":{"@id":"https:\/\/balanzera.no\/#organization"},"potentialAction":[{"@type":"SearchAction","target":{"@type":"EntryPoint","urlTemplate":"https:\/\/balanzera.no\/?s={search_term_string}"},"query-input":{"@type":"PropertyValueSpecification","valueRequired":true,"valueName":"search_term_string"}}],"inLanguage":"nn-NO"},{"@type":"Organization","@id":"https:\/\/balanzera.no\/#organization","name":"Balanzera AS","url":"https:\/\/balanzera.no\/","logo":{"@type":"ImageObject","inLanguage":"nn-NO","@id":"https:\/\/balanzera.no\/#\/schema\/logo\/image\/","url":"https:\/\/balanzera.no\/wp-content\/uploads\/2018\/09\/Hvit1_BZ_Logo_Nett.jpg","contentUrl":"https:\/\/balanzera.no\/wp-content\/uploads\/2018\/09\/Hvit1_BZ_Logo_Nett.jpg","width":842,"height":842,"caption":"Balanzera AS"},"image":{"@id":"https:\/\/balanzera.no\/#\/schema\/logo\/image\/"},"sameAs":["https:\/\/www.facebook.com\/Balanzera\/","https:\/\/x.com\/balanzeraas","https:\/\/www.instagram.com\/balanzera\/"]}]}},"_links":{"self":[{"href":"http:\/\/balanzera.no\/nn\/wp-json\/wp\/v2\/pages\/332","targetHints":{"allow":["GET"]}}],"collection":[{"href":"http:\/\/balanzera.no\/nn\/wp-json\/wp\/v2\/pages"}],"about":[{"href":"http:\/\/balanzera.no\/nn\/wp-json\/wp\/v2\/types\/page"}],"author":[{"embeddable":true,"href":"http:\/\/balanzera.no\/nn\/wp-json\/wp\/v2\/users\/1"}],"replies":[{"embeddable":true,"href":"http:\/\/balanzera.no\/nn\/wp-json\/wp\/v2\/comments?post=332"}],"version-history":[{"count":1,"href":"http:\/\/balanzera.no\/nn\/wp-json\/wp\/v2\/pages\/332\/revisions"}],"predecessor-version":[{"id":333,"href":"http:\/\/balanzera.no\/nn\/wp-json\/wp\/v2\/pages\/332\/revisions\/333"}],"wp:attachment":[{"href":"http:\/\/balanzera.no\/nn\/wp-json\/wp\/v2\/media?parent=332"}],"curies":[{"name":"wp","href":"https:\/\/api.w.org\/{rel}","templated":true}]}}