{"id":272,"date":"2018-09-26T15:29:20","date_gmt":"2018-09-26T15:29:20","guid":{"rendered":"https:\/\/balanzera.no\/?page_id=272"},"modified":"2018-09-26T15:29:20","modified_gmt":"2018-09-26T15:29:20","slug":"okologisk-make-up","status":"publish","type":"page","link":"http:\/\/balanzera.no\/nn\/okologisk-make-up\/","title":{"rendered":"\u00d8kologisk make-up"},"content":{"rendered":"<p>[et_pb_section fb_built=&raquo;1&#8243; admin_label=&raquo;Hero&raquo; _builder_version=&raquo;3.15&#8243; background_image=&raquo;https:\/\/balanzera.no\/wp-content\/uploads\/2018\/09\/background-texture.jpg&raquo; background_blend=&raquo;multiply&raquo; custom_padding=&raquo;|||&raquo; animation_style=&raquo;zoom&raquo; animation_intensity_zoom=&raquo;4%&raquo;][et_pb_row custom_padding=&raquo;|||&raquo; bg_img_2=&raquo;https:\/\/balanzera.no\/wp-content\/uploads\/2018\/09\/business-13.jpg&raquo; parallax_2=&raquo;on&raquo; _builder_version=&raquo;3.0.83&#8243; background_size=&raquo;initial&raquo; background_position=&raquo;top_left&raquo; background_repeat=&raquo;repeat&raquo; background_blend=&raquo;multiply&raquo; animation_style=&raquo;slide&raquo; animation_direction=&raquo;top&raquo; animation_intensity_slide=&raquo;3%&raquo;][et_pb_column type=&raquo;4_4&#8243; _builder_version=&raquo;3.0.47&#8243; parallax=&raquo;off&raquo; parallax_method=&raquo;on&raquo;][et_pb_text _builder_version=&raquo;3.15&#8243; header_font=&raquo;Playfair Display||||||||dotted&raquo; header_text_color=&raquo;#353740&#8243; header_font_size=&raquo;60px&raquo; header_font_size_last_edited=&raquo;off|desktop&raquo; header_line_height=&raquo;1.3em&raquo; background_size=&raquo;initial&raquo; background_position=&raquo;top_left&raquo; background_repeat=&raquo;repeat&raquo; custom_margin=&raquo;|||&raquo; animation_style=&raquo;fade&raquo; locked=&raquo;off&raquo;]<\/p>\n<h1>Bli ny -dag<\/h1>\n<p>[\/et_pb_text][et_pb_divider divider_weight=&raquo;6px&raquo; disabled_on=&raquo;on|on|off%22&#8243; _builder_version=&raquo;3.15&#8243; max_width=&raquo;120px&raquo; animation_style=&raquo;slide&raquo; animation_direction=&raquo;top&raquo; animation_intensity_slide=&raquo;30%&raquo;][\/et_pb_divider][\/et_pb_column][\/et_pb_row][\/et_pb_section][et_pb_section fb_built=&raquo;1&#8243; admin_label=&raquo;Features&raquo; _builder_version=&raquo;3.0.105&#8243; custom_padding=&raquo;100px|0px|0px|0px&raquo;][et_pb_row _builder_version=&raquo;3.0.105&#8243;][et_pb_column type=&raquo;1_2&#8243; _builder_version=&raquo;3.0.47&#8243; parallax=&raquo;off&raquo; parallax_method=&raquo;on&raquo;][et_pb_image src=&raquo;https:\/\/balanzera.no\/wp-content\/uploads\/2018\/09\/zao.jpg&raquo; force_fullwidth=&raquo;on&raquo; _builder_version=&raquo;3.15&#8243; animation_style=&raquo;slide&raquo; animation_direction=&raquo;right&raquo; animation_intensity_slide=&raquo;5%&raquo;][\/et_pb_image][\/et_pb_column][et_pb_column type=&raquo;1_2&#8243; _builder_version=&raquo;3.0.47&#8243; parallax=&raquo;off&raquo; parallax_method=&raquo;on&raquo;][et_pb_cta title=&raquo;\u00d8kologisk Make-up&raquo; button_url=&raquo;#top&raquo; _builder_version=&raquo;3.15&#8243; header_font=&raquo;Yeseva One||||||||&raquo; header_font_size=&raquo;45px&raquo; header_line_height=&raquo;1.4em&raquo; body_font=&raquo;Montserrat|500|||||||&raquo; body_text_color=&raquo;rgba(47,56,84,0.5)&raquo; body_font_size=&raquo;16px&raquo; body_line_height=&raquo;1.9em&raquo; use_background_color=&raquo;off&raquo; custom_button=&raquo;on&raquo; button_text_size=&raquo;16px&raquo; button_text_color=&raquo;#2f3854&#8243; button_bg_color=&raquo;rgba(47,56,84,0.04)&raquo; button_border_width=&raquo;10px&raquo; button_border_color=&raquo;rgba(47,56,84,0)&raquo; button_border_radius=&raquo;60px&raquo; button_letter_spacing=&raquo;1px&raquo; button_font=&raquo;Montserrat|700||on|||||&raquo; button_use_icon=&raquo;off&raquo; button_text_color_hover=&raquo;#ffffff&raquo; button_bg_color_hover=&raquo;#2f3854&#8243; button_border_radius_hover=&raquo;66px&raquo; button_letter_spacing_hover=&raquo;1px&raquo; button_alignment=&raquo;left&raquo; text_orientation=&raquo;left&raquo; background_layout=&raquo;light&raquo;]<\/p>\n<p dir=\"ltr\">.<span>Zao, eit \u00f8kologisk sminkemerke, \u00a0sertifisera av ecocert. Heilt fritt for syntestiske og kjemiske stoff. Ikkje testa p\u00e5 dyr, verken ingrediensane eller dei ferdige produkta. Sertifisera av Cruelty Free og Leaping Bunny.<\/span><br \/><span>Nesten heile kolleksjonen er vegansk og fri for gluten, noko som gjer at sminka er vennleg mot allergikerar og sensitiv hud.<\/span><\/p>\n<p>[\/et_pb_cta][\/et_pb_column][\/et_pb_row][\/et_pb_section]<\/p>\n","protected":false},"excerpt":{"rendered":"<p>Bli ny -dag .Zao, eit \u00f8kologisk sminkemerke, \u00a0sertifisera av ecocert. Heilt fritt for syntestiske og kjemiske stoff. Ikkje testa p\u00e5 dyr, verken ingrediensane eller dei ferdige produkta. Sertifisera av Cruelty Free og Leaping Bunny.Nesten heile kolleksjonen er vegansk og fri for gluten, noko som gjer at sminka er vennleg mot allergikerar og sensitiv hud.<\/p>\n","protected":false},"author":1,"featured_media":0,"parent":0,"menu_order":0,"comment_status":"closed","ping_status":"closed","template":"","meta":{"_et_pb_use_builder":"on","_et_pb_old_content":"","_et_gb_content_width":"","footnotes":""},"class_list":["post-272","page","type-page","status-publish","hentry"],"yoast_head":"<!-- This site is optimized with the Yoast SEO plugin v27.6 - https:\/\/yoast.com\/product\/yoast-seo-wordpress\/ -->\n<title>\u00d8kologisk make-up - Med omtanke for deg og milj\u00f8et<\/title>\n<meta name=\"robots\" content=\"index, follow, max-snippet:-1, max-image-preview:large, max-video-preview:-1\" \/>\n<link rel=\"canonical\" href=\"https:\/\/balanzera.no\/nn\/okologisk-make-up\/\" \/>\n<meta property=\"og:locale\" content=\"nn_NO\" \/>\n<meta property=\"og:type\" content=\"article\" \/>\n<meta property=\"og:title\" content=\"\u00d8kologisk make-up - Med omtanke for deg og milj\u00f8et\" \/>\n<meta property=\"og:description\" content=\"Bli ny -dag .Zao, eit \u00f8kologisk sminkemerke, \u00a0sertifisera av ecocert. Heilt fritt for syntestiske og kjemiske stoff. Ikkje testa p\u00e5 dyr, verken ingrediensane eller dei ferdige produkta. Sertifisera av Cruelty Free og Leaping Bunny.Nesten heile kolleksjonen er vegansk og fri for gluten, noko som gjer at sminka er vennleg mot allergikerar og sensitiv hud.\" \/>\n<meta property=\"og:url\" content=\"https:\/\/balanzera.no\/nn\/okologisk-make-up\/\" \/>\n<meta property=\"og:site_name\" content=\"Med omtanke for deg og milj\u00f8et\" \/>\n<meta property=\"article:publisher\" content=\"https:\/\/www.facebook.com\/Balanzera\/\" \/>\n<meta name=\"twitter:card\" content=\"summary_large_image\" \/>\n<meta name=\"twitter:site\" content=\"@balanzeraas\" \/>\n<meta name=\"twitter:label1\" content=\"Est. reading time\" \/>\n\t<meta name=\"twitter:data1\" content=\"2 minutt\" \/>\n<script type=\"application\/ld+json\" class=\"yoast-schema-graph\">{\"@context\":\"https:\\\/\\\/schema.org\",\"@graph\":[{\"@type\":\"WebPage\",\"@id\":\"https:\\\/\\\/balanzera.no\\\/okologisk-make-up\\\/\",\"url\":\"https:\\\/\\\/balanzera.no\\\/okologisk-make-up\\\/\",\"name\":\"\u00d8kologisk make-up - Med omtanke for deg og milj\u00f8et\",\"isPartOf\":{\"@id\":\"https:\\\/\\\/balanzera.no\\\/#website\"},\"datePublished\":\"2018-09-26T15:29:20+00:00\",\"breadcrumb\":{\"@id\":\"https:\\\/\\\/balanzera.no\\\/okologisk-make-up\\\/#breadcrumb\"},\"inLanguage\":\"nn-NO\",\"potentialAction\":[{\"@type\":\"ReadAction\",\"target\":[\"https:\\\/\\\/balanzera.no\\\/okologisk-make-up\\\/\"]}]},{\"@type\":\"BreadcrumbList\",\"@id\":\"https:\\\/\\\/balanzera.no\\\/okologisk-make-up\\\/#breadcrumb\",\"itemListElement\":[{\"@type\":\"ListItem\",\"position\":1,\"name\":\"Home\",\"item\":\"https:\\\/\\\/balanzera.no\\\/nn\\\/\"},{\"@type\":\"ListItem\",\"position\":2,\"name\":\"\u00d8kologisk make-up\"}]},{\"@type\":\"WebSite\",\"@id\":\"https:\\\/\\\/balanzera.no\\\/#website\",\"url\":\"https:\\\/\\\/balanzera.no\\\/\",\"name\":\"Med omtanke for deg og milj\u00f8et\",\"description\":\"\",\"publisher\":{\"@id\":\"https:\\\/\\\/balanzera.no\\\/#organization\"},\"potentialAction\":[{\"@type\":\"SearchAction\",\"target\":{\"@type\":\"EntryPoint\",\"urlTemplate\":\"https:\\\/\\\/balanzera.no\\\/?s={search_term_string}\"},\"query-input\":{\"@type\":\"PropertyValueSpecification\",\"valueRequired\":true,\"valueName\":\"search_term_string\"}}],\"inLanguage\":\"nn-NO\"},{\"@type\":\"Organization\",\"@id\":\"https:\\\/\\\/balanzera.no\\\/#organization\",\"name\":\"Balanzera AS\",\"url\":\"https:\\\/\\\/balanzera.no\\\/\",\"logo\":{\"@type\":\"ImageObject\",\"inLanguage\":\"nn-NO\",\"@id\":\"https:\\\/\\\/balanzera.no\\\/#\\\/schema\\\/logo\\\/image\\\/\",\"url\":\"https:\\\/\\\/balanzera.no\\\/wp-content\\\/uploads\\\/2018\\\/09\\\/Hvit1_BZ_Logo_Nett.jpg\",\"contentUrl\":\"https:\\\/\\\/balanzera.no\\\/wp-content\\\/uploads\\\/2018\\\/09\\\/Hvit1_BZ_Logo_Nett.jpg\",\"width\":842,\"height\":842,\"caption\":\"Balanzera AS\"},\"image\":{\"@id\":\"https:\\\/\\\/balanzera.no\\\/#\\\/schema\\\/logo\\\/image\\\/\"},\"sameAs\":[\"https:\\\/\\\/www.facebook.com\\\/Balanzera\\\/\",\"https:\\\/\\\/x.com\\\/balanzeraas\",\"https:\\\/\\\/www.instagram.com\\\/balanzera\\\/\"]}]}<\/script>\n<!-- \/ Yoast SEO plugin. -->","yoast_head_json":{"title":"\u00d8kologisk make-up - Med omtanke for deg og milj\u00f8et","robots":{"index":"index","follow":"follow","max-snippet":"max-snippet:-1","max-image-preview":"max-image-preview:large","max-video-preview":"max-video-preview:-1"},"canonical":"https:\/\/balanzera.no\/nn\/okologisk-make-up\/","og_locale":"nn_NO","og_type":"article","og_title":"\u00d8kologisk make-up - Med omtanke for deg og milj\u00f8et","og_description":"Bli ny -dag .Zao, eit \u00f8kologisk sminkemerke, \u00a0sertifisera av ecocert. Heilt fritt for syntestiske og kjemiske stoff. Ikkje testa p\u00e5 dyr, verken ingrediensane eller dei ferdige produkta. Sertifisera av Cruelty Free og Leaping Bunny.Nesten heile kolleksjonen er vegansk og fri for gluten, noko som gjer at sminka er vennleg mot allergikerar og sensitiv hud.","og_url":"https:\/\/balanzera.no\/nn\/okologisk-make-up\/","og_site_name":"Med omtanke for deg og milj\u00f8et","article_publisher":"https:\/\/www.facebook.com\/Balanzera\/","twitter_card":"summary_large_image","twitter_site":"@balanzeraas","twitter_misc":{"Est. reading time":"2 minutt"},"schema":{"@context":"https:\/\/schema.org","@graph":[{"@type":"WebPage","@id":"https:\/\/balanzera.no\/okologisk-make-up\/","url":"https:\/\/balanzera.no\/okologisk-make-up\/","name":"\u00d8kologisk make-up - Med omtanke for deg og milj\u00f8et","isPartOf":{"@id":"https:\/\/balanzera.no\/#website"},"datePublished":"2018-09-26T15:29:20+00:00","breadcrumb":{"@id":"https:\/\/balanzera.no\/okologisk-make-up\/#breadcrumb"},"inLanguage":"nn-NO","potentialAction":[{"@type":"ReadAction","target":["https:\/\/balanzera.no\/okologisk-make-up\/"]}]},{"@type":"BreadcrumbList","@id":"https:\/\/balanzera.no\/okologisk-make-up\/#breadcrumb","itemListElement":[{"@type":"ListItem","position":1,"name":"Home","item":"https:\/\/balanzera.no\/nn\/"},{"@type":"ListItem","position":2,"name":"\u00d8kologisk make-up"}]},{"@type":"WebSite","@id":"https:\/\/balanzera.no\/#website","url":"https:\/\/balanzera.no\/","name":"Med omtanke for deg og milj\u00f8et","description":"","publisher":{"@id":"https:\/\/balanzera.no\/#organization"},"potentialAction":[{"@type":"SearchAction","target":{"@type":"EntryPoint","urlTemplate":"https:\/\/balanzera.no\/?s={search_term_string}"},"query-input":{"@type":"PropertyValueSpecification","valueRequired":true,"valueName":"search_term_string"}}],"inLanguage":"nn-NO"},{"@type":"Organization","@id":"https:\/\/balanzera.no\/#organization","name":"Balanzera AS","url":"https:\/\/balanzera.no\/","logo":{"@type":"ImageObject","inLanguage":"nn-NO","@id":"https:\/\/balanzera.no\/#\/schema\/logo\/image\/","url":"https:\/\/balanzera.no\/wp-content\/uploads\/2018\/09\/Hvit1_BZ_Logo_Nett.jpg","contentUrl":"https:\/\/balanzera.no\/wp-content\/uploads\/2018\/09\/Hvit1_BZ_Logo_Nett.jpg","width":842,"height":842,"caption":"Balanzera AS"},"image":{"@id":"https:\/\/balanzera.no\/#\/schema\/logo\/image\/"},"sameAs":["https:\/\/www.facebook.com\/Balanzera\/","https:\/\/x.com\/balanzeraas","https:\/\/www.instagram.com\/balanzera\/"]}]}},"_links":{"self":[{"href":"http:\/\/balanzera.no\/nn\/wp-json\/wp\/v2\/pages\/272","targetHints":{"allow":["GET"]}}],"collection":[{"href":"http:\/\/balanzera.no\/nn\/wp-json\/wp\/v2\/pages"}],"about":[{"href":"http:\/\/balanzera.no\/nn\/wp-json\/wp\/v2\/types\/page"}],"author":[{"embeddable":true,"href":"http:\/\/balanzera.no\/nn\/wp-json\/wp\/v2\/users\/1"}],"replies":[{"embeddable":true,"href":"http:\/\/balanzera.no\/nn\/wp-json\/wp\/v2\/comments?post=272"}],"version-history":[{"count":3,"href":"http:\/\/balanzera.no\/nn\/wp-json\/wp\/v2\/pages\/272\/revisions"}],"predecessor-version":[{"id":276,"href":"http:\/\/balanzera.no\/nn\/wp-json\/wp\/v2\/pages\/272\/revisions\/276"}],"wp:attachment":[{"href":"http:\/\/balanzera.no\/nn\/wp-json\/wp\/v2\/media?parent=272"}],"curies":[{"name":"wp","href":"https:\/\/api.w.org\/{rel}","templated":true}]}}