{"id":223,"date":"2018-09-26T14:33:39","date_gmt":"2018-09-26T14:33:39","guid":{"rendered":"https:\/\/balanzera.no\/?page_id=223"},"modified":"2018-12-13T23:14:52","modified_gmt":"2018-12-13T23:14:52","slug":"brud","status":"publish","type":"page","link":"http:\/\/balanzera.no\/nn\/brud\/","title":{"rendered":"Brud"},"content":{"rendered":"\n[et_pb_section fb_built=&raquo;1&#8243; admin_label=&raquo;Hero&raquo; _builder_version=&raquo;3.15&#8243; background_image=&raquo;https:\/\/balanzera.no\/wp-content\/uploads\/2018\/09\/background-texture.jpg&raquo; background_blend=&raquo;multiply&raquo; custom_padding=&raquo;|||&raquo; animation_style=&raquo;zoom&raquo; animation_intensity_zoom=&raquo;4%&raquo;][et_pb_row custom_padding=&raquo;|||&raquo; bg_img_2=&raquo;https:\/\/balanzera.no\/wp-content\/uploads\/2018\/09\/business-13.jpg&raquo; parallax_2=&raquo;on&raquo; _builder_version=&raquo;3.0.83&#8243; background_size=&raquo;initial&raquo; background_position=&raquo;top_left&raquo; background_repeat=&raquo;repeat&raquo; background_blend=&raquo;multiply&raquo; animation_style=&raquo;slide&raquo; animation_direction=&raquo;top&raquo; animation_intensity_slide=&raquo;3%&raquo;][et_pb_column type=&raquo;4_4&#8243; _builder_version=&raquo;3.0.47&#8243; parallax=&raquo;off&raquo; parallax_method=&raquo;on&raquo;][et_pb_text _builder_version=&raquo;3.15&#8243; text_font=&raquo;||||||||&raquo; header_font=&raquo;Playfair Display||||||||dotted&raquo; header_text_color=&raquo;#353740&#8243; header_font_size=&raquo;60px&raquo; header_font_size_last_edited=&raquo;off|desktop&raquo; header_line_height=&raquo;1.3em&raquo; background_size=&raquo;initial&raquo; background_position=&raquo;top_left&raquo; background_repeat=&raquo;repeat&raquo; custom_margin=&raquo;|||&raquo; animation_style=&raquo;fade&raquo; locked=&raquo;off&raquo;]<h1>Brud<\/h1>[\/et_pb_text][et_pb_divider divider_weight=&raquo;6px&raquo; disabled_on=&raquo;on|on|off%22&#8243; _builder_version=&raquo;3.15&#8243; max_width=&raquo;120px&raquo; animation_style=&raquo;slide&raquo; animation_direction=&raquo;top&raquo; animation_intensity_slide=&raquo;30%&raquo;][\/et_pb_divider][\/et_pb_column][\/et_pb_row][\/et_pb_section][et_pb_section fb_built=&raquo;1&#8243; admin_label=&raquo;Features&raquo; _builder_version=&raquo;3.0.105&#8243; custom_padding=&raquo;100px|0px|0px|0px&raquo;][et_pb_row _builder_version=&raquo;3.0.105&#8243;][et_pb_column type=&raquo;1_2&#8243; _builder_version=&raquo;3.0.47&#8243; parallax=&raquo;off&raquo; parallax_method=&raquo;on&raquo;][et_pb_image src=&raquo;https:\/\/balanzera.no\/wp-content\/uploads\/2018\/09\/IMG_3241-2.jpg&raquo; _builder_version=&raquo;3.15&#8243; animation_style=&raquo;slide&raquo; animation_direction=&raquo;right&raquo; animation_intensity_slide=&raquo;5%&raquo;][\/et_pb_image][\/et_pb_column][et_pb_column type=&raquo;1_2&#8243; _builder_version=&raquo;3.0.47&#8243; parallax=&raquo;off&raquo; parallax_method=&raquo;on&raquo;][et_pb_cta title=&raquo;Skal du st\u00e5 brud &#8211; vi vil hjelpa deg med \u00e5 gjere dagen fullkomen&raquo; button_url=&raquo;#top&raquo; _builder_version=&raquo;3.18.4&#8243; header_font=&raquo;Yeseva One||||||||&raquo; header_font_size=&raquo;45px&raquo; header_line_height=&raquo;1.4em&raquo; body_font=&raquo;Montserrat|500|||||||&raquo; body_text_color=&raquo;rgba(47,56,84,0.5)&raquo; body_font_size=&raquo;16px&raquo; body_line_height=&raquo;1.9em&raquo; use_background_color=&raquo;off&raquo; custom_button=&raquo;on&raquo; button_text_size=&raquo;16px&raquo; button_text_color=&raquo;#2f3854&#8243; button_bg_color=&raquo;rgba(47,56,84,0.04)&raquo; button_border_width=&raquo;10px&raquo; button_border_color=&raquo;rgba(47,56,84,0)&raquo; button_border_radius=&raquo;60px&raquo; button_letter_spacing=&raquo;1px&raquo; button_font=&raquo;Montserrat|700||on|||||&raquo; button_use_icon=&raquo;off&raquo; button_alignment=&raquo;left&raquo; text_orientation=&raquo;left&raquo; background_layout=&raquo;light&raquo; button_text_color_hover=&raquo;#ffffff&raquo; button_border_radius_hover=&raquo;66px&raquo; button_letter_spacing_hover=&raquo;1px&raquo; button_bg_color_hover=&raquo;#2f3854&#8243; button_text_size__hover_enabled=&raquo;off&raquo; button_one_text_size__hover_enabled=&raquo;off&raquo; button_two_text_size__hover_enabled=&raquo;off&raquo; button_text_color__hover_enabled=&raquo;on&raquo; button_text_color__hover=&raquo;#ffffff&raquo; button_one_text_color__hover_enabled=&raquo;off&raquo; button_two_text_color__hover_enabled=&raquo;off&raquo; button_border_width__hover_enabled=&raquo;off&raquo; button_one_border_width__hover_enabled=&raquo;off&raquo; button_two_border_width__hover_enabled=&raquo;off&raquo; button_border_color__hover_enabled=&raquo;off&raquo; button_one_border_color__hover_enabled=&raquo;off&raquo; button_two_border_color__hover_enabled=&raquo;off&raquo; button_border_radius__hover_enabled=&raquo;on&raquo; button_border_radius__hover=&raquo;66px&raquo; button_one_border_radius__hover_enabled=&raquo;off&raquo; button_two_border_radius__hover_enabled=&raquo;off&raquo; button_letter_spacing__hover_enabled=&raquo;on&raquo; button_letter_spacing__hover=&raquo;1px&raquo; button_one_letter_spacing__hover_enabled=&raquo;off&raquo; button_two_letter_spacing__hover_enabled=&raquo;off&raquo; button_bg_color__hover_enabled=&raquo;on&raquo; button_bg_color__hover=&raquo;#2f3854&#8243; button_one_bg_color__hover_enabled=&raquo;off&raquo; button_two_bg_color__hover_enabled=&raquo;off&raquo;]<p dir=\"ltr\">Vi har lang og god erfaring i oppsett og sminke av brud. V\u00e5re fris\u00f8rar\/stylistar\/make-up artistar er klare til \u00e5 veilede deg gjennom den store dagen.\u00a0Pr\u00f8vetimen er inkludera i prisen.\u00a0<\/p>\n<p dir=\"ltr\">Her tek vi oss god tid til saman \u00e5 finne ut korleis h\u00e5r og make-up skal sj\u00e5 ut. Vi kan sj\u00e5 p\u00e5 bilete saman, vi tilpassar det kvar enkelt, og finn fram til akkurat den stilen som passar deg og slik du trivst best. Du skal vere spesielt vakker denne dagen, men det er ogs\u00e5 viktig at det blir naturleg og gjenkjenneleg.<\/p>\n<p dir=\"ltr\">Som brud kan du kome til salongen \u00e5 f\u00e5 ein avslappande formiddag der, saman med forlovar og evt.andre. Vi vil legge til rette for at det blir ein fin og berolegande f\u00f8r-tid. Eller s\u00e5 kjem vi gjerne dit du aller helst vil vere, om det er heime, p\u00e5 hotellet eller ein anna stad.<\/p>[\/et_pb_cta][\/et_pb_column][\/et_pb_row][\/et_pb_section]\n","protected":false},"excerpt":{"rendered":"<p>BrudVi har lang og god erfaring i oppsett og sminke av brud. V\u00e5re fris\u00f8rar\/stylistar\/make-up artistar er klare til \u00e5 veilede deg gjennom den store dagen.\u00a0Pr\u00f8vetimen er inkludera i prisen.\u00a0 Her tek vi oss god tid til saman \u00e5 finne ut korleis h\u00e5r og make-up skal sj\u00e5 ut. Vi kan sj\u00e5 p\u00e5 bilete saman, vi tilpassar [&hellip;]<\/p>\n","protected":false},"author":1,"featured_media":0,"parent":0,"menu_order":0,"comment_status":"closed","ping_status":"closed","template":"","meta":{"_et_pb_use_builder":"on","_et_pb_old_content":"","_et_gb_content_width":"","footnotes":""},"class_list":["post-223","page","type-page","status-publish","hentry"],"yoast_head":"<!-- This site is optimized with the Yoast SEO plugin v27.5 - https:\/\/yoast.com\/product\/yoast-seo-wordpress\/ -->\n<title>Brud - Den store dagen, -som vi vil hjelpa deg med \u00e5 gjere fullkomen<\/title>\n<meta name=\"description\" content=\"Balanzera har fleire fris\u00f8rar\/stylistar\/make-up artistar, med lang og god erfaring i oppsett og sminke av brud. Pr\u00f8vetimen er inkludera i prisen.\" \/>\n<meta name=\"robots\" content=\"index, follow, max-snippet:-1, max-image-preview:large, max-video-preview:-1\" \/>\n<link rel=\"canonical\" href=\"https:\/\/balanzera.no\/nn\/brud\/\" \/>\n<meta property=\"og:locale\" content=\"nn_NO\" \/>\n<meta property=\"og:type\" content=\"article\" \/>\n<meta property=\"og:title\" content=\"Brud - Den store dagen, -som vi vil hjelpa deg med \u00e5 gjere fullkomen\" \/>\n<meta property=\"og:description\" content=\"Balanzera har fleire fris\u00f8rar\/stylistar\/make-up artistar, med lang og god erfaring i oppsett og sminke av brud. Pr\u00f8vetimen er inkludera i prisen.\" \/>\n<meta property=\"og:url\" content=\"https:\/\/balanzera.no\/nn\/brud\/\" \/>\n<meta property=\"og:site_name\" content=\"Med omtanke for deg og milj\u00f8et\" \/>\n<meta property=\"article:publisher\" content=\"https:\/\/www.facebook.com\/Balanzera\/\" \/>\n<meta property=\"article:modified_time\" content=\"2018-12-13T23:14:52+00:00\" \/>\n<meta name=\"twitter:card\" content=\"summary_large_image\" \/>\n<meta name=\"twitter:site\" content=\"@balanzeraas\" \/>\n<meta name=\"twitter:label1\" content=\"Est. reading time\" \/>\n\t<meta name=\"twitter:data1\" content=\"3 minutt\" \/>\n<script type=\"application\/ld+json\" class=\"yoast-schema-graph\">{\"@context\":\"https:\\\/\\\/schema.org\",\"@graph\":[{\"@type\":\"WebPage\",\"@id\":\"https:\\\/\\\/balanzera.no\\\/brud\\\/\",\"url\":\"https:\\\/\\\/balanzera.no\\\/brud\\\/\",\"name\":\"Brud - Den store dagen, -som vi vil hjelpa deg med \u00e5 gjere fullkomen\",\"isPartOf\":{\"@id\":\"https:\\\/\\\/balanzera.no\\\/#website\"},\"datePublished\":\"2018-09-26T14:33:39+00:00\",\"dateModified\":\"2018-12-13T23:14:52+00:00\",\"description\":\"Balanzera har fleire fris\u00f8rar\\\/stylistar\\\/make-up artistar, med lang og god erfaring i oppsett og sminke av brud. Pr\u00f8vetimen er inkludera i prisen.\",\"breadcrumb\":{\"@id\":\"https:\\\/\\\/balanzera.no\\\/brud\\\/#breadcrumb\"},\"inLanguage\":\"nn-NO\",\"potentialAction\":[{\"@type\":\"ReadAction\",\"target\":[\"https:\\\/\\\/balanzera.no\\\/brud\\\/\"]}]},{\"@type\":\"BreadcrumbList\",\"@id\":\"https:\\\/\\\/balanzera.no\\\/brud\\\/#breadcrumb\",\"itemListElement\":[{\"@type\":\"ListItem\",\"position\":1,\"name\":\"Home\",\"item\":\"https:\\\/\\\/balanzera.no\\\/nn\\\/\"},{\"@type\":\"ListItem\",\"position\":2,\"name\":\"Brud\"}]},{\"@type\":\"WebSite\",\"@id\":\"https:\\\/\\\/balanzera.no\\\/#website\",\"url\":\"https:\\\/\\\/balanzera.no\\\/\",\"name\":\"Med omtanke for deg og milj\u00f8et\",\"description\":\"\",\"publisher\":{\"@id\":\"https:\\\/\\\/balanzera.no\\\/#organization\"},\"potentialAction\":[{\"@type\":\"SearchAction\",\"target\":{\"@type\":\"EntryPoint\",\"urlTemplate\":\"https:\\\/\\\/balanzera.no\\\/?s={search_term_string}\"},\"query-input\":{\"@type\":\"PropertyValueSpecification\",\"valueRequired\":true,\"valueName\":\"search_term_string\"}}],\"inLanguage\":\"nn-NO\"},{\"@type\":\"Organization\",\"@id\":\"https:\\\/\\\/balanzera.no\\\/#organization\",\"name\":\"Balanzera AS\",\"url\":\"https:\\\/\\\/balanzera.no\\\/\",\"logo\":{\"@type\":\"ImageObject\",\"inLanguage\":\"nn-NO\",\"@id\":\"https:\\\/\\\/balanzera.no\\\/#\\\/schema\\\/logo\\\/image\\\/\",\"url\":\"https:\\\/\\\/balanzera.no\\\/wp-content\\\/uploads\\\/2018\\\/09\\\/Hvit1_BZ_Logo_Nett.jpg\",\"contentUrl\":\"https:\\\/\\\/balanzera.no\\\/wp-content\\\/uploads\\\/2018\\\/09\\\/Hvit1_BZ_Logo_Nett.jpg\",\"width\":842,\"height\":842,\"caption\":\"Balanzera AS\"},\"image\":{\"@id\":\"https:\\\/\\\/balanzera.no\\\/#\\\/schema\\\/logo\\\/image\\\/\"},\"sameAs\":[\"https:\\\/\\\/www.facebook.com\\\/Balanzera\\\/\",\"https:\\\/\\\/x.com\\\/balanzeraas\",\"https:\\\/\\\/www.instagram.com\\\/balanzera\\\/\"]}]}<\/script>\n<!-- \/ Yoast SEO plugin. -->","yoast_head_json":{"title":"Brud - Den store dagen, -som vi vil hjelpa deg med \u00e5 gjere fullkomen","description":"Balanzera har fleire fris\u00f8rar\/stylistar\/make-up artistar, med lang og god erfaring i oppsett og sminke av brud. Pr\u00f8vetimen er inkludera i prisen.","robots":{"index":"index","follow":"follow","max-snippet":"max-snippet:-1","max-image-preview":"max-image-preview:large","max-video-preview":"max-video-preview:-1"},"canonical":"https:\/\/balanzera.no\/nn\/brud\/","og_locale":"nn_NO","og_type":"article","og_title":"Brud - Den store dagen, -som vi vil hjelpa deg med \u00e5 gjere fullkomen","og_description":"Balanzera har fleire fris\u00f8rar\/stylistar\/make-up artistar, med lang og god erfaring i oppsett og sminke av brud. Pr\u00f8vetimen er inkludera i prisen.","og_url":"https:\/\/balanzera.no\/nn\/brud\/","og_site_name":"Med omtanke for deg og milj\u00f8et","article_publisher":"https:\/\/www.facebook.com\/Balanzera\/","article_modified_time":"2018-12-13T23:14:52+00:00","twitter_card":"summary_large_image","twitter_site":"@balanzeraas","twitter_misc":{"Est. reading time":"3 minutt"},"schema":{"@context":"https:\/\/schema.org","@graph":[{"@type":"WebPage","@id":"https:\/\/balanzera.no\/brud\/","url":"https:\/\/balanzera.no\/brud\/","name":"Brud - Den store dagen, -som vi vil hjelpa deg med \u00e5 gjere fullkomen","isPartOf":{"@id":"https:\/\/balanzera.no\/#website"},"datePublished":"2018-09-26T14:33:39+00:00","dateModified":"2018-12-13T23:14:52+00:00","description":"Balanzera har fleire fris\u00f8rar\/stylistar\/make-up artistar, med lang og god erfaring i oppsett og sminke av brud. Pr\u00f8vetimen er inkludera i prisen.","breadcrumb":{"@id":"https:\/\/balanzera.no\/brud\/#breadcrumb"},"inLanguage":"nn-NO","potentialAction":[{"@type":"ReadAction","target":["https:\/\/balanzera.no\/brud\/"]}]},{"@type":"BreadcrumbList","@id":"https:\/\/balanzera.no\/brud\/#breadcrumb","itemListElement":[{"@type":"ListItem","position":1,"name":"Home","item":"https:\/\/balanzera.no\/nn\/"},{"@type":"ListItem","position":2,"name":"Brud"}]},{"@type":"WebSite","@id":"https:\/\/balanzera.no\/#website","url":"https:\/\/balanzera.no\/","name":"Med omtanke for deg og milj\u00f8et","description":"","publisher":{"@id":"https:\/\/balanzera.no\/#organization"},"potentialAction":[{"@type":"SearchAction","target":{"@type":"EntryPoint","urlTemplate":"https:\/\/balanzera.no\/?s={search_term_string}"},"query-input":{"@type":"PropertyValueSpecification","valueRequired":true,"valueName":"search_term_string"}}],"inLanguage":"nn-NO"},{"@type":"Organization","@id":"https:\/\/balanzera.no\/#organization","name":"Balanzera AS","url":"https:\/\/balanzera.no\/","logo":{"@type":"ImageObject","inLanguage":"nn-NO","@id":"https:\/\/balanzera.no\/#\/schema\/logo\/image\/","url":"https:\/\/balanzera.no\/wp-content\/uploads\/2018\/09\/Hvit1_BZ_Logo_Nett.jpg","contentUrl":"https:\/\/balanzera.no\/wp-content\/uploads\/2018\/09\/Hvit1_BZ_Logo_Nett.jpg","width":842,"height":842,"caption":"Balanzera AS"},"image":{"@id":"https:\/\/balanzera.no\/#\/schema\/logo\/image\/"},"sameAs":["https:\/\/www.facebook.com\/Balanzera\/","https:\/\/x.com\/balanzeraas","https:\/\/www.instagram.com\/balanzera\/"]}]}},"_links":{"self":[{"href":"http:\/\/balanzera.no\/nn\/wp-json\/wp\/v2\/pages\/223","targetHints":{"allow":["GET"]}}],"collection":[{"href":"http:\/\/balanzera.no\/nn\/wp-json\/wp\/v2\/pages"}],"about":[{"href":"http:\/\/balanzera.no\/nn\/wp-json\/wp\/v2\/types\/page"}],"author":[{"embeddable":true,"href":"http:\/\/balanzera.no\/nn\/wp-json\/wp\/v2\/users\/1"}],"replies":[{"embeddable":true,"href":"http:\/\/balanzera.no\/nn\/wp-json\/wp\/v2\/comments?post=223"}],"version-history":[{"count":8,"href":"http:\/\/balanzera.no\/nn\/wp-json\/wp\/v2\/pages\/223\/revisions"}],"predecessor-version":[{"id":436,"href":"http:\/\/balanzera.no\/nn\/wp-json\/wp\/v2\/pages\/223\/revisions\/436"}],"wp:attachment":[{"href":"http:\/\/balanzera.no\/nn\/wp-json\/wp\/v2\/media?parent=223"}],"curies":[{"name":"wp","href":"https:\/\/api.w.org\/{rel}","templated":true}]}}