{"id":119,"date":"2018-09-25T15:14:57","date_gmt":"2018-09-25T15:14:57","guid":{"rendered":"https:\/\/balanzera.no\/?page_id=119"},"modified":"2025-09-15T13:56:54","modified_gmt":"2025-09-15T13:56:54","slug":"prisar","status":"publish","type":"page","link":"http:\/\/balanzera.no\/nn\/prisar\/","title":{"rendered":"Prisar"},"content":{"rendered":"<p>[et_pb_section fb_built=&raquo;1&#8243; admin_label=&raquo;Hero&raquo; _builder_version=&raquo;4.27.4&#8243; background_image=&raquo;https:\/\/balanzera.no\/wp-content\/uploads\/2018\/09\/background-texture.jpg&raquo; background_blend=&raquo;multiply&raquo; custom_padding=&raquo;|||&raquo; animation_style=&raquo;zoom&raquo; animation_intensity_zoom=&raquo;4%&raquo; hover_enabled=&raquo;0&#8243; global_colors_info=&raquo;{}&raquo; sticky_enabled=&raquo;0&#8243; height=&raquo;103px&raquo;][et_pb_row _builder_version=&raquo;4.16&#8243; background_size=&raquo;initial&raquo; background_position=&raquo;top_left&raquo; background_repeat=&raquo;repeat&raquo; background_blend=&raquo;multiply&raquo; custom_padding=&raquo;|||&raquo; animation_style=&raquo;slide&raquo; animation_direction=&raquo;top&raquo; animation_intensity_slide=&raquo;3%&raquo; global_colors_info=&raquo;{}&raquo; width=&raquo;78.6%&raquo; min_height=&raquo;90.5px&raquo;][et_pb_column type=&raquo;4_4&#8243; _builder_version=&raquo;4.16&#8243; custom_padding=&raquo;|||&raquo; global_colors_info=&raquo;{}&raquo; custom_padding__hover=&raquo;|||&raquo;][et_pb_text _builder_version=&raquo;4.16&#8243; text_font=&raquo;||||||||&raquo; header_font=&raquo;Playfair Display||||||||dotted&raquo; header_text_color=&raquo;#353740&#8243; header_font_size=&raquo;60px&raquo; header_line_height=&raquo;1.3em&raquo; background_size=&raquo;initial&raquo; background_position=&raquo;top_left&raquo; background_repeat=&raquo;repeat&raquo; custom_margin=&raquo;|||&raquo; animation_style=&raquo;fade&raquo; header_font_size_last_edited=&raquo;off|desktop&raquo; locked=&raquo;off&raquo; global_colors_info=&raquo;{}&raquo;]<\/p>\n<h1>V\u00e5re prisar<\/h1>\n<p>[\/et_pb_text][et_pb_divider color=&raquo;#00584e&raquo; divider_weight=&raquo;6px&raquo; disabled_on=&raquo;on|on|off%22&#8243; _builder_version=&raquo;4.16&#8243; max_width=&raquo;120px&raquo; animation_style=&raquo;slide&raquo; animation_direction=&raquo;top&raquo; animation_intensity_slide=&raquo;30%&raquo; global_colors_info=&raquo;{}&raquo;][\/et_pb_divider][\/et_pb_column][\/et_pb_row][\/et_pb_section][et_pb_section fb_built=&raquo;1&#8243; _builder_version=&raquo;4.16&#8243; custom_padding=&raquo;0px|21px|0px|0px|false|false&raquo; global_colors_info=&raquo;{}&raquo;][et_pb_row _builder_version=&raquo;4.27.4&#8243; background_size=&raquo;initial&raquo; background_position=&raquo;top_left&raquo; background_repeat=&raquo;repeat&raquo; hover_enabled=&raquo;0&#8243; global_colors_info=&raquo;{}&raquo; custom_padding=&raquo;0px|||||&raquo; sticky_enabled=&raquo;0&#8243;][et_pb_column type=&raquo;4_4&#8243; _builder_version=&raquo;4.18.0&#8243; _module_preset=&raquo;default&raquo; global_colors_info=&raquo;{}&raquo;][et_pb_text _builder_version=&raquo;4.27.4&#8243; width=&raquo;100%&raquo; custom_padding=&raquo;0px||25px|||&raquo; hover_enabled=&raquo;0&#8243; global_colors_info=&raquo;{}&raquo; sticky_enabled=&raquo;0&#8243; min_height=&raquo;129.7px&raquo;]<\/p>\n<p><span style=\"font-size: small;\">Dette er <strong>fr\u00e5<\/strong>-prisar for Gr\u00fcnerl\u00f8kka og Oslo. <\/span><span style=\"font-size: small;\">\u00a0Fris\u00f8r pris er den som st\u00e5r oppf\u00f8rt her. Senior\/stylist er ca.10% h\u00f8gare. Ring oss eller logg inn p\u00e5 nettbestilling for \u00e5 sj\u00e5 meir detaljer.<\/span><\/p>\n<p><strong><span style=\"font-size: small;\">Balanzera-Kviteseid har ca. 20% l\u00e5gare prisar enn salongane i Oslo grunna l\u00e5gare faste utgifter og tilpassing av prisniv\u00e5 i forhold til distriktet elles.\u00a0<\/span><\/strong><\/p>\n<p><span style=\"font-size: small;\">Avbestilling av time m\u00e5 skje seinast 24 timar f\u00f8r, elles fakturerast kr.600.- Avbestilling skal ikkje skje via e-post.<\/span><\/p>\n<p>&nbsp;<\/p>\n<p><strong><\/strong><\/p>\n<p>[\/et_pb_text][\/et_pb_column][\/et_pb_row][et_pb_row column_structure=&raquo;1_2,1_2&#8243; _builder_version=&raquo;4.27.4&#8243; background_size=&raquo;initial&raquo; background_position=&raquo;top_left&raquo; background_repeat=&raquo;repeat&raquo; min_height=&raquo;839.8px&raquo; custom_margin=&raquo;-57px|auto||auto||&raquo; global_colors_info=&raquo;{}&raquo;][et_pb_column type=&raquo;1_2&#8243; _builder_version=&raquo;4.16&#8243; custom_padding=&raquo;|||&raquo; global_colors_info=&raquo;{}&raquo; custom_padding__hover=&raquo;|||&raquo;][et_pb_text _builder_version=&raquo;4.27.4&#8243; width=&raquo;100%&raquo; min_height=&raquo;749.8px&raquo; custom_margin=&raquo;-2px|1px||||&raquo; custom_padding=&raquo;|0px||||&raquo; hover_enabled=&raquo;0&#8243; global_colors_info=&raquo;{}&raquo; sticky_enabled=&raquo;0&#8243; content_last_edited=&raquo;on|phone&raquo; content_phone=&raquo;<\/p>\n<div class=%22column2 column_space%22>\n<p>&nbsp;<\/p>\n<table border=%220%22 width=%22509%22 cellspacing=%220%22 cellpadding=%220%22 height=%22693%22 style=%22height: 569px; width: 433px;%22>\n<colgroup>\n<col width=%22265%22 \/>\n<col width=%2223%22 \/>\n<col width=%2248%22 \/><\/colgroup>\n<tbody>\n<tr style=%22height: 41px;%22>\n<td height=%2221%22 style=%22width: 249.383px; height: 41px;%22><strong>Klipp<\/strong><\/td>\n<td colspan=%222%22 style=%22width: 177.617px; height: 41px;%22><strong>Salgspris<\/strong><\/td>\n<\/tr>\n<tr style=%22height: 56px;%22>\n<td height=%2233%22 style=%22width: 249.383px; height: 56px;%22>Klipp, vask og styling<\/td>\n<td style=%22width: 76.7344px; height: 56px;%22>fr\u00e5<\/td>\n<td style=%22width: 98.8828px; height: 56px;%22>\u00a0 1110 &#8211; 1240,-<\/td>\n<\/tr>\n<tr style=%22height: 56px;%22>\n<td height=%2233%22 style=%22width: 249.383px; height: 56px;%22>Klipp barn, 0-6 \u00e5r<\/td>\n<td style=%22width: 76.7344px; height: 56px;%22>\u00a0fr\u00e5<\/td>\n<td style=%22width: 98.8828px; height: 56px;%22>\u00a0 610 &#8211; 790,-<\/td>\n<\/tr>\n<tr style=%22height: 56px;%22>\n<td height=%2233%22 style=%22width: 249.383px; height: 56px;%22><strong>Forming<\/strong><\/td>\n<td style=%22width: 76.7344px; height: 56px;%22><\/td>\n<td style=%22width: 98.8828px; height: 56px;%22><\/td>\n<\/tr>\n<tr style=%22height: 56px;%22>\n<td height=%2233%22 style=%22width: 249.383px; height: 56px;%22>Vask og styling<\/td>\n<td style=%22width: 76.7344px; height: 56px;%22>fr\u00e5<\/td>\n<td style=%22width: 98.8828px; height: 56px;%22>\u00a0 670 &#8211; 960,-<\/td>\n<\/tr>\n<tr style=%22height: 56px;%22>\n<td height=%2233%22 style=%22width: 249.383px; height: 56px;%22><strong>Farge<\/strong><\/td>\n<td style=%22width: 76.7344px; height: 56px;%22><\/td>\n<td style=%22width: 98.8828px; height: 56px;%22><\/td>\n<\/tr>\n<tr style=%22height: 56px;%22>\n<td height=%2233%22 style=%22width: 249.383px; height: 56px;%22>Farge ettervekst (inntil 2 cm)<\/td>\n<td style=%22width: 76.7344px; height: 56px;%22>fr\u00e5<\/td>\n<td style=%22width: 98.8828px; height: 56px;%22>\u00a0 1660 &#8211; 1820,-<\/td>\n<\/tr>\n<tr style=%22height: 56px;%22>\n<td height=%2233%22 style=%22width: 249.383px; height: 56px;%22>Heilfarge<\/td>\n<td style=%22width: 76.7344px; height: 56px;%22>fr\u00e5<\/td>\n<td style=%22width: 98.8828px; height: 56px;%22>\u00a0 1990 &#8211; 2585,-<\/td>\n<\/tr>\n<tr style=%22height: 56px;%22>\n<td height=%2233%22 style=%22width: 249.383px; height: 56px;%22>Fleirfarge<\/td>\n<td style=%22width: 76.7344px; height: 56px;%22>fr\u00e5<\/td>\n<td style=%22width: 98.8828px; height: 56px;%22>\u00a0 2220 &#8211; 3065,-<\/td>\n<\/tr>\n<tr style=%22height: 56px;%22>\n<td height=%2233%22 style=%22width: 249.383px; height: 56px;%22>Foliestriper\/Balayage<\/td>\n<td style=%22width: 76.7344px; height: 56px;%22>fr\u00e5<\/td>\n<td style=%22width: 98.8828px; height: 56px;%22>\u00a0 2220 &#8211; 3390,-<\/td>\n<\/tr>\n<\/tbody>\n<\/table>\n<\/div>\n<p>&raquo; content_tablet=&raquo;<\/p>\n<div class=%22column2 column_space%22>\n<p>&nbsp;<\/p>\n<table border=%220%22 width=%22509%22 cellspacing=%220%22 cellpadding=%220%22 height=%22693%22 style=%22height: 569px; width: 513px;%22>\n<colgroup>\n<col width=%22265%22 \/>\n<col width=%2223%22 \/>\n<col width=%2248%22 \/><\/colgroup>\n<tbody>\n<tr style=%22height: 41px;%22>\n<td height=%2221%22 style=%22width: 258.445px; height: 41px;%22><strong>Klipp<\/strong><\/td>\n<td colspan=%222%22 style=%22width: 248.555px; height: 41px;%22><strong>Salgspris<\/strong><\/td>\n<\/tr>\n<tr style=%22height: 56px;%22>\n<td height=%2233%22 style=%22width: 258.445px; height: 56px;%22>Klipp, vask og styling<\/td>\n<td style=%22width: 90.1797px; height: 56px;%22>fr\u00e5<\/td>\n<td style=%22width: 156.375px; height: 56px;%22>\u00a0 1110 &#8211; 1240,-<\/td>\n<\/tr>\n<tr style=%22height: 56px;%22>\n<td height=%2233%22 style=%22width: 258.445px; height: 56px;%22>Klipp barn, 0-6 \u00e5r<\/td>\n<td style=%22width: 90.1797px; height: 56px;%22>\u00a0fr\u00e5<\/td>\n<td style=%22width: 156.375px; height: 56px;%22>\u00a0 610 &#8211; 790,-<\/td>\n<\/tr>\n<tr style=%22height: 56px;%22>\n<td height=%2233%22 style=%22width: 258.445px; height: 56px;%22><strong>Forming<\/strong><\/td>\n<td style=%22width: 90.1797px; height: 56px;%22><\/td>\n<td style=%22width: 156.375px; height: 56px;%22><\/td>\n<\/tr>\n<tr style=%22height: 56px;%22>\n<td height=%2233%22 style=%22width: 258.445px; height: 56px;%22>Vask og styling<\/td>\n<td style=%22width: 90.1797px; height: 56px;%22>fr\u00e5<\/td>\n<td style=%22width: 156.375px; height: 56px;%22>\u00a0 670 &#8211; 960,-<\/td>\n<\/tr>\n<tr style=%22height: 56px;%22>\n<td height=%2233%22 style=%22width: 258.445px; height: 56px;%22><strong>Farge<\/strong><\/td>\n<td style=%22width: 90.1797px; height: 56px;%22><\/td>\n<td style=%22width: 156.375px; height: 56px;%22><\/td>\n<\/tr>\n<tr style=%22height: 56px;%22>\n<td height=%2233%22 style=%22width: 258.445px; height: 56px;%22>Farge ettervekst (inntil 2 cm)<\/td>\n<td style=%22width: 90.1797px; height: 56px;%22>fr\u00e5<\/td>\n<td style=%22width: 156.375px; height: 56px;%22>\u00a0 1660 &#8211; 1820,-<\/td>\n<\/tr>\n<tr style=%22height: 56px;%22>\n<td height=%2233%22 style=%22width: 258.445px; height: 56px;%22>Heilfarge<\/td>\n<td style=%22width: 90.1797px; height: 56px;%22>fr\u00e5<\/td>\n<td style=%22width: 156.375px; height: 56px;%22>\u00a0 1990 &#8211; 2585,-<\/td>\n<\/tr>\n<tr style=%22height: 56px;%22>\n<td height=%2233%22 style=%22width: 258.445px; height: 56px;%22>Fleirfarge<\/td>\n<td style=%22width: 90.1797px; height: 56px;%22>fr\u00e5<\/td>\n<td style=%22width: 156.375px; height: 56px;%22>\u00a0 2220 &#8211; 3065,-<\/td>\n<\/tr>\n<tr style=%22height: 56px;%22>\n<td height=%2233%22 style=%22width: 258.445px; height: 56px;%22>Foliestriper\/Balayage<\/td>\n<td style=%22width: 90.1797px; height: 56px;%22>fr\u00e5<\/td>\n<td style=%22width: 156.375px; height: 56px;%22>\u00a0 2220 &#8211; 3390,-<\/td>\n<\/tr>\n<\/tbody>\n<\/table>\n<\/div>\n<p>&laquo;]<\/p>\n<div class=\"column2 column_space\">\n<p>&nbsp;<\/p>\n<table border=\"0\" width=\"509\" cellspacing=\"0\" cellpadding=\"0\" height=\"693\" style=\"height: 569px; width: 513px;\">\n<colgroup>\n<col width=\"265\" \/>\n<col width=\"23\" \/>\n<col width=\"48\" \/><\/colgroup>\n<tbody>\n<tr style=\"height: 41px;\">\n<td height=\"21\" style=\"width: 258.445px; height: 41px;\"><strong>Klipp<\/strong><\/td>\n<td colspan=\"2\" style=\"width: 248.555px; height: 41px;\"><strong>Salgspris<\/strong><\/td>\n<\/tr>\n<tr style=\"height: 56px;\">\n<td height=\"33\" style=\"width: 258.445px; height: 56px;\">Klipp, vask og styling<\/td>\n<td style=\"width: 90.1797px; height: 56px;\">fr\u00e5<\/td>\n<td style=\"width: 156.375px; height: 56px;\">\u00a0 1110 &#8211; 1240,-<\/td>\n<\/tr>\n<tr style=\"height: 56px;\">\n<td height=\"33\" style=\"width: 258.445px; height: 56px;\">Klipp barn, 0-6 \u00e5r<\/td>\n<td style=\"width: 90.1797px; height: 56px;\">\u00a0fr\u00e5<\/td>\n<td style=\"width: 156.375px; height: 56px;\">\u00a0 610 &#8211; 790,-<\/td>\n<\/tr>\n<tr style=\"height: 56px;\">\n<td height=\"33\" style=\"width: 258.445px; height: 56px;\"><strong>Forming<\/strong><\/td>\n<td style=\"width: 90.1797px; height: 56px;\"><\/td>\n<td style=\"width: 156.375px; height: 56px;\"><\/td>\n<\/tr>\n<tr style=\"height: 56px;\">\n<td height=\"33\" style=\"width: 258.445px; height: 56px;\">Vask og styling<\/td>\n<td style=\"width: 90.1797px; height: 56px;\">fr\u00e5<\/td>\n<td style=\"width: 156.375px; height: 56px;\">\u00a0 670 &#8211; 960,-<\/td>\n<\/tr>\n<tr style=\"height: 56px;\">\n<td height=\"33\" style=\"width: 258.445px; height: 56px;\"><strong>Farge<\/strong><\/td>\n<td style=\"width: 90.1797px; height: 56px;\"><\/td>\n<td style=\"width: 156.375px; height: 56px;\"><\/td>\n<\/tr>\n<tr style=\"height: 56px;\">\n<td height=\"33\" style=\"width: 258.445px; height: 56px;\">Farge ettervekst (inntil 2 cm)<\/td>\n<td style=\"width: 90.1797px; height: 56px;\">fr\u00e5<\/td>\n<td style=\"width: 156.375px; height: 56px;\">\u00a0 1660 &#8211; 1820,-<\/td>\n<\/tr>\n<tr style=\"height: 56px;\">\n<td height=\"33\" style=\"width: 258.445px; height: 56px;\">Heilfarge<\/td>\n<td style=\"width: 90.1797px; height: 56px;\">fr\u00e5<\/td>\n<td style=\"width: 156.375px; height: 56px;\">\u00a0 1990 &#8211; 2585,-<\/td>\n<\/tr>\n<tr style=\"height: 56px;\">\n<td height=\"33\" style=\"width: 258.445px; height: 56px;\">Fleirfarge<\/td>\n<td style=\"width: 90.1797px; height: 56px;\">fr\u00e5<\/td>\n<td style=\"width: 156.375px; height: 56px;\">\u00a0 2220 &#8211; 3065,-<\/td>\n<\/tr>\n<tr style=\"height: 56px;\">\n<td height=\"33\" style=\"width: 258.445px; height: 56px;\">Foliestriper\/Balayage<\/td>\n<td style=\"width: 90.1797px; height: 56px;\">fr\u00e5<\/td>\n<td style=\"width: 156.375px; height: 56px;\">\u00a0 2220 &#8211; 3390,-<\/td>\n<\/tr>\n<\/tbody>\n<\/table>\n<\/div>\n<p>[\/et_pb_text][\/et_pb_column][et_pb_column type=&raquo;1_2&#8243; _builder_version=&raquo;4.16&#8243; custom_padding=&raquo;|||&raquo; global_colors_info=&raquo;{}&raquo; custom_padding__hover=&raquo;|||&raquo;][et_pb_text _builder_version=&raquo;4.27.4&#8243; min_height=&raquo;639.8px&raquo; custom_padding=&raquo;21px|76px||||&raquo; hover_enabled=&raquo;0&#8243; global_colors_info=&raquo;{}&raquo; sticky_enabled=&raquo;0&#8243;]<\/p>\n<table border=\"0\" width=\"394\" cellspacing=\"0\" cellpadding=\"0\" height=\"632\" style=\"width: 517px; height: 464px;\">\n<tbody>\n<tr style=\"height: 47px;\">\n<td style=\"width: 266.039px; height: 47px;\" height=\"33\"><strong>H\u00e5rspa<\/strong><\/td>\n<td style=\"width: 244.961px; height: 47px;\" colspan=\"2\"><strong>Salgspris<\/strong><\/td>\n<\/tr>\n<tr style=\"height: 103px;\">\n<td style=\"width: 266.039px; height: 77px;\" height=\"33\">Minih\u00e5rspa\u00a0<span style=\"font-size: 14px;\">(kremkur m\/massasje)\u00a0 <\/span><span style=\"font-size: 14px;\">15 min. (I tillegg til anna behandling)<\/span><\/td>\n<td style=\"width: 79.3125px; height: 77px;\">fr\u00e5<\/td>\n<td style=\"width: 163.648px; height: 77px;\">\u00a0350 &#8211; 390,-<\/td>\n<\/tr>\n<tr style=\"height: 103px;\">\n<td style=\"width: 266.039px; height: 78px;\" height=\"33\">SIGNATUR-BEHANDLING: Oljeh\u00e5rspa m. aromaoljer og hodebunnsmassasje<\/td>\n<td style=\"width: 79.3125px; height: 78px;\">fr\u00e5<\/td>\n<td style=\"width: 163.648px; height: 78px;\">\u00a01240 &#8211; 1760-,<\/td>\n<\/tr>\n<tr style=\"height: 47px;\">\n<td style=\"width: 266.039px; height: 47px;\" height=\"33\"><strong>Brud<\/strong><\/td>\n<td style=\"width: 79.3125px; height: 47px;\"><\/td>\n<td style=\"width: 163.648px; height: 47px;\"><\/td>\n<\/tr>\n<tr style=\"height: 47px;\">\n<td style=\"width: 266.039px; height: 47px;\" height=\"33\">Oppsett m\/make-up<\/td>\n<td style=\"width: 79.3125px; height: 47px;\">fr\u00e5<\/td>\n<td style=\"width: 163.648px; height: 47px;\">\u00a05560 &#8211; 6800,-<\/td>\n<\/tr>\n<tr style=\"height: 47px;\">\n<td style=\"width: 266.039px; height: 47px;\" height=\"33\">Oppsett u\/make-up<\/td>\n<td style=\"width: 79.3125px; height: 47px;\">fr\u00e5<\/td>\n<td style=\"width: 163.648px; height: 47px;\">\u00a04940 &#8211; 5560,-<\/td>\n<\/tr>\n<tr style=\"height: 47px;\">\n<td style=\"width: 266.039px; height: 47px;\" height=\"33\">Pr\u00f8vetime<\/td>\n<td style=\"width: 79.3125px; height: 47px;\">fr\u00e5<\/td>\n<td style=\"width: 163.648px; height: 47px;\">\u00a01665 &#8211; 1865,-<\/td>\n<\/tr>\n<tr style=\"height: 69px;\">\n<td style=\"width: 266.039px; height: 17px;\" height=\"33\"><strong>Extentions (h\u00e5rforlengelse)<\/strong><\/td>\n<td style=\"width: 79.3125px; height: 17px;\"><\/td>\n<td style=\"width: 163.648px; height: 17px;\"><\/td>\n<\/tr>\n<tr style=\"height: 47px;\">\n<td style=\"width: 266.039px; height: 47px;\" height=\"33\">Extentions konsultasjon, pris ved bestilling.<\/td>\n<td style=\"width: 79.3125px; height: 47px;\">fr\u00e5<\/td>\n<td style=\"width: 163.648px; height: 47px;\">\u00a00,-<\/td>\n<\/tr>\n<tr style=\"height: 47px;\">\n<td style=\"width: 266.039px; height: 10px;\" height=\"33\">Heising av extentions<\/td>\n<td style=\"width: 79.3125px; height: 10px;\">fr\u00e5<\/td>\n<td style=\"width: 163.648px; height: 10px;\">\u00a0725 &#8211; 1845,-<\/td>\n<\/tr>\n<\/tbody>\n<\/table>\n<p>&nbsp;<\/p>\n<p>[\/et_pb_text][\/et_pb_column][\/et_pb_row][\/et_pb_section]<\/p>\n","protected":false},"excerpt":{"rendered":"<p>V\u00e5re prisar Dette er fr\u00e5-prisar for Gr\u00fcnerl\u00f8kka og Oslo. \u00a0Fris\u00f8r pris er den som st\u00e5r oppf\u00f8rt her. Senior\/stylist er ca.10% h\u00f8gare. Ring oss eller logg inn p\u00e5 nettbestilling for \u00e5 sj\u00e5 meir detaljer. Balanzera-Kviteseid har ca. 20% l\u00e5gare prisar enn salongane i Oslo grunna l\u00e5gare faste utgifter og tilpassing av prisniv\u00e5 i forhold til distriktet [&hellip;]<\/p>\n","protected":false},"author":1,"featured_media":0,"parent":0,"menu_order":0,"comment_status":"closed","ping_status":"closed","template":"","meta":{"_et_pb_use_builder":"on","_et_pb_old_content":"","_et_gb_content_width":"","footnotes":""},"class_list":["post-119","page","type-page","status-publish","hentry"],"yoast_head":"<!-- This site is optimized with the Yoast SEO plugin v27.4 - https:\/\/yoast.com\/product\/yoast-seo-wordpress\/ -->\n<title>Prisar - Med omtanke for deg og milj\u00f8et<\/title>\n<meta name=\"description\" content=\"Balanzera tilbyr behandlingar av h\u00f8g kvalitet og v\u00e5re prisar inkluderar alltid h\u00e5rvask med ein fantastisk massasje av hovudbotnen\" \/>\n<meta name=\"robots\" content=\"index, follow, max-snippet:-1, max-image-preview:large, max-video-preview:-1\" \/>\n<link rel=\"canonical\" href=\"https:\/\/balanzera.no\/nn\/prisar\/\" \/>\n<meta property=\"og:locale\" content=\"nn_NO\" \/>\n<meta property=\"og:type\" content=\"article\" \/>\n<meta property=\"og:title\" content=\"Prisar - Med omtanke for deg og milj\u00f8et\" \/>\n<meta property=\"og:description\" content=\"Balanzera tilbyr behandlingar av h\u00f8g kvalitet og v\u00e5re prisar inkluderar alltid h\u00e5rvask med ein fantastisk massasje av hovudbotnen\" \/>\n<meta property=\"og:url\" content=\"https:\/\/balanzera.no\/nn\/prisar\/\" \/>\n<meta property=\"og:site_name\" content=\"Med omtanke for deg og milj\u00f8et\" \/>\n<meta property=\"article:publisher\" content=\"https:\/\/www.facebook.com\/Balanzera\/\" \/>\n<meta property=\"article:modified_time\" content=\"2025-09-15T13:56:54+00:00\" \/>\n<meta name=\"twitter:card\" content=\"summary_large_image\" \/>\n<meta name=\"twitter:site\" content=\"@balanzeraas\" \/>\n<meta name=\"twitter:label1\" content=\"Est. reading time\" \/>\n\t<meta name=\"twitter:data1\" content=\"3 minutt\" \/>\n<script type=\"application\/ld+json\" class=\"yoast-schema-graph\">{\"@context\":\"https:\\\/\\\/schema.org\",\"@graph\":[{\"@type\":\"WebPage\",\"@id\":\"https:\\\/\\\/balanzera.no\\\/nn\\\/prisar\\\/\",\"url\":\"https:\\\/\\\/balanzera.no\\\/nn\\\/prisar\\\/\",\"name\":\"Prisar - Med omtanke for deg og milj\u00f8et\",\"isPartOf\":{\"@id\":\"https:\\\/\\\/balanzera.no\\\/#website\"},\"datePublished\":\"2018-09-25T15:14:57+00:00\",\"dateModified\":\"2025-09-15T13:56:54+00:00\",\"description\":\"Balanzera tilbyr behandlingar av h\u00f8g kvalitet og v\u00e5re prisar inkluderar alltid h\u00e5rvask med ein fantastisk massasje av hovudbotnen\",\"breadcrumb\":{\"@id\":\"https:\\\/\\\/balanzera.no\\\/nn\\\/prisar\\\/#breadcrumb\"},\"inLanguage\":\"nn-NO\",\"potentialAction\":[{\"@type\":\"ReadAction\",\"target\":[\"https:\\\/\\\/balanzera.no\\\/nn\\\/prisar\\\/\"]}]},{\"@type\":\"BreadcrumbList\",\"@id\":\"https:\\\/\\\/balanzera.no\\\/nn\\\/prisar\\\/#breadcrumb\",\"itemListElement\":[{\"@type\":\"ListItem\",\"position\":1,\"name\":\"Home\",\"item\":\"https:\\\/\\\/balanzera.no\\\/nn\\\/\"},{\"@type\":\"ListItem\",\"position\":2,\"name\":\"Prisar\"}]},{\"@type\":\"WebSite\",\"@id\":\"https:\\\/\\\/balanzera.no\\\/#website\",\"url\":\"https:\\\/\\\/balanzera.no\\\/\",\"name\":\"Med omtanke for deg og milj\u00f8et\",\"description\":\"\",\"publisher\":{\"@id\":\"https:\\\/\\\/balanzera.no\\\/#organization\"},\"potentialAction\":[{\"@type\":\"SearchAction\",\"target\":{\"@type\":\"EntryPoint\",\"urlTemplate\":\"https:\\\/\\\/balanzera.no\\\/?s={search_term_string}\"},\"query-input\":{\"@type\":\"PropertyValueSpecification\",\"valueRequired\":true,\"valueName\":\"search_term_string\"}}],\"inLanguage\":\"nn-NO\"},{\"@type\":\"Organization\",\"@id\":\"https:\\\/\\\/balanzera.no\\\/#organization\",\"name\":\"Balanzera AS\",\"url\":\"https:\\\/\\\/balanzera.no\\\/\",\"logo\":{\"@type\":\"ImageObject\",\"inLanguage\":\"nn-NO\",\"@id\":\"https:\\\/\\\/balanzera.no\\\/#\\\/schema\\\/logo\\\/image\\\/\",\"url\":\"https:\\\/\\\/balanzera.no\\\/wp-content\\\/uploads\\\/2018\\\/09\\\/Hvit1_BZ_Logo_Nett.jpg\",\"contentUrl\":\"https:\\\/\\\/balanzera.no\\\/wp-content\\\/uploads\\\/2018\\\/09\\\/Hvit1_BZ_Logo_Nett.jpg\",\"width\":842,\"height\":842,\"caption\":\"Balanzera AS\"},\"image\":{\"@id\":\"https:\\\/\\\/balanzera.no\\\/#\\\/schema\\\/logo\\\/image\\\/\"},\"sameAs\":[\"https:\\\/\\\/www.facebook.com\\\/Balanzera\\\/\",\"https:\\\/\\\/x.com\\\/balanzeraas\",\"https:\\\/\\\/www.instagram.com\\\/balanzera\\\/\"]}]}<\/script>\n<!-- \/ Yoast SEO plugin. -->","yoast_head_json":{"title":"Prisar - Med omtanke for deg og milj\u00f8et","description":"Balanzera tilbyr behandlingar av h\u00f8g kvalitet og v\u00e5re prisar inkluderar alltid h\u00e5rvask med ein fantastisk massasje av hovudbotnen","robots":{"index":"index","follow":"follow","max-snippet":"max-snippet:-1","max-image-preview":"max-image-preview:large","max-video-preview":"max-video-preview:-1"},"canonical":"https:\/\/balanzera.no\/nn\/prisar\/","og_locale":"nn_NO","og_type":"article","og_title":"Prisar - Med omtanke for deg og milj\u00f8et","og_description":"Balanzera tilbyr behandlingar av h\u00f8g kvalitet og v\u00e5re prisar inkluderar alltid h\u00e5rvask med ein fantastisk massasje av hovudbotnen","og_url":"https:\/\/balanzera.no\/nn\/prisar\/","og_site_name":"Med omtanke for deg og milj\u00f8et","article_publisher":"https:\/\/www.facebook.com\/Balanzera\/","article_modified_time":"2025-09-15T13:56:54+00:00","twitter_card":"summary_large_image","twitter_site":"@balanzeraas","twitter_misc":{"Est. reading time":"3 minutt"},"schema":{"@context":"https:\/\/schema.org","@graph":[{"@type":"WebPage","@id":"https:\/\/balanzera.no\/nn\/prisar\/","url":"https:\/\/balanzera.no\/nn\/prisar\/","name":"Prisar - Med omtanke for deg og milj\u00f8et","isPartOf":{"@id":"https:\/\/balanzera.no\/#website"},"datePublished":"2018-09-25T15:14:57+00:00","dateModified":"2025-09-15T13:56:54+00:00","description":"Balanzera tilbyr behandlingar av h\u00f8g kvalitet og v\u00e5re prisar inkluderar alltid h\u00e5rvask med ein fantastisk massasje av hovudbotnen","breadcrumb":{"@id":"https:\/\/balanzera.no\/nn\/prisar\/#breadcrumb"},"inLanguage":"nn-NO","potentialAction":[{"@type":"ReadAction","target":["https:\/\/balanzera.no\/nn\/prisar\/"]}]},{"@type":"BreadcrumbList","@id":"https:\/\/balanzera.no\/nn\/prisar\/#breadcrumb","itemListElement":[{"@type":"ListItem","position":1,"name":"Home","item":"https:\/\/balanzera.no\/nn\/"},{"@type":"ListItem","position":2,"name":"Prisar"}]},{"@type":"WebSite","@id":"https:\/\/balanzera.no\/#website","url":"https:\/\/balanzera.no\/","name":"Med omtanke for deg og milj\u00f8et","description":"","publisher":{"@id":"https:\/\/balanzera.no\/#organization"},"potentialAction":[{"@type":"SearchAction","target":{"@type":"EntryPoint","urlTemplate":"https:\/\/balanzera.no\/?s={search_term_string}"},"query-input":{"@type":"PropertyValueSpecification","valueRequired":true,"valueName":"search_term_string"}}],"inLanguage":"nn-NO"},{"@type":"Organization","@id":"https:\/\/balanzera.no\/#organization","name":"Balanzera AS","url":"https:\/\/balanzera.no\/","logo":{"@type":"ImageObject","inLanguage":"nn-NO","@id":"https:\/\/balanzera.no\/#\/schema\/logo\/image\/","url":"https:\/\/balanzera.no\/wp-content\/uploads\/2018\/09\/Hvit1_BZ_Logo_Nett.jpg","contentUrl":"https:\/\/balanzera.no\/wp-content\/uploads\/2018\/09\/Hvit1_BZ_Logo_Nett.jpg","width":842,"height":842,"caption":"Balanzera AS"},"image":{"@id":"https:\/\/balanzera.no\/#\/schema\/logo\/image\/"},"sameAs":["https:\/\/www.facebook.com\/Balanzera\/","https:\/\/x.com\/balanzeraas","https:\/\/www.instagram.com\/balanzera\/"]}]}},"_links":{"self":[{"href":"http:\/\/balanzera.no\/nn\/wp-json\/wp\/v2\/pages\/119","targetHints":{"allow":["GET"]}}],"collection":[{"href":"http:\/\/balanzera.no\/nn\/wp-json\/wp\/v2\/pages"}],"about":[{"href":"http:\/\/balanzera.no\/nn\/wp-json\/wp\/v2\/types\/page"}],"author":[{"embeddable":true,"href":"http:\/\/balanzera.no\/nn\/wp-json\/wp\/v2\/users\/1"}],"replies":[{"embeddable":true,"href":"http:\/\/balanzera.no\/nn\/wp-json\/wp\/v2\/comments?post=119"}],"version-history":[{"count":28,"href":"http:\/\/balanzera.no\/nn\/wp-json\/wp\/v2\/pages\/119\/revisions"}],"predecessor-version":[{"id":872,"href":"http:\/\/balanzera.no\/nn\/wp-json\/wp\/v2\/pages\/119\/revisions\/872"}],"wp:attachment":[{"href":"http:\/\/balanzera.no\/nn\/wp-json\/wp\/v2\/media?parent=119"}],"curies":[{"name":"wp","href":"https:\/\/api.w.org\/{rel}","templated":true}]}}